{"id":12235,"date":"2019-11-30T15:19:09","date_gmt":"2019-11-30T14:19:09","guid":{"rendered":"https:\/\/thecamels.org\/?page_id=12235"},"modified":"2021-12-01T11:07:57","modified_gmt":"2021-12-01T10:07:57","slug":"affiliate-programme","status":"publish","type":"page","link":"https:\/\/thecamels.org\/en\/affiliate-programme\/","title":{"rendered":"Affiliate programme"},"content":{"rendered":"\n<h2 class=\"wp-block-heading\">Make money with Thecamels<\/h2>\n\n\n\n<p>If you think we&#8217;re doing a great job, you can recommend our services in exchange for what you want, we&#8217;ll reward you with a cash benefit. We have prepared our partnership program for both companies and individuals.<\/p>\n\n\n\n<div style=\"height:40px\" aria-hidden=\"true\" class=\"wp-block-spacer\"><\/div>\n\n\n\n    <ol\n        id=\"block-offer-basic-block_600c9055d359c\"\n        class=\"block-offer  block-offer-basic\">\n                    <li class=\"block-offer-element\">\n                <div class=\"offer-icon\">\n                    <svg class=\"icon\">\n                        <use xlink:href=\"https:\/\/thecamels.org\/wp-content\/themes\/thecamels\/images\/svg\/svg-map.svg#hosting\"><\/use>\n                    <\/svg>\n                <\/div>\n                <h3 class=\"block-offer-element-heading heading-medium with-hashtag\">\n                    Become a partner                <\/h3>\n                <p class=\"block-offer-element-text\">\n                     In order to earn money on our services, you just need to create an account and join the affiliate program in the customer panel.                <\/p>\n                            <\/li>\n                    <li class=\"block-offer-element\">\n                <div class=\"offer-icon\">\n                    <svg class=\"icon\">\n                        <use xlink:href=\"https:\/\/thecamels.org\/wp-content\/themes\/thecamels\/images\/svg\/svg-map.svg#hosting\"><\/use>\n                    <\/svg>\n                <\/div>\n                <h3 class=\"block-offer-element-heading heading-medium with-hashtag\">\n                    Monitor your profits                <\/h3>\n                <p class=\"block-offer-element-text\">\n                    You can monitor all conversions, entries and current account balance in the customer panel.                <\/p>\n                            <\/li>\n                    <li class=\"block-offer-element\">\n                <div class=\"offer-icon\">\n                    <svg class=\"icon\">\n                        <use xlink:href=\"https:\/\/thecamels.org\/wp-content\/themes\/thecamels\/images\/svg\/svg-map.svg#hosting\"><\/use>\n                    <\/svg>\n                <\/div>\n                <h3 class=\"block-offer-element-heading heading-medium with-hashtag\">\n                    Clear rules                <\/h3>\n                <p class=\"block-offer-element-text\">\n                    Simple terms of cooperation, clear rules and commission of up to 10% for referred services.                <\/p>\n                            <\/li>\n            <\/ol>\n\n\n\n<h2 class=\"wp-block-heading\">Making a simple profit<\/h2>\n\n\n\n<p>Find your unique link in the customer panel in the Affiliate Program tab. Use it to recommend our services and collect commission from the recommended service. It&#8217;s so easy!<\/p>\n\n\n\n<p>You do not need to be a customer and have an active service to benefit from the affiliate program. All you need to do is to have an account in the <a target=\"_blank\" rel=\"noopener noreferrer\" href=\"https:\/\/panel.thecamels.org\/register.php?language=english\"><span>customer panel<\/span><\/a> and activate your participation in the program.<\/p>\n\n\n\n<p>Details are described in the <a href=\"https:\/\/thecamels.org\/en\/terms-and-conditions\/\"><span>terms and conditions<\/span><\/a>.<\/p>\n","protected":false},"excerpt":{"rendered":"<p>Make money with Thecamels If you think we&#8217;re doing a great job, you can recommend our services in exchange for what you want, we&#8217;ll reward you with a cash benefit. We have prepared our partnership program for both companies and individuals. Making a simple profit Find your unique link in the customer panel in the&hellip;<\/p>\n","protected":false},"author":1,"featured_media":16227,"parent":0,"menu_order":47,"comment_status":"closed","ping_status":"closed","template":"","meta":{"_acf_changed":false,"footnotes":""},"class_list":["post-12235","page","type-page","status-publish","has-post-thumbnail","hentry"],"acf":[],"yoast_head":"<!-- This site is optimized with the Yoast SEO plugin v27.3 - https:\/\/yoast.com\/product\/yoast-seo-wordpress\/ -->\n<title>Affiliate programme - Thecamels.org<\/title>\n<meta name=\"description\" content=\"If you think we&#039;re doing a great job, you can recommend our services in exchange for what you want, we&#039;ll reward you with a cash benefit.\" \/>\n<meta name=\"robots\" content=\"index, follow, max-snippet:-1, max-image-preview:large, max-video-preview:-1\" \/>\n<link rel=\"canonical\" href=\"https:\/\/thecamels.org\/en\/affiliate-programme\/\" \/>\n<meta property=\"og:locale\" content=\"en_US\" \/>\n<meta property=\"og:type\" content=\"article\" \/>\n<meta property=\"og:title\" content=\"Affiliate programme - Thecamels.org\" \/>\n<meta property=\"og:description\" content=\"If you think we&#039;re doing a great job, you can recommend our services in exchange for what you want, we&#039;ll reward you with a cash benefit.\" \/>\n<meta property=\"og:url\" content=\"https:\/\/thecamels.org\/en\/affiliate-programme\/?utm_source=dark&amp;utm_medium=social&amp;utm_campaign=open-graph\" \/>\n<meta property=\"og:site_name\" content=\"Thecamels.org\" \/>\n<meta property=\"article:publisher\" content=\"https:\/\/www.facebook.com\/thecamels.org\/\" \/>\n<meta property=\"article:modified_time\" content=\"2021-12-01T10:07:57+00:00\" \/>\n<meta property=\"og:image\" content=\"https:\/\/thecamels.org\/wp-content\/uploads\/2020\/12\/affiliate-programme.png\" \/>\n\t<meta property=\"og:image:width\" content=\"1200\" \/>\n\t<meta property=\"og:image:height\" content=\"627\" \/>\n\t<meta property=\"og:image:type\" content=\"image\/png\" \/>\n<meta name=\"twitter:card\" content=\"summary_large_image\" \/>\n<meta name=\"twitter:site\" content=\"@thecamelsorg\" \/>\n<meta name=\"twitter:label1\" content=\"Est. reading time\" \/>\n\t<meta name=\"twitter:data1\" content=\"1 minute\" \/>\n<script type=\"application\/ld+json\" class=\"yoast-schema-graph\">{\"@context\":\"https:\\\/\\\/schema.org\",\"@graph\":[{\"@type\":\"WebPage\",\"@id\":\"https:\\\/\\\/thecamels.org\\\/en\\\/affiliate-programme\\\/\",\"url\":\"https:\\\/\\\/thecamels.org\\\/en\\\/affiliate-programme\\\/\",\"name\":\"Affiliate programme - Thecamels.org\",\"isPartOf\":{\"@id\":\"https:\\\/\\\/thecamels.org\\\/en\\\/#website\"},\"primaryImageOfPage\":{\"@id\":\"https:\\\/\\\/thecamels.org\\\/en\\\/affiliate-programme\\\/#primaryimage\"},\"image\":{\"@id\":\"https:\\\/\\\/thecamels.org\\\/en\\\/affiliate-programme\\\/#primaryimage\"},\"thumbnailUrl\":\"https:\\\/\\\/thecamels.org\\\/wp-content\\\/uploads\\\/2020\\\/12\\\/affiliate-programme.png\",\"datePublished\":\"2019-11-30T14:19:09+00:00\",\"dateModified\":\"2021-12-01T10:07:57+00:00\",\"description\":\"If you think we're doing a great job, you can recommend our services in exchange for what you want, we'll reward you with a cash benefit.\",\"breadcrumb\":{\"@id\":\"https:\\\/\\\/thecamels.org\\\/en\\\/affiliate-programme\\\/#breadcrumb\"},\"inLanguage\":\"en-US\",\"potentialAction\":[{\"@type\":\"ReadAction\",\"target\":[\"https:\\\/\\\/thecamels.org\\\/en\\\/affiliate-programme\\\/\"]}]},{\"@type\":\"ImageObject\",\"inLanguage\":\"en-US\",\"@id\":\"https:\\\/\\\/thecamels.org\\\/en\\\/affiliate-programme\\\/#primaryimage\",\"url\":\"https:\\\/\\\/thecamels.org\\\/wp-content\\\/uploads\\\/2020\\\/12\\\/affiliate-programme.png\",\"contentUrl\":\"https:\\\/\\\/thecamels.org\\\/wp-content\\\/uploads\\\/2020\\\/12\\\/affiliate-programme.png\",\"width\":1200,\"height\":627,\"caption\":\"Affiliate programme\"},{\"@type\":\"BreadcrumbList\",\"@id\":\"https:\\\/\\\/thecamels.org\\\/en\\\/affiliate-programme\\\/#breadcrumb\",\"itemListElement\":[{\"@type\":\"ListItem\",\"position\":1,\"name\":\"[HOME]\",\"item\":\"https:\\\/\\\/thecamels.org\\\/en\\\/\"},{\"@type\":\"ListItem\",\"position\":2,\"name\":\"Affiliate programme\"}]},{\"@type\":\"WebSite\",\"@id\":\"https:\\\/\\\/thecamels.org\\\/en\\\/#website\",\"url\":\"https:\\\/\\\/thecamels.org\\\/en\\\/\",\"name\":\"Thecamels.org\",\"description\":\"Hosting SSD NVMe z certyfikatem SSL i HTTP\\\/2. Administracja serwerami, skalowanie infrastruktury. Mamy g\u0142ow\u0119 do serwer\u00f3w i zadbamy o Twoj\u0105 stron\u0119 w sieci.\",\"publisher\":{\"@id\":\"https:\\\/\\\/thecamels.org\\\/en\\\/#organization\"},\"potentialAction\":[{\"@type\":\"SearchAction\",\"target\":{\"@type\":\"EntryPoint\",\"urlTemplate\":\"https:\\\/\\\/thecamels.org\\\/en\\\/?s={search_term_string}\"},\"query-input\":{\"@type\":\"PropertyValueSpecification\",\"valueRequired\":true,\"valueName\":\"search_term_string\"}}],\"inLanguage\":\"en-US\"},{\"@type\":\"Organization\",\"@id\":\"https:\\\/\\\/thecamels.org\\\/en\\\/#organization\",\"name\":\"Thecamels\",\"url\":\"https:\\\/\\\/thecamels.org\\\/en\\\/\",\"logo\":{\"@type\":\"ImageObject\",\"inLanguage\":\"en-US\",\"@id\":\"https:\\\/\\\/thecamels.org\\\/en\\\/#\\\/schema\\\/logo\\\/image\\\/\",\"url\":\"https:\\\/\\\/thecamels.org\\\/wp-content\\\/uploads\\\/2018\\\/09\\\/TC-logo-nowe.png\",\"contentUrl\":\"https:\\\/\\\/thecamels.org\\\/wp-content\\\/uploads\\\/2018\\\/09\\\/TC-logo-nowe.png\",\"width\":826,\"height\":106,\"caption\":\"Thecamels\"},\"image\":{\"@id\":\"https:\\\/\\\/thecamels.org\\\/en\\\/#\\\/schema\\\/logo\\\/image\\\/\"},\"sameAs\":[\"https:\\\/\\\/www.facebook.com\\\/thecamels.org\\\/\",\"https:\\\/\\\/x.com\\\/thecamelsorg\",\"https:\\\/\\\/www.linkedin.com\\\/company\\\/the-camels\",\"https:\\\/\\\/www.youtube.com\\\/channel\\\/UC01xYBZbIAApTuPWuqgGE4Q\"]}]}<\/script>\n<!-- \/ Yoast SEO plugin. -->","yoast_head_json":{"title":"Affiliate programme - Thecamels.org","description":"If you think we're doing a great job, you can recommend our services in exchange for what you want, we'll reward you with a cash benefit.","robots":{"index":"index","follow":"follow","max-snippet":"max-snippet:-1","max-image-preview":"max-image-preview:large","max-video-preview":"max-video-preview:-1"},"canonical":"https:\/\/thecamels.org\/en\/affiliate-programme\/","og_locale":"en_US","og_type":"article","og_title":"Affiliate programme - Thecamels.org","og_description":"If you think we're doing a great job, you can recommend our services in exchange for what you want, we'll reward you with a cash benefit.","og_url":"https:\/\/thecamels.org\/en\/affiliate-programme\/?utm_source=dark&utm_medium=social&utm_campaign=open-graph","og_site_name":"Thecamels.org","article_publisher":"https:\/\/www.facebook.com\/thecamels.org\/","article_modified_time":"2021-12-01T10:07:57+00:00","og_image":[{"width":1200,"height":627,"url":"https:\/\/thecamels.org\/wp-content\/uploads\/2020\/12\/affiliate-programme.png","type":"image\/png"}],"twitter_card":"summary_large_image","twitter_site":"@thecamelsorg","twitter_misc":{"Est. reading time":"1 minute"},"schema":{"@context":"https:\/\/schema.org","@graph":[{"@type":"WebPage","@id":"https:\/\/thecamels.org\/en\/affiliate-programme\/","url":"https:\/\/thecamels.org\/en\/affiliate-programme\/","name":"Affiliate programme - Thecamels.org","isPartOf":{"@id":"https:\/\/thecamels.org\/en\/#website"},"primaryImageOfPage":{"@id":"https:\/\/thecamels.org\/en\/affiliate-programme\/#primaryimage"},"image":{"@id":"https:\/\/thecamels.org\/en\/affiliate-programme\/#primaryimage"},"thumbnailUrl":"https:\/\/thecamels.org\/wp-content\/uploads\/2020\/12\/affiliate-programme.png","datePublished":"2019-11-30T14:19:09+00:00","dateModified":"2021-12-01T10:07:57+00:00","description":"If you think we're doing a great job, you can recommend our services in exchange for what you want, we'll reward you with a cash benefit.","breadcrumb":{"@id":"https:\/\/thecamels.org\/en\/affiliate-programme\/#breadcrumb"},"inLanguage":"en-US","potentialAction":[{"@type":"ReadAction","target":["https:\/\/thecamels.org\/en\/affiliate-programme\/"]}]},{"@type":"ImageObject","inLanguage":"en-US","@id":"https:\/\/thecamels.org\/en\/affiliate-programme\/#primaryimage","url":"https:\/\/thecamels.org\/wp-content\/uploads\/2020\/12\/affiliate-programme.png","contentUrl":"https:\/\/thecamels.org\/wp-content\/uploads\/2020\/12\/affiliate-programme.png","width":1200,"height":627,"caption":"Affiliate programme"},{"@type":"BreadcrumbList","@id":"https:\/\/thecamels.org\/en\/affiliate-programme\/#breadcrumb","itemListElement":[{"@type":"ListItem","position":1,"name":"[HOME]","item":"https:\/\/thecamels.org\/en\/"},{"@type":"ListItem","position":2,"name":"Affiliate programme"}]},{"@type":"WebSite","@id":"https:\/\/thecamels.org\/en\/#website","url":"https:\/\/thecamels.org\/en\/","name":"Thecamels.org","description":"Hosting SSD NVMe z certyfikatem SSL i HTTP\/2. Administracja serwerami, skalowanie infrastruktury. Mamy g\u0142ow\u0119 do serwer\u00f3w i zadbamy o Twoj\u0105 stron\u0119 w sieci.","publisher":{"@id":"https:\/\/thecamels.org\/en\/#organization"},"potentialAction":[{"@type":"SearchAction","target":{"@type":"EntryPoint","urlTemplate":"https:\/\/thecamels.org\/en\/?s={search_term_string}"},"query-input":{"@type":"PropertyValueSpecification","valueRequired":true,"valueName":"search_term_string"}}],"inLanguage":"en-US"},{"@type":"Organization","@id":"https:\/\/thecamels.org\/en\/#organization","name":"Thecamels","url":"https:\/\/thecamels.org\/en\/","logo":{"@type":"ImageObject","inLanguage":"en-US","@id":"https:\/\/thecamels.org\/en\/#\/schema\/logo\/image\/","url":"https:\/\/thecamels.org\/wp-content\/uploads\/2018\/09\/TC-logo-nowe.png","contentUrl":"https:\/\/thecamels.org\/wp-content\/uploads\/2018\/09\/TC-logo-nowe.png","width":826,"height":106,"caption":"Thecamels"},"image":{"@id":"https:\/\/thecamels.org\/en\/#\/schema\/logo\/image\/"},"sameAs":["https:\/\/www.facebook.com\/thecamels.org\/","https:\/\/x.com\/thecamelsorg","https:\/\/www.linkedin.com\/company\/the-camels","https:\/\/www.youtube.com\/channel\/UC01xYBZbIAApTuPWuqgGE4Q"]}]}},"_links":{"self":[{"href":"https:\/\/thecamels.org\/en\/wp-json\/wp\/v2\/pages\/12235","targetHints":{"allow":["GET"]}}],"collection":[{"href":"https:\/\/thecamels.org\/en\/wp-json\/wp\/v2\/pages"}],"about":[{"href":"https:\/\/thecamels.org\/en\/wp-json\/wp\/v2\/types\/page"}],"author":[{"embeddable":true,"href":"https:\/\/thecamels.org\/en\/wp-json\/wp\/v2\/users\/1"}],"replies":[{"embeddable":true,"href":"https:\/\/thecamels.org\/en\/wp-json\/wp\/v2\/comments?post=12235"}],"version-history":[{"count":5,"href":"https:\/\/thecamels.org\/en\/wp-json\/wp\/v2\/pages\/12235\/revisions"}],"predecessor-version":[{"id":26823,"href":"https:\/\/thecamels.org\/en\/wp-json\/wp\/v2\/pages\/12235\/revisions\/26823"}],"wp:featuredmedia":[{"embeddable":true,"href":"https:\/\/thecamels.org\/en\/wp-json\/wp\/v2\/media\/16227"}],"wp:attachment":[{"href":"https:\/\/thecamels.org\/en\/wp-json\/wp\/v2\/media?parent=12235"}],"curies":[{"name":"wp","href":"https:\/\/api.w.org\/{rel}","templated":true}]}}