{"id":12455,"date":"2019-12-15T10:31:07","date_gmt":"2019-12-15T09:31:07","guid":{"rendered":"https:\/\/thecamels.org\/?page_id=12455"},"modified":"2021-01-31T16:33:47","modified_gmt":"2021-01-31T15:33:47","slug":"aws-administration","status":"publish","type":"page","link":"https:\/\/thecamels.org\/en\/aws-administration\/","title":{"rendered":"AWS administration"},"content":{"rendered":"\n<h2 class=\"wp-block-heading\">Move your services to the AWS cloud<\/h2>\n\n\n\n<p>Our administrators will help you move your application to the AWS cloud. We will design solutions, select and prepare individual elements and finally we will take care of the maintenance and monitoring of the entire environment.<\/p>\n\n\n\n<div style=\"height:60px\" aria-hidden=\"true\" class=\"wp-block-spacer\"><\/div>\n\n\n\n    <ol\n        id=\"block-offer-basic-block_600bf7b6135b1\"\n        class=\"block-offer  block-offer-basic\">\n                    <li class=\"block-offer-element\">\n                <div class=\"offer-icon\">\n                    <svg class=\"icon\">\n                        <use xlink:href=\"https:\/\/thecamels.org\/wp-content\/themes\/thecamels\/images\/svg\/svg-map.svg#banknote\"><\/use>\n                    <\/svg>\n                <\/div>\n                <h3 class=\"block-offer-element-heading heading-medium with-hashtag\">\n                    Costs                <\/h3>\n                <p class=\"block-offer-element-text\">\n                    Reduce infrastucture costs by taking advantage of automatic scaling of cloud services.                <\/p>\n                            <\/li>\n                    <li class=\"block-offer-element\">\n                <div class=\"offer-icon\">\n                    <svg class=\"icon\">\n                        <use xlink:href=\"https:\/\/thecamels.org\/wp-content\/themes\/thecamels\/images\/svg\/svg-map.svg#bar-chart\"><\/use>\n                    <\/svg>\n                <\/div>\n                <h3 class=\"block-offer-element-heading heading-medium with-hashtag\">\n                    Scalability                <\/h3>\n                <p class=\"block-offer-element-text\">\n                    We will prepare the site for vertical and horizontal scaling. The infrastructure will be ready for more traffic.                <\/p>\n                            <\/li>\n                    <li class=\"block-offer-element\">\n                <div class=\"offer-icon\">\n                    <svg class=\"icon\">\n                        <use xlink:href=\"https:\/\/thecamels.org\/wp-content\/themes\/thecamels\/images\/svg\/svg-map.svg#document\"><\/use>\n                    <\/svg>\n                <\/div>\n                <h3 class=\"block-offer-element-heading heading-medium with-hashtag\">\n                    Disaster Recovery                <\/h3>\n                <p class=\"block-offer-element-text\">\n                    We design solutions with Disaster Recovery in mind, using automation and IaaC.                <\/p>\n                            <\/li>\n            <\/ol>\n\n\n\n<p>Do you want to use the cloud but don&#8217;t know how to create and manage your architecture in AWS? Don&#8217;t worry, we&#8217;ll take care of setting everything up, the migration process, and managing the cloud. We will create process automation and describe the infrastructure as code.<\/p>\n\n\n\n<h2 class=\"wp-block-heading\">Start using the AWS cloud<\/h2>\n\n\n\n<div class=\"wpcf7 no-js\" id=\"wpcf7-f8039-o1\" lang=\"pl-PL\" dir=\"ltr\" data-wpcf7-id=\"8039\">\n<div class=\"screen-reader-response\"><p role=\"status\" aria-live=\"polite\" aria-atomic=\"true\"><\/p> <ul><\/ul><\/div>\n<form action=\"\/en\/wp-json\/wp\/v2\/pages\/12455#wpcf7-f8039-o1\" method=\"post\" class=\"wpcf7-form init\" aria-label=\"Formularz kontaktowy\" novalidate=\"novalidate\" data-status=\"init\">\n<fieldset class=\"hidden-fields-container\"><input type=\"hidden\" name=\"_wpcf7\" value=\"8039\" \/><input type=\"hidden\" name=\"_wpcf7_version\" value=\"6.1.5\" \/><input type=\"hidden\" name=\"_wpcf7_locale\" value=\"pl_PL\" \/><input type=\"hidden\" name=\"_wpcf7_unit_tag\" value=\"wpcf7-f8039-o1\" \/><input type=\"hidden\" name=\"_wpcf7_container_post\" value=\"0\" \/><input type=\"hidden\" name=\"_wpcf7_posted_data_hash\" value=\"\" \/><input type=\"hidden\" name=\"_wpcf7cf_hidden_group_fields\" value=\"[]\" \/><input type=\"hidden\" name=\"_wpcf7cf_hidden_groups\" value=\"[]\" \/><input type=\"hidden\" name=\"_wpcf7cf_visible_groups\" value=\"[]\" \/><input type=\"hidden\" name=\"_wpcf7cf_repeaters\" value=\"[]\" \/><input type=\"hidden\" name=\"_wpcf7cf_steps\" value=\"{}\" \/><input type=\"hidden\" name=\"_wpcf7cf_options\" value=\"{&quot;form_id&quot;:8039,&quot;conditions&quot;:[],&quot;settings&quot;:{&quot;animation&quot;:&quot;yes&quot;,&quot;animation_intime&quot;:200,&quot;animation_outtime&quot;:200,&quot;conditions_ui&quot;:&quot;normal&quot;,&quot;notice_dismissed&quot;:true,&quot;notice_dismissed_rollback-cf7-5.5.2&quot;:true,&quot;notice_dismissed_rollback-cf7-5.6&quot;:true}}\" \/>\n<\/fieldset>\n<p><label>First and last name or company name: <em>*<\/em><br \/>\n<span class=\"wpcf7-form-control-wrap\" data-name=\"your-name\"><input size=\"40\" maxlength=\"400\" class=\"wpcf7-form-control wpcf7-text wpcf7-validates-as-required\" aria-required=\"true\" aria-invalid=\"false\" placeholder=\"Here goes your name or company name\" value=\"\" type=\"text\" name=\"your-name\" \/><\/span> <\/label>\n<\/p>\n<p><label>E-mail address: <em>*<\/em><br \/>\n<span class=\"wpcf7-form-control-wrap\" data-name=\"your-email\"><input size=\"40\" maxlength=\"400\" class=\"wpcf7-form-control wpcf7-email wpcf7-validates-as-required wpcf7-text wpcf7-validates-as-email\" aria-required=\"true\" aria-invalid=\"false\" placeholder=\"Here goes your e-mail address\" value=\"\" type=\"email\" name=\"your-email\" \/><\/span> <\/label>\n<\/p>\n<p><label>Phone: <em>*<\/em><br \/>\n<span class=\"wpcf7-form-control-wrap\" data-name=\"your-phone\"><input size=\"40\" maxlength=\"400\" class=\"wpcf7-form-control wpcf7-tel wpcf7-validates-as-required wpcf7-text wpcf7-validates-as-tel\" aria-required=\"true\" aria-invalid=\"false\" placeholder=\"Here goes your phone number\" value=\"\" type=\"tel\" name=\"your-phone\" \/><\/span> <\/label>\n<\/p>\n<p><label>Message content:<br \/>\n<span class=\"wpcf7-form-control-wrap\" data-name=\"your-message\"><textarea cols=\"40\" rows=\"10\" maxlength=\"2000\" class=\"wpcf7-form-control wpcf7-textarea\" aria-invalid=\"false\" placeholder=\"Here goes content of your message\" name=\"your-message\"><\/textarea><\/span> <\/label>\n<\/p>\n<div class=\"schowanko\">\n\t<p><label for=\"field-topic\">Message subject*<\/label><br \/>\n<input name=\"topic\" type=\"text\" id=\"topic\" tabindex=\"-1\" autocomplete=\"nope\" \/>\n\t<\/p>\n<\/div>\n<p><span class=\"wpcf7-form-control-wrap\" data-name=\"rodo-consent\"><span class=\"wpcf7-form-control wpcf7-acceptance\"><span class=\"wpcf7-list-item\"><label><input type=\"checkbox\" name=\"rodo-consent\" value=\"1\" aria-invalid=\"false\" \/><span class=\"wpcf7-list-item-label\">The personal data provided in the form will be processed for the purpose of handling correspondence and will be administered by Thecamels. For more information, please see <a href=\"https:\/\/thecamels.org\/en\/terms-and-conditions\/privacy-and-cookie-policy\/\">privacy and cookie policy<\/a>.<\/span><\/label><\/span><\/span><\/span>\n<\/p>\n<p><input class=\"wpcf7-form-control wpcf7-submit has-spinner btn btn-primary btn-big\" id=\"btnLead\" type=\"submit\" value=\"Send\" \/>\n<\/p><div class=\"wpcf7-response-output\" aria-hidden=\"true\"><\/div>\n<\/form>\n<\/div>\n\n","protected":false},"excerpt":{"rendered":"<p>Move your services to the AWS cloud Our administrators will help you move your application to the AWS cloud. We will design solutions, select and prepare individual elements and finally we will take care of the maintenance and monitoring of the entire environment. Do you want to use the cloud but don&#8217;t know how to&hellip;<\/p>\n","protected":false},"author":1,"featured_media":16120,"parent":0,"menu_order":2,"comment_status":"closed","ping_status":"closed","template":"","meta":{"_acf_changed":false,"footnotes":""},"class_list":["post-12455","page","type-page","status-publish","has-post-thumbnail","hentry"],"acf":[],"yoast_head":"<!-- This site is optimized with the Yoast SEO plugin v27.5 - https:\/\/yoast.com\/product\/yoast-seo-wordpress\/ -->\n<title>AWS administration - Thecamels.org<\/title>\n<meta name=\"description\" content=\"Looking for a scalable and efficient cloud environment? AWS is the solution. Our AWS administration will allow you to migrate to the cloud without any problems.\" \/>\n<meta name=\"robots\" content=\"index, follow, max-snippet:-1, max-image-preview:large, max-video-preview:-1\" \/>\n<link rel=\"canonical\" href=\"https:\/\/thecamels.org\/en\/aws-administration\/\" \/>\n<meta property=\"og:locale\" content=\"en_US\" \/>\n<meta property=\"og:type\" content=\"article\" \/>\n<meta property=\"og:title\" content=\"AWS administration - Thecamels.org\" \/>\n<meta property=\"og:description\" content=\"Looking for a scalable and efficient cloud environment? AWS is the solution. Our AWS administration will allow you to migrate to the cloud without any problems.\" \/>\n<meta property=\"og:url\" content=\"https:\/\/thecamels.org\/en\/aws-administration\/?utm_source=dark&amp;utm_medium=social&amp;utm_campaign=open-graph\" \/>\n<meta property=\"og:site_name\" content=\"Thecamels.org\" \/>\n<meta property=\"article:publisher\" content=\"https:\/\/www.facebook.com\/thecamels.org\/\" \/>\n<meta property=\"article:modified_time\" content=\"2021-01-31T15:33:47+00:00\" \/>\n<meta property=\"og:image\" content=\"https:\/\/thecamels.org\/wp-content\/uploads\/2020\/12\/aws-administration.png\" \/>\n\t<meta property=\"og:image:width\" content=\"1200\" \/>\n\t<meta property=\"og:image:height\" content=\"627\" \/>\n\t<meta property=\"og:image:type\" content=\"image\/png\" \/>\n<meta name=\"twitter:card\" content=\"summary_large_image\" \/>\n<meta name=\"twitter:site\" content=\"@thecamelsorg\" \/>\n<meta name=\"twitter:label1\" content=\"Est. reading time\" \/>\n\t<meta name=\"twitter:data1\" content=\"1 minute\" \/>\n<script type=\"application\/ld+json\" class=\"yoast-schema-graph\">{\"@context\":\"https:\\\/\\\/schema.org\",\"@graph\":[{\"@type\":\"WebPage\",\"@id\":\"https:\\\/\\\/thecamels.org\\\/en\\\/aws-administration\\\/\",\"url\":\"https:\\\/\\\/thecamels.org\\\/en\\\/aws-administration\\\/\",\"name\":\"AWS administration - Thecamels.org\",\"isPartOf\":{\"@id\":\"https:\\\/\\\/thecamels.org\\\/en\\\/#website\"},\"primaryImageOfPage\":{\"@id\":\"https:\\\/\\\/thecamels.org\\\/en\\\/aws-administration\\\/#primaryimage\"},\"image\":{\"@id\":\"https:\\\/\\\/thecamels.org\\\/en\\\/aws-administration\\\/#primaryimage\"},\"thumbnailUrl\":\"https:\\\/\\\/thecamels.org\\\/wp-content\\\/uploads\\\/2020\\\/12\\\/aws-administration.png\",\"datePublished\":\"2019-12-15T09:31:07+00:00\",\"dateModified\":\"2021-01-31T15:33:47+00:00\",\"description\":\"Looking for a scalable and efficient cloud environment? AWS is the solution. Our AWS administration will allow you to migrate to the cloud without any problems.\",\"breadcrumb\":{\"@id\":\"https:\\\/\\\/thecamels.org\\\/en\\\/aws-administration\\\/#breadcrumb\"},\"inLanguage\":\"en-US\",\"potentialAction\":[{\"@type\":\"ReadAction\",\"target\":[\"https:\\\/\\\/thecamels.org\\\/en\\\/aws-administration\\\/\"]}]},{\"@type\":\"ImageObject\",\"inLanguage\":\"en-US\",\"@id\":\"https:\\\/\\\/thecamels.org\\\/en\\\/aws-administration\\\/#primaryimage\",\"url\":\"https:\\\/\\\/thecamels.org\\\/wp-content\\\/uploads\\\/2020\\\/12\\\/aws-administration.png\",\"contentUrl\":\"https:\\\/\\\/thecamels.org\\\/wp-content\\\/uploads\\\/2020\\\/12\\\/aws-administration.png\",\"width\":1200,\"height\":627,\"caption\":\"AWS administration\"},{\"@type\":\"BreadcrumbList\",\"@id\":\"https:\\\/\\\/thecamels.org\\\/en\\\/aws-administration\\\/#breadcrumb\",\"itemListElement\":[{\"@type\":\"ListItem\",\"position\":1,\"name\":\"[HOME]\",\"item\":\"https:\\\/\\\/thecamels.org\\\/en\\\/\"},{\"@type\":\"ListItem\",\"position\":2,\"name\":\"AWS administration\"}]},{\"@type\":\"WebSite\",\"@id\":\"https:\\\/\\\/thecamels.org\\\/en\\\/#website\",\"url\":\"https:\\\/\\\/thecamels.org\\\/en\\\/\",\"name\":\"Thecamels.org\",\"description\":\"Hosting SSD NVMe z certyfikatem SSL i HTTP\\\/2. Administracja serwerami, skalowanie infrastruktury. Mamy g\u0142ow\u0119 do serwer\u00f3w i zadbamy o Twoj\u0105 stron\u0119 w sieci.\",\"publisher\":{\"@id\":\"https:\\\/\\\/thecamels.org\\\/en\\\/#organization\"},\"potentialAction\":[{\"@type\":\"SearchAction\",\"target\":{\"@type\":\"EntryPoint\",\"urlTemplate\":\"https:\\\/\\\/thecamels.org\\\/en\\\/?s={search_term_string}\"},\"query-input\":{\"@type\":\"PropertyValueSpecification\",\"valueRequired\":true,\"valueName\":\"search_term_string\"}}],\"inLanguage\":\"en-US\"},{\"@type\":\"Organization\",\"@id\":\"https:\\\/\\\/thecamels.org\\\/en\\\/#organization\",\"name\":\"Thecamels\",\"url\":\"https:\\\/\\\/thecamels.org\\\/en\\\/\",\"logo\":{\"@type\":\"ImageObject\",\"inLanguage\":\"en-US\",\"@id\":\"https:\\\/\\\/thecamels.org\\\/en\\\/#\\\/schema\\\/logo\\\/image\\\/\",\"url\":\"https:\\\/\\\/thecamels.org\\\/wp-content\\\/uploads\\\/2018\\\/09\\\/TC-logo-nowe.png\",\"contentUrl\":\"https:\\\/\\\/thecamels.org\\\/wp-content\\\/uploads\\\/2018\\\/09\\\/TC-logo-nowe.png\",\"width\":826,\"height\":106,\"caption\":\"Thecamels\"},\"image\":{\"@id\":\"https:\\\/\\\/thecamels.org\\\/en\\\/#\\\/schema\\\/logo\\\/image\\\/\"},\"sameAs\":[\"https:\\\/\\\/www.facebook.com\\\/thecamels.org\\\/\",\"https:\\\/\\\/x.com\\\/thecamelsorg\",\"https:\\\/\\\/www.linkedin.com\\\/company\\\/the-camels\",\"https:\\\/\\\/www.youtube.com\\\/channel\\\/UC01xYBZbIAApTuPWuqgGE4Q\"]}]}<\/script>\n<!-- \/ Yoast SEO plugin. -->","yoast_head_json":{"title":"AWS administration - Thecamels.org","description":"Looking for a scalable and efficient cloud environment? AWS is the solution. Our AWS administration will allow you to migrate to the cloud without any problems.","robots":{"index":"index","follow":"follow","max-snippet":"max-snippet:-1","max-image-preview":"max-image-preview:large","max-video-preview":"max-video-preview:-1"},"canonical":"https:\/\/thecamels.org\/en\/aws-administration\/","og_locale":"en_US","og_type":"article","og_title":"AWS administration - Thecamels.org","og_description":"Looking for a scalable and efficient cloud environment? AWS is the solution. Our AWS administration will allow you to migrate to the cloud without any problems.","og_url":"https:\/\/thecamels.org\/en\/aws-administration\/?utm_source=dark&utm_medium=social&utm_campaign=open-graph","og_site_name":"Thecamels.org","article_publisher":"https:\/\/www.facebook.com\/thecamels.org\/","article_modified_time":"2021-01-31T15:33:47+00:00","og_image":[{"width":1200,"height":627,"url":"https:\/\/thecamels.org\/wp-content\/uploads\/2020\/12\/aws-administration.png","type":"image\/png"}],"twitter_card":"summary_large_image","twitter_site":"@thecamelsorg","twitter_misc":{"Est. reading time":"1 minute"},"schema":{"@context":"https:\/\/schema.org","@graph":[{"@type":"WebPage","@id":"https:\/\/thecamels.org\/en\/aws-administration\/","url":"https:\/\/thecamels.org\/en\/aws-administration\/","name":"AWS administration - Thecamels.org","isPartOf":{"@id":"https:\/\/thecamels.org\/en\/#website"},"primaryImageOfPage":{"@id":"https:\/\/thecamels.org\/en\/aws-administration\/#primaryimage"},"image":{"@id":"https:\/\/thecamels.org\/en\/aws-administration\/#primaryimage"},"thumbnailUrl":"https:\/\/thecamels.org\/wp-content\/uploads\/2020\/12\/aws-administration.png","datePublished":"2019-12-15T09:31:07+00:00","dateModified":"2021-01-31T15:33:47+00:00","description":"Looking for a scalable and efficient cloud environment? AWS is the solution. Our AWS administration will allow you to migrate to the cloud without any problems.","breadcrumb":{"@id":"https:\/\/thecamels.org\/en\/aws-administration\/#breadcrumb"},"inLanguage":"en-US","potentialAction":[{"@type":"ReadAction","target":["https:\/\/thecamels.org\/en\/aws-administration\/"]}]},{"@type":"ImageObject","inLanguage":"en-US","@id":"https:\/\/thecamels.org\/en\/aws-administration\/#primaryimage","url":"https:\/\/thecamels.org\/wp-content\/uploads\/2020\/12\/aws-administration.png","contentUrl":"https:\/\/thecamels.org\/wp-content\/uploads\/2020\/12\/aws-administration.png","width":1200,"height":627,"caption":"AWS administration"},{"@type":"BreadcrumbList","@id":"https:\/\/thecamels.org\/en\/aws-administration\/#breadcrumb","itemListElement":[{"@type":"ListItem","position":1,"name":"[HOME]","item":"https:\/\/thecamels.org\/en\/"},{"@type":"ListItem","position":2,"name":"AWS administration"}]},{"@type":"WebSite","@id":"https:\/\/thecamels.org\/en\/#website","url":"https:\/\/thecamels.org\/en\/","name":"Thecamels.org","description":"Hosting SSD NVMe z certyfikatem SSL i HTTP\/2. Administracja serwerami, skalowanie infrastruktury. Mamy g\u0142ow\u0119 do serwer\u00f3w i zadbamy o Twoj\u0105 stron\u0119 w sieci.","publisher":{"@id":"https:\/\/thecamels.org\/en\/#organization"},"potentialAction":[{"@type":"SearchAction","target":{"@type":"EntryPoint","urlTemplate":"https:\/\/thecamels.org\/en\/?s={search_term_string}"},"query-input":{"@type":"PropertyValueSpecification","valueRequired":true,"valueName":"search_term_string"}}],"inLanguage":"en-US"},{"@type":"Organization","@id":"https:\/\/thecamels.org\/en\/#organization","name":"Thecamels","url":"https:\/\/thecamels.org\/en\/","logo":{"@type":"ImageObject","inLanguage":"en-US","@id":"https:\/\/thecamels.org\/en\/#\/schema\/logo\/image\/","url":"https:\/\/thecamels.org\/wp-content\/uploads\/2018\/09\/TC-logo-nowe.png","contentUrl":"https:\/\/thecamels.org\/wp-content\/uploads\/2018\/09\/TC-logo-nowe.png","width":826,"height":106,"caption":"Thecamels"},"image":{"@id":"https:\/\/thecamels.org\/en\/#\/schema\/logo\/image\/"},"sameAs":["https:\/\/www.facebook.com\/thecamels.org\/","https:\/\/x.com\/thecamelsorg","https:\/\/www.linkedin.com\/company\/the-camels","https:\/\/www.youtube.com\/channel\/UC01xYBZbIAApTuPWuqgGE4Q"]}]}},"_links":{"self":[{"href":"https:\/\/thecamels.org\/en\/wp-json\/wp\/v2\/pages\/12455","targetHints":{"allow":["GET"]}}],"collection":[{"href":"https:\/\/thecamels.org\/en\/wp-json\/wp\/v2\/pages"}],"about":[{"href":"https:\/\/thecamels.org\/en\/wp-json\/wp\/v2\/types\/page"}],"author":[{"embeddable":true,"href":"https:\/\/thecamels.org\/en\/wp-json\/wp\/v2\/users\/1"}],"replies":[{"embeddable":true,"href":"https:\/\/thecamels.org\/en\/wp-json\/wp\/v2\/comments?post=12455"}],"version-history":[{"count":5,"href":"https:\/\/thecamels.org\/en\/wp-json\/wp\/v2\/pages\/12455\/revisions"}],"predecessor-version":[{"id":18048,"href":"https:\/\/thecamels.org\/en\/wp-json\/wp\/v2\/pages\/12455\/revisions\/18048"}],"wp:featuredmedia":[{"embeddable":true,"href":"https:\/\/thecamels.org\/en\/wp-json\/wp\/v2\/media\/16120"}],"wp:attachment":[{"href":"https:\/\/thecamels.org\/en\/wp-json\/wp\/v2\/media?parent=12455"}],"curies":[{"name":"wp","href":"https:\/\/api.w.org\/{rel}","templated":true}]}}