{"id":15260,"date":"2020-11-30T18:14:43","date_gmt":"2020-11-30T17:14:43","guid":{"rendered":"https:\/\/thecamels.org\/terms-and-conditions\/polityka-prywatnosci-i-plikow-cookies\/"},"modified":"2023-04-18T09:53:00","modified_gmt":"2023-04-18T07:53:00","slug":"privacy-and-cookie-policy","status":"publish","type":"page","link":"https:\/\/thecamels.org\/en\/terms-and-conditions\/privacy-and-cookie-policy\/","title":{"rendered":"Privacy and cookie policy"},"content":{"rendered":"\n<p>If you read this text, it means that your privacy is important to you. And great, because for us too! We don&#8217;t just mean that we don&#8217;t read your mail and encrypt your backups, but much more. Please read the following legal provisions, which constitute the privacy and cookie policy.<\/p>\n\n\n\n<p><strong>In case of discrepancies between the language versions of these Terms and Conditions, the Polish version shall prevail.<\/strong><\/p>\n\n\n\n<h2 class=\"wp-block-heading\">General provisions<\/h2>\n\n\n\n<ol class=\"wp-block-list\">\n<li>The personal data is administered by Thecamels Sp. z o.o. with its registered office in \u0141\u00f3d\u017a, Wr\u00f3blewskiego 18, 93-578, registered in the District Court for \u0141\u00f3d\u017a, Commercial Division, under KRS number 0000910352, hereinafter referred to as the <strong>Administrator<\/strong> or <strong>Thecamels<\/strong>.<\/li>\n\n\n\n<li>These Terms and Conditions apply to this website and the services available on this website (www.thecamels.org), hereinafter referred to as the<strong> Website<\/strong>.<\/li>\n\n\n\n<li>Thecamels is the controller of your personal data relating to the data you provided voluntarily on the Website and the services provided through this Website.<\/li>\n\n\n\n<li>Your personal data are processed under the Regulation (EU) No 2016\/679 of the European Parliament and of the Council of 27 April 2016 on the protection of natural persons with regard to the processing of personal data and on the free movement of such data, and repealing Directive 95\/46\/EC (hereinafter referred to as the<strong> GDPR<\/strong>).&nbsp;<\/li>\n\n\n\n<li>Thecamels declares that it has taken the necessary technical and organisational measures to secure personal data of its Clients in accordance with the applicable law.<\/li>\n\n\n\n<li>The Controller exercises due diligence in order to protect the interests of the data subjects.<\/li>\n\n\n\n<li>The Controller has not appointed a personal data officer.<\/li>\n\n\n\n<li>The Controller might be contacted at info@thecamels.org.<\/li>\n<\/ol>\n\n\n\n<h2 class=\"wp-block-heading\">Purpose and scope of processing<\/h2>\n\n\n\n<ol class=\"wp-block-list\">\n<li>The Website uses its own cookies for the following purposes:\n<ol class=\"wp-block-list\">\n<li>Provision of the ordered Services and customer service;<\/li>\n\n\n\n<li>Presentation of an offer or information;<\/li>\n\n\n\n<li>Handling inquiries sent through the form;<\/li>\n\n\n\n<li>Sending the newsletter;<\/li>\n\n\n\n<li>Conducting recommendation programme;<\/li>\n<\/ol>\n<\/li>\n\n\n\n<li>The Website uses the following personal data of the Clients:\n<ol class=\"wp-block-list\">\n<li>we require the following data during the registration and creating an account: name, surname, email address, phone number, residence address; we also collect NIP (Tax Identification Number) and a name of the company when dealing with businesses;<\/li>\n\n\n\n<li>when a user makes a payment, we need name, surname or business name, residence address or the address of the registered office of the company, email address;<\/li>\n\n\n\n<li>when a user uses our services, we collect IP address, browser identification data, browser identification data and the type of the operating system;<\/li>\n<\/ol>\n<\/li>\n\n\n\n<li>Profiling activities might be undertaken in relation to Clients in order to provide the best services under the concluded agreement and to provide direct marketing by the Controller.<\/li>\n\n\n\n<li>We process your personal data for the time necessary to fulfil the purpose for which the data were obtained and required by law (e.g. accounting provisions). We try to minimise the scope of processing right after the services have been provided (where possible).<\/li>\n<\/ol>\n\n\n\n<h2 class=\"wp-block-heading\">Legal basis for processing and data sources<\/h2>\n\n\n\n<ol class=\"wp-block-list\">\n<li>The legal basis for personal data processing by the Website is:\n<ol class=\"wp-block-list\">\n<li>art. 6(1)a of the GDPR \u2013 consent of a data subject in the following cases: establishing contact or sending a newsletter, participation in the partnership programme; marketing of third party services;<\/li>\n\n\n\n<li>art. 6(1)b of the GDPR \u2013 taking actions necessary to conclude or perform an agreement for the services offered by the Website;<\/li>\n\n\n\n<li>art. 6(1)f of the GDPR \u2013 legitimate interest of the controller: presentation of an offer or information, marketing of the Website, dispute resolution.<\/li>\n<\/ol>\n<\/li>\n\n\n\n<li>The Website collects information about users and their behaviour in the following way:\n<ol class=\"wp-block-list\">\n<li>when users fill out the registration form voluntarily or when they edit their data at <a target=\"_blank\" rel=\"noopener noreferrer\" href=\"https:\/\/panel.thecamels.org\/\"><span>https:\/\/panel.thecamels.org<\/span><\/a>;<\/li>\n\n\n\n<li>when users voluntarily send their data to info@thecamels.org or by other electronic means so that Thecamels can set up an account on behalf of the Client or in order to establish contact;<\/li>\n\n\n\n<li>when users\u2019 data are transferred to one of the partners cooperating with Thecamels;<\/li>\n<\/ol>\n<\/li>\n<\/ol>\n\n\n\n<p>If the Client\u2019s data have been collected from a partner cooperating with Thecamels, Thecamels will inform the Client about who obtained the data and what types of data were obtained.<\/p>\n\n\n\n<h2 class=\"wp-block-heading\">Client\u2019s rights<\/h2>\n\n\n\n<ol class=\"wp-block-list\">\n<li>The Client has the right to:\n<ol class=\"wp-block-list\">\n<li>see their personal data;<\/li>\n\n\n\n<li>modify their personal data;<\/li>\n\n\n\n<li>delete their personal data;<\/li>\n\n\n\n<li>object to the processing of their personal data;<\/li>\n\n\n\n<li>limit the processing of their personal data;<\/li>\n\n\n\n<li>transfer their personal data;<\/li>\n<\/ol>\n<\/li>\n\n\n\n<li>In order to exercise these rights, the Client should:\n<ol class=\"wp-block-list\">\n<li>If they have an Account on the Website:\n<ol class=\"wp-block-list\">\n<li>Log in to their account;<\/li>\n\n\n\n<li>Client can exercise their right to see and modify their personal data by reading and editing the information in Moje dane (My data) tab;<\/li>\n\n\n\n<li>In other cases, please submit your request to the Customer Service;<\/li>\n<\/ol>\n<\/li>\n\n\n\n<li>If the Client does not have an account on the Website, they might contact the company directly at info@thecamels.org.<\/li>\n<\/ol>\n<\/li>\n\n\n\n<li>Client\u2019s objection to the processing of their personal data or a request to delete or limit the data might be impossible to carry out when the services are being provided or when it might affect the Services provided to the Client and if it might result in a situation when it is impossible to further perform these Services.<\/li>\n\n\n\n<li>Client has the right to withdraw their consent to the processing of their personal data at any time, if the consent constitutes the legal basis for the processing. However, the withdrawal of the consent will not affect the current processing.<\/li>\n\n\n\n<li>The requests will be considered without delay but not later than one month after its receipt. This period may be extended by two months due to the complex nature of the request or the number of the request received, and the Client will be informed about that fact.<\/li>\n\n\n\n<li>When submitting a request to exercise the right, please provide your full name, contact details (email address and your residence address when submitting a written request) and additional information (so that the request can be processed faster). In case of some request, further confirmation of your identity might be necessary.<\/li>\n\n\n\n<li>The Client can file a complaint about the actions of the Controller to the President of the Personal Data Protection Office at Stawki 2, 00-193 Warsaw, Poland.<\/li>\n\n\n\n<li>Providing personal data is voluntary, but necessary for using the Website.<\/li>\n<\/ol>\n\n\n\n<h2 class=\"wp-block-heading\">Data transfer<\/h2>\n\n\n\n<ol class=\"wp-block-list\" type=\"1\">\n<li>In order to provide the client with some services, Thecamels might transfer Client\u2019s personal data to its Partners to complete the order (e.g. relevant domain register, certification centre).<\/li>\n\n\n\n<li>All entities to which Thecamels entrusts the personal data processing guarantee the use of appropriate measures to protect and secure personal data required by law.<\/li>\n\n\n\n<li>Client\u2019s personal data are processed only in the countries within the European Economic Area or third countries only when the requirements of the GDPR are met.&nbsp;<\/li>\n\n\n\n<li>The list of the recipients is available at&nbsp;<a href=\"https:\/\/thecamels.org\/en\/terms-and-conditions\/\"><span>https:\/\/thecamels.org\/en\/terms-and-conditions\/<\/span><\/a>&nbsp;under \u201cCooperating entities\u201d section (Cooperating entities).<\/li>\n<\/ol>\n\n\n\n<h2 class=\"wp-block-heading\">Cookies<\/h2>\n\n\n\n<ol class=\"wp-block-list\">\n<li>Cookies are IT data (text files in particular), which are stored on the user\u2019s end device and whose aim is to facilitate the use of the website.<\/li>\n\n\n\n<li>Thecamels uses two types of cookies:\n<ol class=\"wp-block-list\">\n<li>session cookies \u2013 these are temporary files stored on the user\u2019s end device until the user logs out, leaves a website or exits the software (web browser);<\/li>\n\n\n\n<li>persistent cookies \u2013 they are stored on the user\u2019s end device for a time specified in the cookies files parameters or until they are removed by the user;<\/li>\n<\/ol>\n<\/li>\n\n\n\n<li>Cookies on thecamels.org:\n<ol class=\"wp-block-list\">\n<li>can affect the functionality of this website (especially affiliate programme and comments);&nbsp;<\/li>\n\n\n\n<li>are not required for the correct display of the website;&nbsp;<\/li>\n\n\n\n<li>Facebook cookie is used to identify chat conversations available on the website;<\/li>\n<\/ol>\n<\/li>\n\n\n\n<li>Cookies on panel.thecamels.org are required because:\n<ol class=\"wp-block-list\">\n<li>they store information about the logged user;&nbsp;<\/li>\n\n\n\n<li>they provide information about the affiliate program ID, they save the status, preferences and user session time;&nbsp;<\/li>\n\n\n\n<li>they are used to identify the customer\u2019s shopping cart;<\/li>\n<\/ol>\n<\/li>\n\n\n\n<li>All Thecamels websites use Google Analytics cookies. They allow Thecamels to anonymously analyse user traffic in order to improve the websites. Thecamels is not responsible for the information stored in Google Analytics cookies (<a target=\"_blank\" rel=\"noopener noreferrer\" href=\"https:\/\/developers.google.com\/analytics\/devguides\/collection\/analyticsjs\/cookie-usage\"><span>https:\/\/developers.google.com\/analytics\/devguides\/collection\/analyticsjs\/cookie-usage<\/span><\/a>)<\/li>\n\n\n\n<li>The Client might opt out of cookies by changing the settings of the browser, which, however, might negatively impact the features necessary for the proper functioning of the Thecamels websites.<\/li>\n<\/ol>\n","protected":false},"excerpt":{"rendered":"<p>If you read this text, it means that your privacy is important to you. And great, because for us too! We don&#8217;t just mean that we don&#8217;t read your mail and encrypt your backups, but much more. Please read the following legal provisions, which constitute the privacy and cookie policy. In case of discrepancies between&hellip;<\/p>\n","protected":false},"author":1,"featured_media":16240,"parent":7849,"menu_order":40,"comment_status":"closed","ping_status":"closed","template":"","meta":{"_acf_changed":false,"footnotes":""},"class_list":["post-15260","page","type-page","status-publish","has-post-thumbnail","hentry"],"acf":[],"yoast_head":"<!-- This site is optimized with the Yoast SEO plugin v27.3 - https:\/\/yoast.com\/product\/yoast-seo-wordpress\/ -->\n<title>Privacy and cookie policy - Thecamels.org<\/title>\n<meta name=\"description\" content=\"If you read this text, it means that your privacy is important to you. And great, because for us too! We don&#039;t just mean that we don&#039;t read your mail and encrypt your backups, but much more.\" \/>\n<meta name=\"robots\" content=\"index, follow, max-snippet:-1, max-image-preview:large, max-video-preview:-1\" \/>\n<link rel=\"canonical\" href=\"https:\/\/thecamels.org\/en\/terms-and-conditions\/privacy-and-cookie-policy\/\" \/>\n<meta property=\"og:locale\" content=\"en_US\" \/>\n<meta property=\"og:type\" content=\"article\" \/>\n<meta property=\"og:title\" content=\"Privacy and cookie policy - Thecamels.org\" \/>\n<meta property=\"og:description\" content=\"If you read this text, it means that your privacy is important to you. And great, because for us too! We don&#039;t just mean that we don&#039;t read your mail and encrypt your backups, but much more.\" \/>\n<meta property=\"og:url\" content=\"https:\/\/thecamels.org\/en\/terms-and-conditions\/privacy-and-cookie-policy\/?utm_source=dark&amp;utm_medium=social&amp;utm_campaign=open-graph\" \/>\n<meta property=\"og:site_name\" content=\"Thecamels.org\" \/>\n<meta property=\"article:publisher\" content=\"https:\/\/www.facebook.com\/thecamels.org\/\" \/>\n<meta property=\"article:modified_time\" content=\"2023-04-18T07:53:00+00:00\" \/>\n<meta property=\"og:image\" content=\"https:\/\/thecamels.org\/wp-content\/uploads\/2020\/12\/privacy-and-cookie-policy.png\" \/>\n\t<meta property=\"og:image:width\" content=\"1200\" \/>\n\t<meta property=\"og:image:height\" content=\"627\" \/>\n\t<meta property=\"og:image:type\" content=\"image\/png\" \/>\n<meta name=\"twitter:card\" content=\"summary_large_image\" \/>\n<meta name=\"twitter:site\" content=\"@thecamelsorg\" \/>\n<meta name=\"twitter:label1\" content=\"Est. reading time\" \/>\n\t<meta name=\"twitter:data1\" content=\"9 minutes\" \/>\n<script type=\"application\/ld+json\" class=\"yoast-schema-graph\">{\"@context\":\"https:\\\/\\\/schema.org\",\"@graph\":[{\"@type\":\"WebPage\",\"@id\":\"https:\\\/\\\/thecamels.org\\\/en\\\/terms-and-conditions\\\/privacy-and-cookie-policy\\\/\",\"url\":\"https:\\\/\\\/thecamels.org\\\/en\\\/terms-and-conditions\\\/privacy-and-cookie-policy\\\/\",\"name\":\"Privacy and cookie policy - Thecamels.org\",\"isPartOf\":{\"@id\":\"https:\\\/\\\/thecamels.org\\\/en\\\/#website\"},\"primaryImageOfPage\":{\"@id\":\"https:\\\/\\\/thecamels.org\\\/en\\\/terms-and-conditions\\\/privacy-and-cookie-policy\\\/#primaryimage\"},\"image\":{\"@id\":\"https:\\\/\\\/thecamels.org\\\/en\\\/terms-and-conditions\\\/privacy-and-cookie-policy\\\/#primaryimage\"},\"thumbnailUrl\":\"https:\\\/\\\/thecamels.org\\\/wp-content\\\/uploads\\\/2020\\\/12\\\/privacy-and-cookie-policy.png\",\"datePublished\":\"2020-11-30T17:14:43+00:00\",\"dateModified\":\"2023-04-18T07:53:00+00:00\",\"description\":\"If you read this text, it means that your privacy is important to you. And great, because for us too! We don't just mean that we don't read your mail and encrypt your backups, but much more.\",\"breadcrumb\":{\"@id\":\"https:\\\/\\\/thecamels.org\\\/en\\\/terms-and-conditions\\\/privacy-and-cookie-policy\\\/#breadcrumb\"},\"inLanguage\":\"en-US\",\"potentialAction\":[{\"@type\":\"ReadAction\",\"target\":[\"https:\\\/\\\/thecamels.org\\\/en\\\/terms-and-conditions\\\/privacy-and-cookie-policy\\\/\"]}]},{\"@type\":\"ImageObject\",\"inLanguage\":\"en-US\",\"@id\":\"https:\\\/\\\/thecamels.org\\\/en\\\/terms-and-conditions\\\/privacy-and-cookie-policy\\\/#primaryimage\",\"url\":\"https:\\\/\\\/thecamels.org\\\/wp-content\\\/uploads\\\/2020\\\/12\\\/privacy-and-cookie-policy.png\",\"contentUrl\":\"https:\\\/\\\/thecamels.org\\\/wp-content\\\/uploads\\\/2020\\\/12\\\/privacy-and-cookie-policy.png\",\"width\":1200,\"height\":627,\"caption\":\"Privacy and cookie policy\"},{\"@type\":\"BreadcrumbList\",\"@id\":\"https:\\\/\\\/thecamels.org\\\/en\\\/terms-and-conditions\\\/privacy-and-cookie-policy\\\/#breadcrumb\",\"itemListElement\":[{\"@type\":\"ListItem\",\"position\":1,\"name\":\"[HOME]\",\"item\":\"https:\\\/\\\/thecamels.org\\\/en\\\/\"},{\"@type\":\"ListItem\",\"position\":2,\"name\":\"Terms and conditions\",\"item\":\"https:\\\/\\\/thecamels.org\\\/en\\\/terms-and-conditions\\\/\"},{\"@type\":\"ListItem\",\"position\":3,\"name\":\"Privacy and cookie policy\"}]},{\"@type\":\"WebSite\",\"@id\":\"https:\\\/\\\/thecamels.org\\\/en\\\/#website\",\"url\":\"https:\\\/\\\/thecamels.org\\\/en\\\/\",\"name\":\"Thecamels.org\",\"description\":\"Hosting SSD NVMe z certyfikatem SSL i HTTP\\\/2. Administracja serwerami, skalowanie infrastruktury. Mamy g\u0142ow\u0119 do serwer\u00f3w i zadbamy o Twoj\u0105 stron\u0119 w sieci.\",\"publisher\":{\"@id\":\"https:\\\/\\\/thecamels.org\\\/en\\\/#organization\"},\"potentialAction\":[{\"@type\":\"SearchAction\",\"target\":{\"@type\":\"EntryPoint\",\"urlTemplate\":\"https:\\\/\\\/thecamels.org\\\/en\\\/?s={search_term_string}\"},\"query-input\":{\"@type\":\"PropertyValueSpecification\",\"valueRequired\":true,\"valueName\":\"search_term_string\"}}],\"inLanguage\":\"en-US\"},{\"@type\":\"Organization\",\"@id\":\"https:\\\/\\\/thecamels.org\\\/en\\\/#organization\",\"name\":\"Thecamels\",\"url\":\"https:\\\/\\\/thecamels.org\\\/en\\\/\",\"logo\":{\"@type\":\"ImageObject\",\"inLanguage\":\"en-US\",\"@id\":\"https:\\\/\\\/thecamels.org\\\/en\\\/#\\\/schema\\\/logo\\\/image\\\/\",\"url\":\"https:\\\/\\\/thecamels.org\\\/wp-content\\\/uploads\\\/2018\\\/09\\\/TC-logo-nowe.png\",\"contentUrl\":\"https:\\\/\\\/thecamels.org\\\/wp-content\\\/uploads\\\/2018\\\/09\\\/TC-logo-nowe.png\",\"width\":826,\"height\":106,\"caption\":\"Thecamels\"},\"image\":{\"@id\":\"https:\\\/\\\/thecamels.org\\\/en\\\/#\\\/schema\\\/logo\\\/image\\\/\"},\"sameAs\":[\"https:\\\/\\\/www.facebook.com\\\/thecamels.org\\\/\",\"https:\\\/\\\/x.com\\\/thecamelsorg\",\"https:\\\/\\\/www.linkedin.com\\\/company\\\/the-camels\",\"https:\\\/\\\/www.youtube.com\\\/channel\\\/UC01xYBZbIAApTuPWuqgGE4Q\"]}]}<\/script>\n<!-- \/ Yoast SEO plugin. -->","yoast_head_json":{"title":"Privacy and cookie policy - Thecamels.org","description":"If you read this text, it means that your privacy is important to you. And great, because for us too! We don't just mean that we don't read your mail and encrypt your backups, but much more.","robots":{"index":"index","follow":"follow","max-snippet":"max-snippet:-1","max-image-preview":"max-image-preview:large","max-video-preview":"max-video-preview:-1"},"canonical":"https:\/\/thecamels.org\/en\/terms-and-conditions\/privacy-and-cookie-policy\/","og_locale":"en_US","og_type":"article","og_title":"Privacy and cookie policy - Thecamels.org","og_description":"If you read this text, it means that your privacy is important to you. And great, because for us too! We don't just mean that we don't read your mail and encrypt your backups, but much more.","og_url":"https:\/\/thecamels.org\/en\/terms-and-conditions\/privacy-and-cookie-policy\/?utm_source=dark&utm_medium=social&utm_campaign=open-graph","og_site_name":"Thecamels.org","article_publisher":"https:\/\/www.facebook.com\/thecamels.org\/","article_modified_time":"2023-04-18T07:53:00+00:00","og_image":[{"width":1200,"height":627,"url":"https:\/\/thecamels.org\/wp-content\/uploads\/2020\/12\/privacy-and-cookie-policy.png","type":"image\/png"}],"twitter_card":"summary_large_image","twitter_site":"@thecamelsorg","twitter_misc":{"Est. reading time":"9 minutes"},"schema":{"@context":"https:\/\/schema.org","@graph":[{"@type":"WebPage","@id":"https:\/\/thecamels.org\/en\/terms-and-conditions\/privacy-and-cookie-policy\/","url":"https:\/\/thecamels.org\/en\/terms-and-conditions\/privacy-and-cookie-policy\/","name":"Privacy and cookie policy - Thecamels.org","isPartOf":{"@id":"https:\/\/thecamels.org\/en\/#website"},"primaryImageOfPage":{"@id":"https:\/\/thecamels.org\/en\/terms-and-conditions\/privacy-and-cookie-policy\/#primaryimage"},"image":{"@id":"https:\/\/thecamels.org\/en\/terms-and-conditions\/privacy-and-cookie-policy\/#primaryimage"},"thumbnailUrl":"https:\/\/thecamels.org\/wp-content\/uploads\/2020\/12\/privacy-and-cookie-policy.png","datePublished":"2020-11-30T17:14:43+00:00","dateModified":"2023-04-18T07:53:00+00:00","description":"If you read this text, it means that your privacy is important to you. And great, because for us too! We don't just mean that we don't read your mail and encrypt your backups, but much more.","breadcrumb":{"@id":"https:\/\/thecamels.org\/en\/terms-and-conditions\/privacy-and-cookie-policy\/#breadcrumb"},"inLanguage":"en-US","potentialAction":[{"@type":"ReadAction","target":["https:\/\/thecamels.org\/en\/terms-and-conditions\/privacy-and-cookie-policy\/"]}]},{"@type":"ImageObject","inLanguage":"en-US","@id":"https:\/\/thecamels.org\/en\/terms-and-conditions\/privacy-and-cookie-policy\/#primaryimage","url":"https:\/\/thecamels.org\/wp-content\/uploads\/2020\/12\/privacy-and-cookie-policy.png","contentUrl":"https:\/\/thecamels.org\/wp-content\/uploads\/2020\/12\/privacy-and-cookie-policy.png","width":1200,"height":627,"caption":"Privacy and cookie policy"},{"@type":"BreadcrumbList","@id":"https:\/\/thecamels.org\/en\/terms-and-conditions\/privacy-and-cookie-policy\/#breadcrumb","itemListElement":[{"@type":"ListItem","position":1,"name":"[HOME]","item":"https:\/\/thecamels.org\/en\/"},{"@type":"ListItem","position":2,"name":"Terms and conditions","item":"https:\/\/thecamels.org\/en\/terms-and-conditions\/"},{"@type":"ListItem","position":3,"name":"Privacy and cookie policy"}]},{"@type":"WebSite","@id":"https:\/\/thecamels.org\/en\/#website","url":"https:\/\/thecamels.org\/en\/","name":"Thecamels.org","description":"Hosting SSD NVMe z certyfikatem SSL i HTTP\/2. Administracja serwerami, skalowanie infrastruktury. Mamy g\u0142ow\u0119 do serwer\u00f3w i zadbamy o Twoj\u0105 stron\u0119 w sieci.","publisher":{"@id":"https:\/\/thecamels.org\/en\/#organization"},"potentialAction":[{"@type":"SearchAction","target":{"@type":"EntryPoint","urlTemplate":"https:\/\/thecamels.org\/en\/?s={search_term_string}"},"query-input":{"@type":"PropertyValueSpecification","valueRequired":true,"valueName":"search_term_string"}}],"inLanguage":"en-US"},{"@type":"Organization","@id":"https:\/\/thecamels.org\/en\/#organization","name":"Thecamels","url":"https:\/\/thecamels.org\/en\/","logo":{"@type":"ImageObject","inLanguage":"en-US","@id":"https:\/\/thecamels.org\/en\/#\/schema\/logo\/image\/","url":"https:\/\/thecamels.org\/wp-content\/uploads\/2018\/09\/TC-logo-nowe.png","contentUrl":"https:\/\/thecamels.org\/wp-content\/uploads\/2018\/09\/TC-logo-nowe.png","width":826,"height":106,"caption":"Thecamels"},"image":{"@id":"https:\/\/thecamels.org\/en\/#\/schema\/logo\/image\/"},"sameAs":["https:\/\/www.facebook.com\/thecamels.org\/","https:\/\/x.com\/thecamelsorg","https:\/\/www.linkedin.com\/company\/the-camels","https:\/\/www.youtube.com\/channel\/UC01xYBZbIAApTuPWuqgGE4Q"]}]}},"_links":{"self":[{"href":"https:\/\/thecamels.org\/en\/wp-json\/wp\/v2\/pages\/15260","targetHints":{"allow":["GET"]}}],"collection":[{"href":"https:\/\/thecamels.org\/en\/wp-json\/wp\/v2\/pages"}],"about":[{"href":"https:\/\/thecamels.org\/en\/wp-json\/wp\/v2\/types\/page"}],"author":[{"embeddable":true,"href":"https:\/\/thecamels.org\/en\/wp-json\/wp\/v2\/users\/1"}],"replies":[{"embeddable":true,"href":"https:\/\/thecamels.org\/en\/wp-json\/wp\/v2\/comments?post=15260"}],"version-history":[{"count":5,"href":"https:\/\/thecamels.org\/en\/wp-json\/wp\/v2\/pages\/15260\/revisions"}],"predecessor-version":[{"id":27066,"href":"https:\/\/thecamels.org\/en\/wp-json\/wp\/v2\/pages\/15260\/revisions\/27066"}],"up":[{"embeddable":true,"href":"https:\/\/thecamels.org\/en\/wp-json\/wp\/v2\/pages\/7849"}],"wp:featuredmedia":[{"embeddable":true,"href":"https:\/\/thecamels.org\/en\/wp-json\/wp\/v2\/media\/16240"}],"wp:attachment":[{"href":"https:\/\/thecamels.org\/en\/wp-json\/wp\/v2\/media?parent=15260"}],"curies":[{"name":"wp","href":"https:\/\/api.w.org\/{rel}","templated":true}]}}