{"id":26485,"date":"2021-07-31T22:02:23","date_gmt":"2021-07-31T20:02:23","guid":{"rendered":"https:\/\/thecamels.org\/zapytanie-o-uslugi\/"},"modified":"2021-11-01T06:24:10","modified_gmt":"2021-11-01T05:24:10","slug":"request-for-services","status":"publish","type":"page","link":"https:\/\/thecamels.org\/en\/request-for-services\/","title":{"rendered":"Request for services"},"content":{"rendered":"\n<p class=\"has-text-align-center\">Need help selecting our services?<\/p>\n\n\n\n<p class=\"has-text-align-center\">Fill out the form below &#8211; we will help you choose the optimal solution.<\/p>\n\n\n\n<p><\/p>\n\n\n\n<div class=\"wpcf7 no-js\" id=\"wpcf7-f26484-o1\" lang=\"pl-PL\" dir=\"ltr\" data-wpcf7-id=\"26484\">\n<div class=\"screen-reader-response\"><p role=\"status\" aria-live=\"polite\" aria-atomic=\"true\"><\/p> <ul><\/ul><\/div>\n<form action=\"\/en\/wp-json\/wp\/v2\/pages\/26485#wpcf7-f26484-o1\" method=\"post\" class=\"wpcf7-form init\" aria-label=\"Formularz kontaktowy\" novalidate=\"novalidate\" data-status=\"init\">\n<fieldset class=\"hidden-fields-container\"><input type=\"hidden\" name=\"_wpcf7\" value=\"26484\" \/><input type=\"hidden\" name=\"_wpcf7_version\" value=\"6.1.5\" \/><input type=\"hidden\" name=\"_wpcf7_locale\" value=\"pl_PL\" \/><input type=\"hidden\" name=\"_wpcf7_unit_tag\" value=\"wpcf7-f26484-o1\" \/><input type=\"hidden\" name=\"_wpcf7_container_post\" value=\"0\" \/><input type=\"hidden\" name=\"_wpcf7_posted_data_hash\" value=\"\" \/><input type=\"hidden\" name=\"_wpcf7cf_hidden_group_fields\" value=\"[]\" \/><input type=\"hidden\" name=\"_wpcf7cf_hidden_groups\" value=\"[]\" \/><input type=\"hidden\" name=\"_wpcf7cf_visible_groups\" value=\"[]\" \/><input type=\"hidden\" name=\"_wpcf7cf_repeaters\" value=\"[]\" \/><input type=\"hidden\" name=\"_wpcf7cf_steps\" value=\"{}\" \/><input type=\"hidden\" name=\"_wpcf7cf_options\" value=\"{&quot;form_id&quot;:26484,&quot;conditions&quot;:[{&quot;then_field&quot;:&quot;blog&quot;,&quot;and_rules&quot;:[{&quot;if_field&quot;:&quot;checkbox-860&quot;,&quot;operator&quot;:&quot;equals&quot;,&quot;if_value&quot;:&quot;space for my blog \\\/ company website \\\/ landing page&quot;}]},{&quot;then_field&quot;:&quot;ecommerce&quot;,&quot;and_rules&quot;:[{&quot;if_field&quot;:&quot;checkbox-860&quot;,&quot;operator&quot;:&quot;equals&quot;,&quot;if_value&quot;:&quot;server for online store&quot;}]},{&quot;then_field&quot;:&quot;mail&quot;,&quot;and_rules&quot;:[{&quot;if_field&quot;:&quot;checkbox-860&quot;,&quot;operator&quot;:&quot;equals&quot;,&quot;if_value&quot;:&quot;e-mail space&quot;}]},{&quot;then_field&quot;:&quot;advanced1&quot;,&quot;and_rules&quot;:[{&quot;if_field&quot;:&quot;checkbox-860&quot;,&quot;operator&quot;:&quot;equals&quot;,&quot;if_value&quot;:&quot;server for development work&quot;}]},{&quot;then_field&quot;:&quot;advanced1&quot;,&quot;and_rules&quot;:[{&quot;if_field&quot;:&quot;checkbox-860&quot;,&quot;operator&quot;:&quot;equals&quot;,&quot;if_value&quot;:&quot;server for a web application&quot;}]},{&quot;then_field&quot;:&quot;advanced3&quot;,&quot;and_rules&quot;:[{&quot;if_field&quot;:&quot;checkbox-860&quot;,&quot;operator&quot;:&quot;equals&quot;,&quot;if_value&quot;:&quot;server for development work&quot;}]},{&quot;then_field&quot;:&quot;advanced2&quot;,&quot;and_rules&quot;:[{&quot;if_field&quot;:&quot;checkbox-860&quot;,&quot;operator&quot;:&quot;equals&quot;,&quot;if_value&quot;:&quot;server for a web application&quot;}]},{&quot;then_field&quot;:&quot;advanced3&quot;,&quot;and_rules&quot;:[{&quot;if_field&quot;:&quot;checkbox-860&quot;,&quot;operator&quot;:&quot;equals&quot;,&quot;if_value&quot;:&quot;serwera dla prac programistycznych&quot;}]},{&quot;then_field&quot;:&quot;other&quot;,&quot;and_rules&quot;:[{&quot;if_field&quot;:&quot;checkbox-860&quot;,&quot;operator&quot;:&quot;equals&quot;,&quot;if_value&quot;:&quot;other - describe your needs&quot;}]},{&quot;then_field&quot;:&quot;blogtextarea&quot;,&quot;and_rules&quot;:[{&quot;if_field&quot;:&quot;radio-622&quot;,&quot;operator&quot;:&quot;equals&quot;,&quot;if_value&quot;:&quot;Other&quot;}]},{&quot;then_field&quot;:&quot;ecommercetextarea&quot;,&quot;and_rules&quot;:[{&quot;if_field&quot;:&quot;radio-624&quot;,&quot;operator&quot;:&quot;equals&quot;,&quot;if_value&quot;:&quot;Other&quot;}]}],&quot;settings&quot;:{&quot;animation&quot;:&quot;yes&quot;,&quot;animation_intime&quot;:200,&quot;animation_outtime&quot;:200,&quot;conditions_ui&quot;:&quot;normal&quot;,&quot;notice_dismissed&quot;:true,&quot;notice_dismissed_rollback-cf7-5.5.2&quot;:true,&quot;notice_dismissed_rollback-cf7-5.6&quot;:true}}\" \/>\n<\/fieldset>\n<p><label>Full name <span class=\"wpcf7-form-control-wrap\" data-name=\"your-name\"><input size=\"40\" maxlength=\"400\" class=\"wpcf7-form-control wpcf7-text wpcf7-validates-as-required\" aria-required=\"true\" aria-invalid=\"false\" value=\"\" type=\"text\" name=\"your-name\" \/><\/span> <\/label><br \/>\n<label>Your email* <span class=\"wpcf7-form-control-wrap\" data-name=\"your-email\"><input size=\"40\" maxlength=\"400\" class=\"wpcf7-form-control wpcf7-email wpcf7-validates-as-required wpcf7-text wpcf7-validates-as-email\" aria-required=\"true\" aria-invalid=\"false\" value=\"\" type=\"email\" name=\"your-email\" \/><\/span> <\/label><br \/>\n<label>Your phone number* <span class=\"wpcf7-form-control-wrap\" data-name=\"tel-897\"><input size=\"40\" maxlength=\"400\" class=\"wpcf7-form-control wpcf7-tel wpcf7-validates-as-required wpcf7-text wpcf7-validates-as-tel\" aria-required=\"true\" aria-invalid=\"false\" value=\"\" type=\"tel\" name=\"tel-897\" \/><\/span><\/label><br \/>\n<label>What do you need?<\/label><br \/>\n<span class=\"wpcf7-form-control-wrap\" data-name=\"checkbox-860\"><span class=\"wpcf7-form-control wpcf7-checkbox wpcf7-validates-as-required\"><span class=\"wpcf7-list-item first\"><label><input type=\"checkbox\" name=\"checkbox-860[]\" value=\"space for my blog \/ company website \/ landing page\" \/><span class=\"wpcf7-list-item-label\">space for my blog \/ company website \/ landing page<\/span><\/label><\/span><span class=\"wpcf7-list-item\"><label><input type=\"checkbox\" name=\"checkbox-860[]\" value=\"server for online store\" \/><span class=\"wpcf7-list-item-label\">server for online store<\/span><\/label><\/span><span class=\"wpcf7-list-item\"><label><input type=\"checkbox\" name=\"checkbox-860[]\" value=\"e-mail space\" \/><span class=\"wpcf7-list-item-label\">e-mail space<\/span><\/label><\/span><span class=\"wpcf7-list-item\"><label><input type=\"checkbox\" name=\"checkbox-860[]\" value=\"server for development work\" \/><span class=\"wpcf7-list-item-label\">server for development work<\/span><\/label><\/span><span class=\"wpcf7-list-item\"><label><input type=\"checkbox\" name=\"checkbox-860[]\" value=\"server for a web application\" \/><span class=\"wpcf7-list-item-label\">server for a web application<\/span><\/label><\/span><span class=\"wpcf7-list-item last\"><label><input type=\"checkbox\" name=\"checkbox-860[]\" value=\"other - describe your needs\" \/><span class=\"wpcf7-list-item-label\">other - describe your needs<\/span><\/label><\/span><\/span><\/span>\n<\/p>\n<div data-id=\"blog\" data-orig_data_id=\"blog\"  data-class=\"wpcf7cf_group\">\n\t<p><label>What technology is your website based on?<\/label><br \/>\n<span class=\"wpcf7-form-control-wrap\" data-name=\"radio-622\"><span class=\"wpcf7-form-control wpcf7-radio\"><span class=\"wpcf7-list-item first\"><label><input type=\"radio\" name=\"radio-622\" value=\"WordPress\" checked=\"checked\" \/><span class=\"wpcf7-list-item-label\">WordPress<\/span><\/label><\/span><span class=\"wpcf7-list-item last\"><label><input type=\"radio\" name=\"radio-622\" value=\"Other\" \/><span class=\"wpcf7-list-item-label\">Other<\/span><\/label><\/span><\/span><\/span>\n\t<\/p>\n\t<div data-id=\"blogtextarea\" data-orig_data_id=\"blogtextarea\"  data-class=\"wpcf7cf_group\">\n\t\t<p><label>What technology does your website use? * <span class=\"wpcf7-form-control-wrap\" data-name=\"text-536\"><input size=\"40\" maxlength=\"400\" class=\"wpcf7-form-control wpcf7-text wpcf7-validates-as-required\" aria-required=\"true\" aria-invalid=\"false\" value=\"\" type=\"text\" name=\"text-536\" \/><\/span><\/label>\n\t\t<\/p>\n\t<\/div>\n\t<p><label>Does your website store large amounts of multimedia (photos, videos)?<\/label><br \/>\n<span class=\"wpcf7-form-control-wrap\" data-name=\"radio-623\"><span class=\"wpcf7-form-control wpcf7-radio\"><span class=\"wpcf7-list-item first\"><label><input type=\"radio\" name=\"radio-623\" value=\"Yes\" checked=\"checked\" \/><span class=\"wpcf7-list-item-label\">Yes<\/span><\/label><\/span><span class=\"wpcf7-list-item last\"><label><input type=\"radio\" name=\"radio-623\" value=\"No\" \/><span class=\"wpcf7-list-item-label\">No<\/span><\/label><\/span><\/span><\/span>\n\t<\/p>\n<\/div>\n<div data-id=\"ecommerce\" data-orig_data_id=\"ecommerce\"  data-class=\"wpcf7cf_group\">\n\t<p><label>What platform does your store use?<\/label><br \/>\n<span class=\"wpcf7-form-control-wrap\" data-name=\"radio-624\"><span class=\"wpcf7-form-control wpcf7-radio\"><span class=\"wpcf7-list-item first\"><label><input type=\"radio\" name=\"radio-624\" value=\"WooCommerce\" checked=\"checked\" \/><span class=\"wpcf7-list-item-label\">WooCommerce<\/span><\/label><\/span><span class=\"wpcf7-list-item\"><label><input type=\"radio\" name=\"radio-624\" value=\"Prestashop\" \/><span class=\"wpcf7-list-item-label\">Prestashop<\/span><\/label><\/span><span class=\"wpcf7-list-item\"><label><input type=\"radio\" name=\"radio-624\" value=\"Magento\" \/><span class=\"wpcf7-list-item-label\">Magento<\/span><\/label><\/span><span class=\"wpcf7-list-item last\"><label><input type=\"radio\" name=\"radio-624\" value=\"Other\" \/><span class=\"wpcf7-list-item-label\">Other<\/span><\/label><\/span><\/span><\/span>\n\t<\/p>\n\t<div data-id=\"ecommercetextarea\" data-orig_data_id=\"ecommercetextarea\"  data-class=\"wpcf7cf_group\">\n\t\t<p><label>What technology does your store use? * <span class=\"wpcf7-form-control-wrap\" data-name=\"text-537\"><input size=\"40\" maxlength=\"400\" class=\"wpcf7-form-control wpcf7-text wpcf7-validates-as-required\" aria-required=\"true\" aria-invalid=\"false\" value=\"\" type=\"text\" name=\"text-537\" \/><\/span><\/label>\n\t\t<\/p>\n\t<\/div>\n\t<p><label>Is your website traffic characterized by large fluctuations (e.g. due to advertising campaigns)?<\/label><br \/>\n<span class=\"wpcf7-form-control-wrap\" data-name=\"radio-625\"><span class=\"wpcf7-form-control wpcf7-radio\"><span class=\"wpcf7-list-item first\"><label><input type=\"radio\" name=\"radio-625\" value=\"Yes\" checked=\"checked\" \/><span class=\"wpcf7-list-item-label\">Yes<\/span><\/label><\/span><span class=\"wpcf7-list-item last\"><label><input type=\"radio\" name=\"radio-625\" value=\"No\" \/><span class=\"wpcf7-list-item-label\">No<\/span><\/label><\/span><\/span><\/span>\n\t<\/p>\n\t<p><label>Does your store need to have high availability due to the high volume of purchases (<a href=\"https:\/\/thecamels.org\/en\/what-is-high-availability-of-server-or-website\/\" target=\"_blank\">high SLA<\/a>)?<\/label><br \/>\n<span class=\"wpcf7-form-control-wrap\" data-name=\"radio-626\"><span class=\"wpcf7-form-control wpcf7-radio\"><span class=\"wpcf7-list-item first\"><label><input type=\"radio\" name=\"radio-626\" value=\"Yes\" checked=\"checked\" \/><span class=\"wpcf7-list-item-label\">Yes<\/span><\/label><\/span><span class=\"wpcf7-list-item last\"><label><input type=\"radio\" name=\"radio-626\" value=\"No\" \/><span class=\"wpcf7-list-item-label\">No<\/span><\/label><\/span><\/span><\/span>\n\t<\/p>\n<\/div>\n<div data-id=\"mail\" data-orig_data_id=\"mail\"  data-class=\"wpcf7cf_group\">\n\t<p><label>How many email accounts do you need? * <span class=\"wpcf7-form-control-wrap\" data-name=\"number-23\"><input class=\"wpcf7-form-control wpcf7-number wpcf7-validates-as-required wpcf7-validates-as-number\" min=\"1\" aria-required=\"true\" aria-invalid=\"false\" value=\"\" type=\"number\" name=\"number-23\" \/><\/span><\/label>\n\t<\/p>\n\t<p><label>How much space (in GB) do all your mailboxes currently take up? * <span class=\"wpcf7-form-control-wrap\" data-name=\"number-24\"><input class=\"wpcf7-form-control wpcf7-number wpcf7-validates-as-required wpcf7-validates-as-number\" min=\"1\" aria-required=\"true\" aria-invalid=\"false\" value=\"\" type=\"number\" name=\"number-24\" \/><\/span><\/label>\n\t<\/p>\n\t<p><label>Do you need additional features for teamwork (shared documents, calendars, chat)?<\/label><br \/>\n<span class=\"wpcf7-form-control-wrap\" data-name=\"radio-627\"><span class=\"wpcf7-form-control wpcf7-radio\"><span class=\"wpcf7-list-item first\"><label><input type=\"radio\" name=\"radio-627\" value=\"Yes\" checked=\"checked\" \/><span class=\"wpcf7-list-item-label\">Yes<\/span><\/label><\/span><span class=\"wpcf7-list-item last\"><label><input type=\"radio\" name=\"radio-627\" value=\"No\" \/><span class=\"wpcf7-list-item-label\">No<\/span><\/label><\/span><\/span><\/span>\n\t<\/p>\n<\/div>\n<div data-id=\"advanced1\" data-orig_data_id=\"advanced1\"  data-class=\"wpcf7cf_group\">\n\t<p><label>Do you need root access?<\/label><br \/>\n<span class=\"wpcf7-form-control-wrap\" data-name=\"radio-628\"><span class=\"wpcf7-form-control wpcf7-radio\"><span class=\"wpcf7-list-item first\"><label><input type=\"radio\" name=\"radio-628\" value=\"Yes, I will manage the server myself\" checked=\"checked\" \/><span class=\"wpcf7-list-item-label\">Yes, I will manage the server myself<\/span><\/label><\/span><span class=\"wpcf7-list-item last\"><label><input type=\"radio\" name=\"radio-628\" value=\"No, I need your support\" \/><span class=\"wpcf7-list-item-label\">No, I need your support<\/span><\/label><\/span><\/span><\/span>\n\t<\/p>\n<\/div>\n<div data-id=\"advanced2\" data-orig_data_id=\"advanced2\"  data-class=\"wpcf7cf_group\">\n\t<p><label>Does the application require a scalable server environment?<\/label><br \/>\n<span class=\"wpcf7-form-control-wrap\" data-name=\"radio-629\"><span class=\"wpcf7-form-control wpcf7-radio\"><span class=\"wpcf7-list-item first\"><label><input type=\"radio\" name=\"radio-629\" value=\"Yes, I am interested in cloud solutions\" checked=\"checked\" \/><span class=\"wpcf7-list-item-label\">Yes, I am interested in cloud solutions<\/span><\/label><\/span><span class=\"wpcf7-list-item\"><label><input type=\"radio\" name=\"radio-629\" value=\"Yes, I am interested in scalable solutions based on VPS servers\" \/><span class=\"wpcf7-list-item-label\">Yes, I am interested in scalable solutions based on VPS servers<\/span><\/label><\/span><span class=\"wpcf7-list-item last\"><label><input type=\"radio\" name=\"radio-629\" value=\"No, I only need one server\" \/><span class=\"wpcf7-list-item-label\">No, I only need one server<\/span><\/label><\/span><\/span><\/span>\n\t<\/p>\n<\/div>\n<div data-id=\"advanced3\" data-orig_data_id=\"advanced3\"  data-class=\"wpcf7cf_group\">\n\t<p><label>Support for what technologies do you need? * <span class=\"wpcf7-form-control-wrap\" data-name=\"text-537\"><input size=\"40\" maxlength=\"400\" class=\"wpcf7-form-control wpcf7-text wpcf7-validates-as-required\" aria-required=\"true\" aria-invalid=\"false\" value=\"\" type=\"text\" name=\"text-537\" \/><\/span><\/label>\n\t<\/p>\n<\/div>\n<div data-id=\"other\" data-orig_data_id=\"other\"  data-class=\"wpcf7cf_group\">\n\t<p><label>What are your needs? * <span class=\"wpcf7-form-control-wrap\" data-name=\"textarea-106\"><textarea cols=\"40\" rows=\"10\" maxlength=\"2000\" class=\"wpcf7-form-control wpcf7-textarea wpcf7-validates-as-required\" aria-required=\"true\" aria-invalid=\"false\" name=\"textarea-106\"><\/textarea><\/span><\/label>\n\t<\/p>\n<\/div>\n<p>&nbsp;\n<\/p>\n<p><span class=\"wpcf7-form-control-wrap\" data-name=\"rodo-consent\"><span class=\"wpcf7-form-control wpcf7-acceptance\"><span class=\"wpcf7-list-item\"><label><input type=\"checkbox\" name=\"rodo-consent\" value=\"1\" aria-invalid=\"false\" \/><span class=\"wpcf7-list-item-label\">The personal data provided in the form will be processed for the purpose of handling correspondence and will be administered by Thecamels. For more information, please see <a href=\"https:\/\/thecamels.org\/en\/terms-and-conditions\/privacy-and-cookie-policy\/\">privacy and cookie policy<\/a>.<\/span><\/label><\/span><\/span><\/span>\n<\/p>\n<p>&nbsp;\n<\/p>\n<p><input class=\"wpcf7-form-control wpcf7-submit has-spinner btn btn-primary btn-big\" type=\"submit\" value=\"Send request\" \/>\n<\/p><div class=\"wpcf7-response-output\" aria-hidden=\"true\"><\/div>\n<\/form>\n<\/div>\n\n\n\n\n<p><\/p>\n","protected":false},"excerpt":{"rendered":"<p>Need help selecting our services? Fill out the form below &#8211; we will help you choose the optimal solution.<\/p>\n","protected":false},"author":1,"featured_media":26488,"parent":0,"menu_order":0,"comment_status":"closed","ping_status":"closed","template":"","meta":{"_acf_changed":false,"footnotes":""},"class_list":["post-26485","page","type-page","status-publish","has-post-thumbnail","hentry"],"acf":[],"yoast_head":"<!-- This site is optimized with the Yoast SEO plugin v27.3 - https:\/\/yoast.com\/product\/yoast-seo-wordpress\/ -->\n<title>Request for services - Thecamels.org<\/title>\n<meta name=\"description\" content=\"Do you need help in choosing our services? Fill out the form below - we will help you choose the optimal solution.\" \/>\n<meta name=\"robots\" content=\"index, follow, max-snippet:-1, max-image-preview:large, max-video-preview:-1\" \/>\n<link rel=\"canonical\" href=\"https:\/\/thecamels.org\/en\/request-for-services\/\" \/>\n<meta property=\"og:locale\" content=\"en_US\" \/>\n<meta property=\"og:type\" content=\"article\" \/>\n<meta property=\"og:title\" content=\"Request for services - Thecamels.org\" \/>\n<meta property=\"og:description\" content=\"Do you need help in choosing our services? Fill out the form below - we will help you choose the optimal solution.\" \/>\n<meta property=\"og:url\" content=\"https:\/\/thecamels.org\/en\/request-for-services\/?utm_source=dark&amp;utm_medium=social&amp;utm_campaign=open-graph\" \/>\n<meta property=\"og:site_name\" content=\"Thecamels.org\" \/>\n<meta property=\"article:publisher\" content=\"https:\/\/www.facebook.com\/thecamels.org\/\" \/>\n<meta property=\"article:modified_time\" content=\"2021-11-01T05:24:10+00:00\" \/>\n<meta property=\"og:image\" content=\"https:\/\/thecamels.org\/wp-content\/uploads\/2021\/08\/2.png\" \/>\n\t<meta property=\"og:image:width\" content=\"1200\" \/>\n\t<meta property=\"og:image:height\" content=\"627\" \/>\n\t<meta property=\"og:image:type\" content=\"image\/png\" \/>\n<meta name=\"twitter:card\" content=\"summary_large_image\" \/>\n<meta name=\"twitter:site\" content=\"@thecamelsorg\" \/>\n<meta name=\"twitter:label1\" content=\"Est. reading time\" \/>\n\t<meta name=\"twitter:data1\" content=\"1 minute\" \/>\n<script type=\"application\/ld+json\" class=\"yoast-schema-graph\">{\"@context\":\"https:\\\/\\\/schema.org\",\"@graph\":[{\"@type\":\"WebPage\",\"@id\":\"https:\\\/\\\/thecamels.org\\\/en\\\/request-for-services\\\/\",\"url\":\"https:\\\/\\\/thecamels.org\\\/en\\\/request-for-services\\\/\",\"name\":\"Request for services - Thecamels.org\",\"isPartOf\":{\"@id\":\"https:\\\/\\\/thecamels.org\\\/en\\\/#website\"},\"primaryImageOfPage\":{\"@id\":\"https:\\\/\\\/thecamels.org\\\/en\\\/request-for-services\\\/#primaryimage\"},\"image\":{\"@id\":\"https:\\\/\\\/thecamels.org\\\/en\\\/request-for-services\\\/#primaryimage\"},\"thumbnailUrl\":\"https:\\\/\\\/thecamels.org\\\/wp-content\\\/uploads\\\/2021\\\/08\\\/2.png\",\"datePublished\":\"2021-07-31T20:02:23+00:00\",\"dateModified\":\"2021-11-01T05:24:10+00:00\",\"description\":\"Do you need help in choosing our services? Fill out the form below - we will help you choose the optimal solution.\",\"breadcrumb\":{\"@id\":\"https:\\\/\\\/thecamels.org\\\/en\\\/request-for-services\\\/#breadcrumb\"},\"inLanguage\":\"en-US\",\"potentialAction\":[{\"@type\":\"ReadAction\",\"target\":[\"https:\\\/\\\/thecamels.org\\\/en\\\/request-for-services\\\/\"]}]},{\"@type\":\"ImageObject\",\"inLanguage\":\"en-US\",\"@id\":\"https:\\\/\\\/thecamels.org\\\/en\\\/request-for-services\\\/#primaryimage\",\"url\":\"https:\\\/\\\/thecamels.org\\\/wp-content\\\/uploads\\\/2021\\\/08\\\/2.png\",\"contentUrl\":\"https:\\\/\\\/thecamels.org\\\/wp-content\\\/uploads\\\/2021\\\/08\\\/2.png\",\"width\":1200,\"height\":627,\"caption\":\"Request for service\"},{\"@type\":\"BreadcrumbList\",\"@id\":\"https:\\\/\\\/thecamels.org\\\/en\\\/request-for-services\\\/#breadcrumb\",\"itemListElement\":[{\"@type\":\"ListItem\",\"position\":1,\"name\":\"[HOME]\",\"item\":\"https:\\\/\\\/thecamels.org\\\/en\\\/\"},{\"@type\":\"ListItem\",\"position\":2,\"name\":\"Request for services\"}]},{\"@type\":\"WebSite\",\"@id\":\"https:\\\/\\\/thecamels.org\\\/en\\\/#website\",\"url\":\"https:\\\/\\\/thecamels.org\\\/en\\\/\",\"name\":\"Thecamels.org\",\"description\":\"Hosting SSD NVMe z certyfikatem SSL i HTTP\\\/2. Administracja serwerami, skalowanie infrastruktury. Mamy g\u0142ow\u0119 do serwer\u00f3w i zadbamy o Twoj\u0105 stron\u0119 w sieci.\",\"publisher\":{\"@id\":\"https:\\\/\\\/thecamels.org\\\/en\\\/#organization\"},\"potentialAction\":[{\"@type\":\"SearchAction\",\"target\":{\"@type\":\"EntryPoint\",\"urlTemplate\":\"https:\\\/\\\/thecamels.org\\\/en\\\/?s={search_term_string}\"},\"query-input\":{\"@type\":\"PropertyValueSpecification\",\"valueRequired\":true,\"valueName\":\"search_term_string\"}}],\"inLanguage\":\"en-US\"},{\"@type\":\"Organization\",\"@id\":\"https:\\\/\\\/thecamels.org\\\/en\\\/#organization\",\"name\":\"Thecamels\",\"url\":\"https:\\\/\\\/thecamels.org\\\/en\\\/\",\"logo\":{\"@type\":\"ImageObject\",\"inLanguage\":\"en-US\",\"@id\":\"https:\\\/\\\/thecamels.org\\\/en\\\/#\\\/schema\\\/logo\\\/image\\\/\",\"url\":\"https:\\\/\\\/thecamels.org\\\/wp-content\\\/uploads\\\/2018\\\/09\\\/TC-logo-nowe.png\",\"contentUrl\":\"https:\\\/\\\/thecamels.org\\\/wp-content\\\/uploads\\\/2018\\\/09\\\/TC-logo-nowe.png\",\"width\":826,\"height\":106,\"caption\":\"Thecamels\"},\"image\":{\"@id\":\"https:\\\/\\\/thecamels.org\\\/en\\\/#\\\/schema\\\/logo\\\/image\\\/\"},\"sameAs\":[\"https:\\\/\\\/www.facebook.com\\\/thecamels.org\\\/\",\"https:\\\/\\\/x.com\\\/thecamelsorg\",\"https:\\\/\\\/www.linkedin.com\\\/company\\\/the-camels\",\"https:\\\/\\\/www.youtube.com\\\/channel\\\/UC01xYBZbIAApTuPWuqgGE4Q\"]}]}<\/script>\n<!-- \/ Yoast SEO plugin. -->","yoast_head_json":{"title":"Request for services - Thecamels.org","description":"Do you need help in choosing our services? Fill out the form below - we will help you choose the optimal solution.","robots":{"index":"index","follow":"follow","max-snippet":"max-snippet:-1","max-image-preview":"max-image-preview:large","max-video-preview":"max-video-preview:-1"},"canonical":"https:\/\/thecamels.org\/en\/request-for-services\/","og_locale":"en_US","og_type":"article","og_title":"Request for services - Thecamels.org","og_description":"Do you need help in choosing our services? Fill out the form below - we will help you choose the optimal solution.","og_url":"https:\/\/thecamels.org\/en\/request-for-services\/?utm_source=dark&utm_medium=social&utm_campaign=open-graph","og_site_name":"Thecamels.org","article_publisher":"https:\/\/www.facebook.com\/thecamels.org\/","article_modified_time":"2021-11-01T05:24:10+00:00","og_image":[{"width":1200,"height":627,"url":"https:\/\/thecamels.org\/wp-content\/uploads\/2021\/08\/2.png","type":"image\/png"}],"twitter_card":"summary_large_image","twitter_site":"@thecamelsorg","twitter_misc":{"Est. reading time":"1 minute"},"schema":{"@context":"https:\/\/schema.org","@graph":[{"@type":"WebPage","@id":"https:\/\/thecamels.org\/en\/request-for-services\/","url":"https:\/\/thecamels.org\/en\/request-for-services\/","name":"Request for services - Thecamels.org","isPartOf":{"@id":"https:\/\/thecamels.org\/en\/#website"},"primaryImageOfPage":{"@id":"https:\/\/thecamels.org\/en\/request-for-services\/#primaryimage"},"image":{"@id":"https:\/\/thecamels.org\/en\/request-for-services\/#primaryimage"},"thumbnailUrl":"https:\/\/thecamels.org\/wp-content\/uploads\/2021\/08\/2.png","datePublished":"2021-07-31T20:02:23+00:00","dateModified":"2021-11-01T05:24:10+00:00","description":"Do you need help in choosing our services? Fill out the form below - we will help you choose the optimal solution.","breadcrumb":{"@id":"https:\/\/thecamels.org\/en\/request-for-services\/#breadcrumb"},"inLanguage":"en-US","potentialAction":[{"@type":"ReadAction","target":["https:\/\/thecamels.org\/en\/request-for-services\/"]}]},{"@type":"ImageObject","inLanguage":"en-US","@id":"https:\/\/thecamels.org\/en\/request-for-services\/#primaryimage","url":"https:\/\/thecamels.org\/wp-content\/uploads\/2021\/08\/2.png","contentUrl":"https:\/\/thecamels.org\/wp-content\/uploads\/2021\/08\/2.png","width":1200,"height":627,"caption":"Request for service"},{"@type":"BreadcrumbList","@id":"https:\/\/thecamels.org\/en\/request-for-services\/#breadcrumb","itemListElement":[{"@type":"ListItem","position":1,"name":"[HOME]","item":"https:\/\/thecamels.org\/en\/"},{"@type":"ListItem","position":2,"name":"Request for services"}]},{"@type":"WebSite","@id":"https:\/\/thecamels.org\/en\/#website","url":"https:\/\/thecamels.org\/en\/","name":"Thecamels.org","description":"Hosting SSD NVMe z certyfikatem SSL i HTTP\/2. Administracja serwerami, skalowanie infrastruktury. Mamy g\u0142ow\u0119 do serwer\u00f3w i zadbamy o Twoj\u0105 stron\u0119 w sieci.","publisher":{"@id":"https:\/\/thecamels.org\/en\/#organization"},"potentialAction":[{"@type":"SearchAction","target":{"@type":"EntryPoint","urlTemplate":"https:\/\/thecamels.org\/en\/?s={search_term_string}"},"query-input":{"@type":"PropertyValueSpecification","valueRequired":true,"valueName":"search_term_string"}}],"inLanguage":"en-US"},{"@type":"Organization","@id":"https:\/\/thecamels.org\/en\/#organization","name":"Thecamels","url":"https:\/\/thecamels.org\/en\/","logo":{"@type":"ImageObject","inLanguage":"en-US","@id":"https:\/\/thecamels.org\/en\/#\/schema\/logo\/image\/","url":"https:\/\/thecamels.org\/wp-content\/uploads\/2018\/09\/TC-logo-nowe.png","contentUrl":"https:\/\/thecamels.org\/wp-content\/uploads\/2018\/09\/TC-logo-nowe.png","width":826,"height":106,"caption":"Thecamels"},"image":{"@id":"https:\/\/thecamels.org\/en\/#\/schema\/logo\/image\/"},"sameAs":["https:\/\/www.facebook.com\/thecamels.org\/","https:\/\/x.com\/thecamelsorg","https:\/\/www.linkedin.com\/company\/the-camels","https:\/\/www.youtube.com\/channel\/UC01xYBZbIAApTuPWuqgGE4Q"]}]}},"_links":{"self":[{"href":"https:\/\/thecamels.org\/en\/wp-json\/wp\/v2\/pages\/26485","targetHints":{"allow":["GET"]}}],"collection":[{"href":"https:\/\/thecamels.org\/en\/wp-json\/wp\/v2\/pages"}],"about":[{"href":"https:\/\/thecamels.org\/en\/wp-json\/wp\/v2\/types\/page"}],"author":[{"embeddable":true,"href":"https:\/\/thecamels.org\/en\/wp-json\/wp\/v2\/users\/1"}],"replies":[{"embeddable":true,"href":"https:\/\/thecamels.org\/en\/wp-json\/wp\/v2\/comments?post=26485"}],"version-history":[{"count":3,"href":"https:\/\/thecamels.org\/en\/wp-json\/wp\/v2\/pages\/26485\/revisions"}],"predecessor-version":[{"id":26800,"href":"https:\/\/thecamels.org\/en\/wp-json\/wp\/v2\/pages\/26485\/revisions\/26800"}],"wp:featuredmedia":[{"embeddable":true,"href":"https:\/\/thecamels.org\/en\/wp-json\/wp\/v2\/media\/26488"}],"wp:attachment":[{"href":"https:\/\/thecamels.org\/en\/wp-json\/wp\/v2\/media?parent=26485"}],"curies":[{"name":"wp","href":"https:\/\/api.w.org\/{rel}","templated":true}]}}