{"id":7820,"date":"2018-04-10T19:46:30","date_gmt":"2018-04-10T17:46:30","guid":{"rendered":"https:\/\/thecamels.org\/?page_id=7820"},"modified":"2021-01-23T16:17:41","modified_gmt":"2021-01-23T15:17:41","slug":"premium","status":"publish","type":"page","link":"https:\/\/thecamels.org\/en\/domains-3\/premium\/","title":{"rendered":"Premium Domains"},"content":{"rendered":"\n<h2 class=\"wp-block-heading\">What is a premium domain?<\/h2>\n\n\n\n<p>A <strong>premium domain<\/strong> is a domain classified by the master registry for a given domain ending as having a higher value than other registered domains. Its construction is usually based on an extension belonging to the so-called new generic extensions (gTLD).<\/p>\n\n\n\n<h2 class=\"wp-block-heading\">Rules for registration and renewal of premium domains<\/h2>\n\n\n\n<p>Premium domains, depending on the tip used, have separate registration and renewal rules. Their price is each time determined individually by the registrar. It happens that a premium domain can cost several thousand zlotys already on the first day of sale. Often, the registration amount is given in dollars and you have to calculate it yourself at the current rate.<\/p>\n\n\n\n<p>The amount of renewal shall also be reassessed on a case-by-case basis. So if you buy a domain in the first year for the amount of X, you can pay the amount of Y for the next year. We are never sure how much we will actually pay for the domain at renewal.<\/p>\n\n\n\n<h2 class=\"wp-block-heading\">Not every domain is a premium domain<\/h2>\n\n\n\n<p>Information about the status, whether the domain is a premium domain &#8211; we receive only after placing an order. Sometimes the registry provides such an option, after an appropriate query to its database.<\/p>\n\n\n\n<p>It should also be remembered that not every generic domain is a premium domain. To a large extent it depends on the uniqueness of the name and the decision of the registry itself.<\/p>\n\n\n\n<h2 class=\"wp-block-heading\">Individual examples of new gTLD domains<\/h2>\n\n\n\n<p>The above applies to all new gTLD domains, which include, among others:<\/p>\n\n\n\n<figure class=\"wp-block-table is-style-regular\"><table><tbody><tr><td>.auto<\/td><td>.blackfriday<\/td><td>.camp<\/td><td>.energy<\/td><td>.fashion<\/td><\/tr><tr><td>.gifts<\/td><td>.hamburger<\/td><td>.insure<\/td><td>.kitchen<\/td><td>.lol<\/td><\/tr><tr><td>.media<\/td><td>.news<\/td><td>.pizza<\/td><td>.rest<\/td><td>.studio<\/td><\/tr><tr><td>.today<\/td><td>.ventures<\/td><td>.uno<\/td><td>.vote<\/td><td>.wedding<\/td><\/tr><\/tbody><\/table><\/figure>\n\n\n\n<p>and many more.<\/p>\n","protected":false},"excerpt":{"rendered":"<p>What is a premium domain? A premium domain is a domain classified by the master registry for a given domain ending as having a higher value than other registered domains. Its construction is usually based on an extension belonging to the so-called new generic extensions (gTLD). Rules for registration and renewal of premium domains Premium&hellip;<\/p>\n","protected":false},"author":1,"featured_media":16156,"parent":7814,"menu_order":18,"comment_status":"closed","ping_status":"closed","template":"","meta":{"_acf_changed":false,"footnotes":""},"class_list":["post-7820","page","type-page","status-publish","has-post-thumbnail","hentry"],"acf":[],"yoast_head":"<!-- This site is optimized with the Yoast SEO plugin v27.4 - https:\/\/yoast.com\/product\/yoast-seo-wordpress\/ -->\n<title>Premium Domains - Thecamels.org<\/title>\n<meta name=\"description\" content=\"Premium domains are domains with a higher value than other registered domains. Its construction is based on the extension belonging to gTLD.\" \/>\n<meta name=\"robots\" content=\"index, follow, max-snippet:-1, max-image-preview:large, max-video-preview:-1\" \/>\n<link rel=\"canonical\" href=\"https:\/\/thecamels.org\/en\/domains-3\/premium\/\" \/>\n<meta property=\"og:locale\" content=\"en_US\" \/>\n<meta property=\"og:type\" content=\"article\" \/>\n<meta property=\"og:title\" content=\"Premium Domains - Thecamels.org\" \/>\n<meta property=\"og:description\" content=\"Domena premium to domeny maj\u0105ce wi\u0119ksz\u0105 warto\u015b\u0107 od pozosta\u0142ych rejestrowanych domen. Jej konstrukcja oparta jest na rozszerzeniu nale\u017c\u0105cym gTLD.\" \/>\n<meta property=\"og:url\" content=\"https:\/\/thecamels.org\/en\/domains-3\/premium\/?utm_source=dark&amp;utm_medium=social&amp;utm_campaign=open-graph\" \/>\n<meta property=\"og:site_name\" content=\"Thecamels.org\" \/>\n<meta property=\"article:publisher\" content=\"https:\/\/www.facebook.com\/thecamels.org\/\" \/>\n<meta property=\"article:modified_time\" content=\"2021-01-23T15:17:41+00:00\" \/>\n<meta property=\"og:image\" content=\"https:\/\/thecamels.org\/wp-content\/uploads\/2020\/12\/premium-domains.png\" \/>\n\t<meta property=\"og:image:width\" content=\"1200\" \/>\n\t<meta property=\"og:image:height\" content=\"627\" \/>\n\t<meta property=\"og:image:type\" content=\"image\/png\" \/>\n<meta name=\"twitter:card\" content=\"summary_large_image\" \/>\n<meta name=\"twitter:site\" content=\"@thecamelsorg\" \/>\n<meta name=\"twitter:label1\" content=\"Est. reading time\" \/>\n\t<meta name=\"twitter:data1\" content=\"2 minutes\" \/>\n<script type=\"application\/ld+json\" class=\"yoast-schema-graph\">{\"@context\":\"https:\\\/\\\/schema.org\",\"@graph\":[{\"@type\":\"WebPage\",\"@id\":\"https:\\\/\\\/thecamels.org\\\/en\\\/domains-3\\\/premium\\\/\",\"url\":\"https:\\\/\\\/thecamels.org\\\/en\\\/domains-3\\\/premium\\\/\",\"name\":\"Premium Domains - Thecamels.org\",\"isPartOf\":{\"@id\":\"https:\\\/\\\/thecamels.org\\\/en\\\/#website\"},\"primaryImageOfPage\":{\"@id\":\"https:\\\/\\\/thecamels.org\\\/en\\\/domains-3\\\/premium\\\/#primaryimage\"},\"image\":{\"@id\":\"https:\\\/\\\/thecamels.org\\\/en\\\/domains-3\\\/premium\\\/#primaryimage\"},\"thumbnailUrl\":\"https:\\\/\\\/thecamels.org\\\/wp-content\\\/uploads\\\/2020\\\/12\\\/premium-domains.png\",\"datePublished\":\"2018-04-10T17:46:30+00:00\",\"dateModified\":\"2021-01-23T15:17:41+00:00\",\"description\":\"Premium domains are domains with a higher value than other registered domains. Its construction is based on the extension belonging to gTLD.\",\"breadcrumb\":{\"@id\":\"https:\\\/\\\/thecamels.org\\\/en\\\/domains-3\\\/premium\\\/#breadcrumb\"},\"inLanguage\":\"en-US\",\"potentialAction\":[{\"@type\":\"ReadAction\",\"target\":[\"https:\\\/\\\/thecamels.org\\\/en\\\/domains-3\\\/premium\\\/\"]}]},{\"@type\":\"ImageObject\",\"inLanguage\":\"en-US\",\"@id\":\"https:\\\/\\\/thecamels.org\\\/en\\\/domains-3\\\/premium\\\/#primaryimage\",\"url\":\"https:\\\/\\\/thecamels.org\\\/wp-content\\\/uploads\\\/2020\\\/12\\\/premium-domains.png\",\"contentUrl\":\"https:\\\/\\\/thecamels.org\\\/wp-content\\\/uploads\\\/2020\\\/12\\\/premium-domains.png\",\"width\":1200,\"height\":627,\"caption\":\"Premium domains\"},{\"@type\":\"BreadcrumbList\",\"@id\":\"https:\\\/\\\/thecamels.org\\\/en\\\/domains-3\\\/premium\\\/#breadcrumb\",\"itemListElement\":[{\"@type\":\"ListItem\",\"position\":1,\"name\":\"[HOME]\",\"item\":\"https:\\\/\\\/thecamels.org\\\/en\\\/\"},{\"@type\":\"ListItem\",\"position\":2,\"name\":\"Domains\",\"item\":\"https:\\\/\\\/thecamels.org\\\/en\\\/?page_id=7814\"},{\"@type\":\"ListItem\",\"position\":3,\"name\":\"Premium Domains\"}]},{\"@type\":\"WebSite\",\"@id\":\"https:\\\/\\\/thecamels.org\\\/en\\\/#website\",\"url\":\"https:\\\/\\\/thecamels.org\\\/en\\\/\",\"name\":\"Thecamels.org\",\"description\":\"Hosting SSD NVMe z certyfikatem SSL i HTTP\\\/2. Administracja serwerami, skalowanie infrastruktury. Mamy g\u0142ow\u0119 do serwer\u00f3w i zadbamy o Twoj\u0105 stron\u0119 w sieci.\",\"publisher\":{\"@id\":\"https:\\\/\\\/thecamels.org\\\/en\\\/#organization\"},\"potentialAction\":[{\"@type\":\"SearchAction\",\"target\":{\"@type\":\"EntryPoint\",\"urlTemplate\":\"https:\\\/\\\/thecamels.org\\\/en\\\/?s={search_term_string}\"},\"query-input\":{\"@type\":\"PropertyValueSpecification\",\"valueRequired\":true,\"valueName\":\"search_term_string\"}}],\"inLanguage\":\"en-US\"},{\"@type\":\"Organization\",\"@id\":\"https:\\\/\\\/thecamels.org\\\/en\\\/#organization\",\"name\":\"Thecamels\",\"url\":\"https:\\\/\\\/thecamels.org\\\/en\\\/\",\"logo\":{\"@type\":\"ImageObject\",\"inLanguage\":\"en-US\",\"@id\":\"https:\\\/\\\/thecamels.org\\\/en\\\/#\\\/schema\\\/logo\\\/image\\\/\",\"url\":\"https:\\\/\\\/thecamels.org\\\/wp-content\\\/uploads\\\/2018\\\/09\\\/TC-logo-nowe.png\",\"contentUrl\":\"https:\\\/\\\/thecamels.org\\\/wp-content\\\/uploads\\\/2018\\\/09\\\/TC-logo-nowe.png\",\"width\":826,\"height\":106,\"caption\":\"Thecamels\"},\"image\":{\"@id\":\"https:\\\/\\\/thecamels.org\\\/en\\\/#\\\/schema\\\/logo\\\/image\\\/\"},\"sameAs\":[\"https:\\\/\\\/www.facebook.com\\\/thecamels.org\\\/\",\"https:\\\/\\\/x.com\\\/thecamelsorg\",\"https:\\\/\\\/www.linkedin.com\\\/company\\\/the-camels\",\"https:\\\/\\\/www.youtube.com\\\/channel\\\/UC01xYBZbIAApTuPWuqgGE4Q\"]}]}<\/script>\n<!-- \/ Yoast SEO plugin. -->","yoast_head_json":{"title":"Premium Domains - Thecamels.org","description":"Premium domains are domains with a higher value than other registered domains. Its construction is based on the extension belonging to gTLD.","robots":{"index":"index","follow":"follow","max-snippet":"max-snippet:-1","max-image-preview":"max-image-preview:large","max-video-preview":"max-video-preview:-1"},"canonical":"https:\/\/thecamels.org\/en\/domains-3\/premium\/","og_locale":"en_US","og_type":"article","og_title":"Premium Domains - Thecamels.org","og_description":"Domena premium to domeny maj\u0105ce wi\u0119ksz\u0105 warto\u015b\u0107 od pozosta\u0142ych rejestrowanych domen. Jej konstrukcja oparta jest na rozszerzeniu nale\u017c\u0105cym gTLD.","og_url":"https:\/\/thecamels.org\/en\/domains-3\/premium\/?utm_source=dark&utm_medium=social&utm_campaign=open-graph","og_site_name":"Thecamels.org","article_publisher":"https:\/\/www.facebook.com\/thecamels.org\/","article_modified_time":"2021-01-23T15:17:41+00:00","og_image":[{"width":1200,"height":627,"url":"https:\/\/thecamels.org\/wp-content\/uploads\/2020\/12\/premium-domains.png","type":"image\/png"}],"twitter_card":"summary_large_image","twitter_site":"@thecamelsorg","twitter_misc":{"Est. reading time":"2 minutes"},"schema":{"@context":"https:\/\/schema.org","@graph":[{"@type":"WebPage","@id":"https:\/\/thecamels.org\/en\/domains-3\/premium\/","url":"https:\/\/thecamels.org\/en\/domains-3\/premium\/","name":"Premium Domains - Thecamels.org","isPartOf":{"@id":"https:\/\/thecamels.org\/en\/#website"},"primaryImageOfPage":{"@id":"https:\/\/thecamels.org\/en\/domains-3\/premium\/#primaryimage"},"image":{"@id":"https:\/\/thecamels.org\/en\/domains-3\/premium\/#primaryimage"},"thumbnailUrl":"https:\/\/thecamels.org\/wp-content\/uploads\/2020\/12\/premium-domains.png","datePublished":"2018-04-10T17:46:30+00:00","dateModified":"2021-01-23T15:17:41+00:00","description":"Premium domains are domains with a higher value than other registered domains. Its construction is based on the extension belonging to gTLD.","breadcrumb":{"@id":"https:\/\/thecamels.org\/en\/domains-3\/premium\/#breadcrumb"},"inLanguage":"en-US","potentialAction":[{"@type":"ReadAction","target":["https:\/\/thecamels.org\/en\/domains-3\/premium\/"]}]},{"@type":"ImageObject","inLanguage":"en-US","@id":"https:\/\/thecamels.org\/en\/domains-3\/premium\/#primaryimage","url":"https:\/\/thecamels.org\/wp-content\/uploads\/2020\/12\/premium-domains.png","contentUrl":"https:\/\/thecamels.org\/wp-content\/uploads\/2020\/12\/premium-domains.png","width":1200,"height":627,"caption":"Premium domains"},{"@type":"BreadcrumbList","@id":"https:\/\/thecamels.org\/en\/domains-3\/premium\/#breadcrumb","itemListElement":[{"@type":"ListItem","position":1,"name":"[HOME]","item":"https:\/\/thecamels.org\/en\/"},{"@type":"ListItem","position":2,"name":"Domains","item":"https:\/\/thecamels.org\/en\/?page_id=7814"},{"@type":"ListItem","position":3,"name":"Premium Domains"}]},{"@type":"WebSite","@id":"https:\/\/thecamels.org\/en\/#website","url":"https:\/\/thecamels.org\/en\/","name":"Thecamels.org","description":"Hosting SSD NVMe z certyfikatem SSL i HTTP\/2. Administracja serwerami, skalowanie infrastruktury. Mamy g\u0142ow\u0119 do serwer\u00f3w i zadbamy o Twoj\u0105 stron\u0119 w sieci.","publisher":{"@id":"https:\/\/thecamels.org\/en\/#organization"},"potentialAction":[{"@type":"SearchAction","target":{"@type":"EntryPoint","urlTemplate":"https:\/\/thecamels.org\/en\/?s={search_term_string}"},"query-input":{"@type":"PropertyValueSpecification","valueRequired":true,"valueName":"search_term_string"}}],"inLanguage":"en-US"},{"@type":"Organization","@id":"https:\/\/thecamels.org\/en\/#organization","name":"Thecamels","url":"https:\/\/thecamels.org\/en\/","logo":{"@type":"ImageObject","inLanguage":"en-US","@id":"https:\/\/thecamels.org\/en\/#\/schema\/logo\/image\/","url":"https:\/\/thecamels.org\/wp-content\/uploads\/2018\/09\/TC-logo-nowe.png","contentUrl":"https:\/\/thecamels.org\/wp-content\/uploads\/2018\/09\/TC-logo-nowe.png","width":826,"height":106,"caption":"Thecamels"},"image":{"@id":"https:\/\/thecamels.org\/en\/#\/schema\/logo\/image\/"},"sameAs":["https:\/\/www.facebook.com\/thecamels.org\/","https:\/\/x.com\/thecamelsorg","https:\/\/www.linkedin.com\/company\/the-camels","https:\/\/www.youtube.com\/channel\/UC01xYBZbIAApTuPWuqgGE4Q"]}]}},"_links":{"self":[{"href":"https:\/\/thecamels.org\/en\/wp-json\/wp\/v2\/pages\/7820","targetHints":{"allow":["GET"]}}],"collection":[{"href":"https:\/\/thecamels.org\/en\/wp-json\/wp\/v2\/pages"}],"about":[{"href":"https:\/\/thecamels.org\/en\/wp-json\/wp\/v2\/types\/page"}],"author":[{"embeddable":true,"href":"https:\/\/thecamels.org\/en\/wp-json\/wp\/v2\/users\/1"}],"replies":[{"embeddable":true,"href":"https:\/\/thecamels.org\/en\/wp-json\/wp\/v2\/comments?post=7820"}],"version-history":[{"count":4,"href":"https:\/\/thecamels.org\/en\/wp-json\/wp\/v2\/pages\/7820\/revisions"}],"predecessor-version":[{"id":17643,"href":"https:\/\/thecamels.org\/en\/wp-json\/wp\/v2\/pages\/7820\/revisions\/17643"}],"up":[{"embeddable":true,"href":"https:\/\/thecamels.org\/en\/wp-json\/wp\/v2\/pages\/7814"}],"wp:featuredmedia":[{"embeddable":true,"href":"https:\/\/thecamels.org\/en\/wp-json\/wp\/v2\/media\/16156"}],"wp:attachment":[{"href":"https:\/\/thecamels.org\/en\/wp-json\/wp\/v2\/media?parent=7820"}],"curies":[{"name":"wp","href":"https:\/\/api.w.org\/{rel}","templated":true}]}}