{"id":7829,"date":"2018-04-10T20:10:38","date_gmt":"2018-04-10T18:10:38","guid":{"rendered":"https:\/\/thecamels.org\/?page_id=7829"},"modified":"2023-03-07T18:09:06","modified_gmt":"2023-03-07T17:09:06","slug":"migrate","status":"publish","type":"page","link":"https:\/\/thecamels.org\/en\/hosting\/migrate\/","title":{"rendered":"Free migration"},"content":{"rendered":"\n<h2 class=\"wp-block-heading\">We will transfer your website and mail<\/h2>\n\n\n\n<p>We are offering free migration of your website and e&#8209;mail accounts to a new hosting service. We understand that moving your website and emails to a new hosting provider can be a daunting task, and we want to make the transition as smooth as possible. If you have any questions or need assistance, please don&#8217;t hesitate to contact us.<\/p>\n\n\n\n    <ol\n        id=\"block-offer-basic-block_78891e707d47ffbbda35e29d4c35bbd8\"\n        class=\"block-offer  block-offer-basic\">\n                    <li class=\"block-offer-element\">\n                <div class=\"offer-icon\">\n                    <svg class=\"icon\">\n                        <use xlink:href=\"https:\/\/thecamels.org\/wp-content\/themes\/thecamels\/images\/svg\/svg-map.svg#support\"><\/use>\n                    <\/svg>\n                <\/div>\n                <h3 class=\"block-offer-element-heading heading-medium with-hashtag\">\n                    Excellent support                <\/h3>\n                <p class=\"block-offer-element-text\">\n                     Our team of administrators is available 24\/7 so we always react quickly to problems or reports we receive.                <\/p>\n                            <\/li>\n                    <li class=\"block-offer-element\">\n                <div class=\"offer-icon\">\n                    <svg class=\"icon\">\n                        <use xlink:href=\"https:\/\/thecamels.org\/wp-content\/themes\/thecamels\/images\/svg\/svg-map.svg#transfer\"><\/use>\n                    <\/svg>\n                <\/div>\n                <h3 class=\"block-offer-element-heading heading-medium with-hashtag\">\n                    No problems                <\/h3>\n                <p class=\"block-offer-element-text\">\n                     We will copy the page and the mail and <a href=\"https:\/\/thecamels.org\/en\/how-long-does-it-take-and-how-does-the-website-migrate\/\"><span>we will do it as soon as possible<\/span><\/a> and at a convenient time.                <\/p>\n                            <\/li>\n                    <li class=\"block-offer-element\">\n                <div class=\"offer-icon\">\n                    <svg class=\"icon\">\n                        <use xlink:href=\"https:\/\/thecamels.org\/wp-content\/themes\/thecamels\/images\/svg\/svg-map.svg#security\"><\/use>\n                    <\/svg>\n                <\/div>\n                <h3 class=\"block-offer-element-heading heading-medium with-hashtag\">\n                    Configuration                <\/h3>\n                <p class=\"block-offer-element-text\">\n                     We only offer the latest, secure and efficient software. We also take care of back-up copies of your pages and mail.                <\/p>\n                            <\/li>\n            <\/ol>\n\n\n\n<h3 class=\"wp-block-heading\">I want to move the page and the mail<\/h3>\n\n\n\n<div class=\"wpcf7 no-js\" id=\"wpcf7-f7900-o1\" lang=\"pl-PL\" dir=\"ltr\" data-wpcf7-id=\"7900\">\n<div class=\"screen-reader-response\"><p role=\"status\" aria-live=\"polite\" aria-atomic=\"true\"><\/p> <ul><\/ul><\/div>\n<form action=\"\/en\/wp-json\/wp\/v2\/pages\/7829#wpcf7-f7900-o1\" method=\"post\" class=\"wpcf7-form init\" aria-label=\"Formularz kontaktowy\" novalidate=\"novalidate\" data-status=\"init\">\n<fieldset class=\"hidden-fields-container\"><input type=\"hidden\" name=\"_wpcf7\" value=\"7900\" \/><input type=\"hidden\" name=\"_wpcf7_version\" value=\"6.1.5\" \/><input type=\"hidden\" name=\"_wpcf7_locale\" value=\"pl_PL\" \/><input type=\"hidden\" name=\"_wpcf7_unit_tag\" value=\"wpcf7-f7900-o1\" \/><input type=\"hidden\" name=\"_wpcf7_container_post\" value=\"0\" \/><input type=\"hidden\" name=\"_wpcf7_posted_data_hash\" value=\"\" \/><input type=\"hidden\" name=\"_wpcf7cf_hidden_group_fields\" value=\"[]\" \/><input type=\"hidden\" name=\"_wpcf7cf_hidden_groups\" value=\"[]\" \/><input type=\"hidden\" name=\"_wpcf7cf_visible_groups\" value=\"[]\" \/><input type=\"hidden\" name=\"_wpcf7cf_repeaters\" value=\"[]\" \/><input type=\"hidden\" name=\"_wpcf7cf_steps\" value=\"{}\" \/><input type=\"hidden\" name=\"_wpcf7cf_options\" value=\"{&quot;form_id&quot;:7900,&quot;conditions&quot;:[],&quot;settings&quot;:{&quot;animation&quot;:&quot;yes&quot;,&quot;animation_intime&quot;:200,&quot;animation_outtime&quot;:200,&quot;conditions_ui&quot;:&quot;normal&quot;,&quot;notice_dismissed&quot;:true,&quot;notice_dismissed_rollback-cf7-5.5.2&quot;:true,&quot;notice_dismissed_rollback-cf7-5.6&quot;:true}}\" \/>\n<\/fieldset>\n<p><label>First and last name or company name: <em>*<\/em><br \/>\n<span class=\"wpcf7-form-control-wrap\" data-name=\"your-name\"><input size=\"40\" maxlength=\"400\" class=\"wpcf7-form-control wpcf7-text wpcf7-validates-as-required\" aria-required=\"true\" aria-invalid=\"false\" placeholder=\"Here goes your name or company name\" value=\"\" type=\"text\" name=\"your-name\" \/><\/span> <\/label>\n<\/p>\n<p><label>Email address: <em>*<\/em><br \/>\n<span class=\"wpcf7-form-control-wrap\" data-name=\"your-email\"><input size=\"40\" maxlength=\"400\" class=\"wpcf7-form-control wpcf7-email wpcf7-validates-as-required wpcf7-text wpcf7-validates-as-email\" aria-required=\"true\" aria-invalid=\"false\" placeholder=\"Here goes your e-mail address\" value=\"\" type=\"email\" name=\"your-email\" \/><\/span> <\/label>\n<\/p>\n<p><label>Telefon:<br \/>\n<span class=\"wpcf7-form-control-wrap\" data-name=\"your-phone\"><input size=\"40\" maxlength=\"400\" class=\"wpcf7-form-control wpcf7-tel wpcf7-text wpcf7-validates-as-tel\" aria-invalid=\"false\" placeholder=\"Here goes your phone number\" value=\"\" type=\"tel\" name=\"your-phone\" \/><\/span> <\/label>\n<\/p>\n<p><label>Webpage: <em>*<\/em><br \/>\n<span class=\"wpcf7-form-control-wrap\" data-name=\"your-url\"><input size=\"40\" maxlength=\"400\" class=\"wpcf7-form-control wpcf7-url wpcf7-validates-as-required wpcf7-text wpcf7-validates-as-url\" aria-required=\"true\" aria-invalid=\"false\" placeholder=\"Here goes your webpage\" value=\"\" type=\"url\" name=\"your-url\" \/><\/span> <\/label>\n<\/p>\n<p><label>By when we should move hosting (e.g. expiration date of the current service) (dd.mm.yyyy)<br \/>\n<span class=\"wpcf7-form-control-wrap\" data-name=\"datamigracji\"><input class=\"wpcf7-form-control wpcf7-date wpcf7-validates-as-date\" aria-invalid=\"false\" value=\"\" type=\"date\" name=\"datamigracji\" \/><\/span> <\/label>\n<\/p>\n<p><label>A general description of which pages, applications will be for migration. Are these popular CMS systems or proprietary solutions? Will there be mail for migration? If yes, please give an approximate number of mailboxes and their size.<br \/>\n[textarea your-message placeholder \"Here goes your message\n\n<div class=\"schowanko\">\n   <label for=\"field-topic\">Message subject*<\/label> \n   <input name=\"topic\" type=\"text\" id=\"topic\" tabindex=\"-1\" autocomplete=\"nope\">\n<\/div>\n\n<label>Additional information:<\/label>\n[checkbox checkbox-18 use_label_element class:checkbox-multiple \"Im new Customer\" \"I have my own developer\"]<br \/>\n<span class=\"wpcf7-form-control-wrap\" data-name=\"rodo-consent\"><span class=\"wpcf7-form-control wpcf7-acceptance\"><span class=\"wpcf7-list-item\"><label><input type=\"checkbox\" name=\"rodo-consent\" value=\"1\" aria-invalid=\"false\" \/><span class=\"wpcf7-list-item-label\">The personal data provided in the form will be processed for the purpose of handling correspondence and will be administered by Thecamels. For more information, please see <a href=\"https:\/\/thecamels.org\/en\/terms-and-conditions\/privacy-and-cookie-policy\/\">privacy and cookie policy<\/a>.<\/span><\/label><\/span><\/span><\/span><br \/>\n<input class=\"wpcf7-form-control wpcf7-submit has-spinner btn btn-primary btn-big\" id=\"btnCompleteMigration\" type=\"submit\" value=\"Wy\u015blij\" \/><\/label>\n<\/p><div class=\"wpcf7-response-output\" aria-hidden=\"true\"><\/div>\n<\/form>\n<\/div>\n\n\n\n\n<h3 class=\"wp-block-heading\">Free migration<\/h3>\n\n\n\n<p>As part of each hosting package or server, we will migrate to us free of charge a selected number of websites and any number of email accounts.<\/p>\n\n\n\n<figure class=\"wp-block-table is-style-regular\"><table><tbody><tr><th>Hosting package<\/th><th>To be transferred<\/th><th>Each subsequent page<\/th><\/tr><tr><td>Mini \/ Small<\/td><td>1 page<\/td><td>21 Euro<\/td><\/tr><tr><td>Normal<\/td><td>Up to 5 pages<\/td><td>19 Euro<\/td><\/tr><tr><td>Other packages, VPS and dedicated servers<\/td><td>No limit<\/td><td>n.d.<\/td><\/tr><\/tbody><\/table><\/figure>\n\n\n\n<p>Inform us about the planned migration at least <strong>7 days before<\/strong> the expiry of your previous hosting contract. Migrations in express mode are additionally paid for.<\/p>\n\n\n\n<h3 class=\"wp-block-heading\">Improve your IT system<\/h3>\n\n\n\n<p>The <strong>Migrations &amp; Maintenance<\/strong> service helps you control costs, increase software performance and reduce the risk of unavailability when updating software, systems or IT infrastructure.<\/p>\n\n\n\n<p>The <strong>Migrations &amp; Maintenance<\/strong> service is also available:<\/p>\n\n\n\n<ul class=\"wp-block-list\">\n<li>audit of the software necessary for the update<\/li>\n\n\n\n<li>analysis of IT infrastructure<\/li>\n\n\n\n<li>monitoring of network and server resources<\/li>\n\n\n\n<li>preparation of a migration plan<\/li>\n\n\n\n<li>maintenance of the systems after completion of the operation<\/li>\n<\/ul>\n\n\n\n<p>Understanding your business is most important to us. Time and effort spent on IT infrastructure analysis will result in faster and trouble-free migration.<\/p>\n\n\n\n<p><strong>Thecamels<\/strong> offers a central point of contact for all maintenance and support issues, regardless of vendor or service provider. When taking care of and managing IT services on your behalf, we always ensure that you receive a consistent and reliable service.<\/p>\n\n\n\n<p>After sending the form our employees will contact you in order to prepare an offer and service migration. We will determine all the details and plan the migration plan and we will help in case of technical problems.<\/p>\n\n\n\n<p>Expert services are scarce and usually quite expensive. But you have a complex, powerful infrastructure that relies on multiple vendors, technologies, devices, and even locations. So you need proactive IT support to ensure uninterrupted availability and reliability.<\/p>\n\n\n\n<p>Do you have an appropriate agreement with your customer to provide support in case your systems fail? Does this support allow you to solve problems quickly and efficiently, while meeting the guaranteed level of service provision (SLA)?<\/p>\n\n\n\n<p><strong>Migrations &amp; Maintenance<\/strong> allows you to control costs, increase operational excellence and minimize risk when working on devices, networks or software. Based on trusted professionals who can manage migrations with ease and speed will bring you many benefits.<\/p>\n","protected":false},"excerpt":{"rendered":"<p>We will transfer your website and mail We are offering free migration of your website and e&#8209;mail accounts to a new hosting service. We understand that moving your website and emails to a new hosting provider can be a daunting task, and we want to make the transition as smooth as possible. If you have&hellip;<\/p>\n","protected":false},"author":1,"featured_media":16185,"parent":7783,"menu_order":14,"comment_status":"closed","ping_status":"closed","template":"","meta":{"_acf_changed":false,"footnotes":""},"class_list":["post-7829","page","type-page","status-publish","has-post-thumbnail","hentry"],"acf":[],"yoast_head":"<!-- This site is optimized with the Yoast SEO plugin v27.4 - https:\/\/yoast.com\/product\/yoast-seo-wordpress\/ -->\n<title>Free migration - Thecamels.org<\/title>\n<meta name=\"description\" content=\"Transfer your hosting and domain to us and get up to half a year free of charge. Administrators will transfer your website to us free of charge.\" \/>\n<meta name=\"robots\" content=\"index, follow, max-snippet:-1, max-image-preview:large, max-video-preview:-1\" \/>\n<link rel=\"canonical\" href=\"https:\/\/thecamels.org\/en\/hosting\/migrate\/\" \/>\n<meta property=\"og:locale\" content=\"en_US\" \/>\n<meta property=\"og:type\" content=\"article\" \/>\n<meta property=\"og:title\" content=\"Free migration - Thecamels.org\" \/>\n<meta property=\"og:description\" content=\"Transfer your hosting and domain to us and get up to half a year free of charge. Administrators will transfer your website to us free of charge.\" \/>\n<meta property=\"og:url\" content=\"https:\/\/thecamels.org\/en\/hosting\/migrate\/?utm_source=dark&amp;utm_medium=social&amp;utm_campaign=open-graph\" \/>\n<meta property=\"og:site_name\" content=\"Thecamels.org\" \/>\n<meta property=\"article:publisher\" content=\"https:\/\/www.facebook.com\/thecamels.org\/\" \/>\n<meta property=\"article:modified_time\" content=\"2023-03-07T17:09:06+00:00\" \/>\n<meta property=\"og:image\" content=\"https:\/\/thecamels.org\/wp-content\/uploads\/2020\/12\/free-migration.png\" \/>\n\t<meta property=\"og:image:width\" content=\"1200\" \/>\n\t<meta property=\"og:image:height\" content=\"627\" \/>\n\t<meta property=\"og:image:type\" content=\"image\/png\" \/>\n<meta name=\"twitter:card\" content=\"summary_large_image\" \/>\n<meta name=\"twitter:site\" content=\"@thecamelsorg\" \/>\n<meta name=\"twitter:label1\" content=\"Est. reading time\" \/>\n\t<meta name=\"twitter:data1\" content=\"3 minutes\" \/>\n<script type=\"application\/ld+json\" class=\"yoast-schema-graph\">{\"@context\":\"https:\\\/\\\/schema.org\",\"@graph\":[{\"@type\":\"WebPage\",\"@id\":\"https:\\\/\\\/thecamels.org\\\/en\\\/hosting\\\/migrate\\\/\",\"url\":\"https:\\\/\\\/thecamels.org\\\/en\\\/hosting\\\/migrate\\\/\",\"name\":\"Free migration - Thecamels.org\",\"isPartOf\":{\"@id\":\"https:\\\/\\\/thecamels.org\\\/en\\\/#website\"},\"primaryImageOfPage\":{\"@id\":\"https:\\\/\\\/thecamels.org\\\/en\\\/hosting\\\/migrate\\\/#primaryimage\"},\"image\":{\"@id\":\"https:\\\/\\\/thecamels.org\\\/en\\\/hosting\\\/migrate\\\/#primaryimage\"},\"thumbnailUrl\":\"https:\\\/\\\/thecamels.org\\\/wp-content\\\/uploads\\\/2020\\\/12\\\/free-migration.png\",\"datePublished\":\"2018-04-10T18:10:38+00:00\",\"dateModified\":\"2023-03-07T17:09:06+00:00\",\"description\":\"Transfer your hosting and domain to us and get up to half a year free of charge. Administrators will transfer your website to us free of charge.\",\"breadcrumb\":{\"@id\":\"https:\\\/\\\/thecamels.org\\\/en\\\/hosting\\\/migrate\\\/#breadcrumb\"},\"inLanguage\":\"en-US\",\"potentialAction\":[{\"@type\":\"ReadAction\",\"target\":[\"https:\\\/\\\/thecamels.org\\\/en\\\/hosting\\\/migrate\\\/\"]}]},{\"@type\":\"ImageObject\",\"inLanguage\":\"en-US\",\"@id\":\"https:\\\/\\\/thecamels.org\\\/en\\\/hosting\\\/migrate\\\/#primaryimage\",\"url\":\"https:\\\/\\\/thecamels.org\\\/wp-content\\\/uploads\\\/2020\\\/12\\\/free-migration.png\",\"contentUrl\":\"https:\\\/\\\/thecamels.org\\\/wp-content\\\/uploads\\\/2020\\\/12\\\/free-migration.png\",\"width\":1200,\"height\":627,\"caption\":\"Free migration\"},{\"@type\":\"BreadcrumbList\",\"@id\":\"https:\\\/\\\/thecamels.org\\\/en\\\/hosting\\\/migrate\\\/#breadcrumb\",\"itemListElement\":[{\"@type\":\"ListItem\",\"position\":1,\"name\":\"[HOME]\",\"item\":\"https:\\\/\\\/thecamels.org\\\/en\\\/\"},{\"@type\":\"ListItem\",\"position\":2,\"name\":\"Hosting based on SSD NVMe\",\"item\":\"https:\\\/\\\/thecamels.org\\\/en\\\/hosting\\\/\"},{\"@type\":\"ListItem\",\"position\":3,\"name\":\"Free migration\"}]},{\"@type\":\"WebSite\",\"@id\":\"https:\\\/\\\/thecamels.org\\\/en\\\/#website\",\"url\":\"https:\\\/\\\/thecamels.org\\\/en\\\/\",\"name\":\"Thecamels.org\",\"description\":\"Hosting SSD NVMe z certyfikatem SSL i HTTP\\\/2. Administracja serwerami, skalowanie infrastruktury. Mamy g\u0142ow\u0119 do serwer\u00f3w i zadbamy o Twoj\u0105 stron\u0119 w sieci.\",\"publisher\":{\"@id\":\"https:\\\/\\\/thecamels.org\\\/en\\\/#organization\"},\"potentialAction\":[{\"@type\":\"SearchAction\",\"target\":{\"@type\":\"EntryPoint\",\"urlTemplate\":\"https:\\\/\\\/thecamels.org\\\/en\\\/?s={search_term_string}\"},\"query-input\":{\"@type\":\"PropertyValueSpecification\",\"valueRequired\":true,\"valueName\":\"search_term_string\"}}],\"inLanguage\":\"en-US\"},{\"@type\":\"Organization\",\"@id\":\"https:\\\/\\\/thecamels.org\\\/en\\\/#organization\",\"name\":\"Thecamels\",\"url\":\"https:\\\/\\\/thecamels.org\\\/en\\\/\",\"logo\":{\"@type\":\"ImageObject\",\"inLanguage\":\"en-US\",\"@id\":\"https:\\\/\\\/thecamels.org\\\/en\\\/#\\\/schema\\\/logo\\\/image\\\/\",\"url\":\"https:\\\/\\\/thecamels.org\\\/wp-content\\\/uploads\\\/2018\\\/09\\\/TC-logo-nowe.png\",\"contentUrl\":\"https:\\\/\\\/thecamels.org\\\/wp-content\\\/uploads\\\/2018\\\/09\\\/TC-logo-nowe.png\",\"width\":826,\"height\":106,\"caption\":\"Thecamels\"},\"image\":{\"@id\":\"https:\\\/\\\/thecamels.org\\\/en\\\/#\\\/schema\\\/logo\\\/image\\\/\"},\"sameAs\":[\"https:\\\/\\\/www.facebook.com\\\/thecamels.org\\\/\",\"https:\\\/\\\/x.com\\\/thecamelsorg\",\"https:\\\/\\\/www.linkedin.com\\\/company\\\/the-camels\",\"https:\\\/\\\/www.youtube.com\\\/channel\\\/UC01xYBZbIAApTuPWuqgGE4Q\"]}]}<\/script>\n<!-- \/ Yoast SEO plugin. -->","yoast_head_json":{"title":"Free migration - Thecamels.org","description":"Transfer your hosting and domain to us and get up to half a year free of charge. Administrators will transfer your website to us free of charge.","robots":{"index":"index","follow":"follow","max-snippet":"max-snippet:-1","max-image-preview":"max-image-preview:large","max-video-preview":"max-video-preview:-1"},"canonical":"https:\/\/thecamels.org\/en\/hosting\/migrate\/","og_locale":"en_US","og_type":"article","og_title":"Free migration - Thecamels.org","og_description":"Transfer your hosting and domain to us and get up to half a year free of charge. Administrators will transfer your website to us free of charge.","og_url":"https:\/\/thecamels.org\/en\/hosting\/migrate\/?utm_source=dark&utm_medium=social&utm_campaign=open-graph","og_site_name":"Thecamels.org","article_publisher":"https:\/\/www.facebook.com\/thecamels.org\/","article_modified_time":"2023-03-07T17:09:06+00:00","og_image":[{"width":1200,"height":627,"url":"https:\/\/thecamels.org\/wp-content\/uploads\/2020\/12\/free-migration.png","type":"image\/png"}],"twitter_card":"summary_large_image","twitter_site":"@thecamelsorg","twitter_misc":{"Est. reading time":"3 minutes"},"schema":{"@context":"https:\/\/schema.org","@graph":[{"@type":"WebPage","@id":"https:\/\/thecamels.org\/en\/hosting\/migrate\/","url":"https:\/\/thecamels.org\/en\/hosting\/migrate\/","name":"Free migration - Thecamels.org","isPartOf":{"@id":"https:\/\/thecamels.org\/en\/#website"},"primaryImageOfPage":{"@id":"https:\/\/thecamels.org\/en\/hosting\/migrate\/#primaryimage"},"image":{"@id":"https:\/\/thecamels.org\/en\/hosting\/migrate\/#primaryimage"},"thumbnailUrl":"https:\/\/thecamels.org\/wp-content\/uploads\/2020\/12\/free-migration.png","datePublished":"2018-04-10T18:10:38+00:00","dateModified":"2023-03-07T17:09:06+00:00","description":"Transfer your hosting and domain to us and get up to half a year free of charge. Administrators will transfer your website to us free of charge.","breadcrumb":{"@id":"https:\/\/thecamels.org\/en\/hosting\/migrate\/#breadcrumb"},"inLanguage":"en-US","potentialAction":[{"@type":"ReadAction","target":["https:\/\/thecamels.org\/en\/hosting\/migrate\/"]}]},{"@type":"ImageObject","inLanguage":"en-US","@id":"https:\/\/thecamels.org\/en\/hosting\/migrate\/#primaryimage","url":"https:\/\/thecamels.org\/wp-content\/uploads\/2020\/12\/free-migration.png","contentUrl":"https:\/\/thecamels.org\/wp-content\/uploads\/2020\/12\/free-migration.png","width":1200,"height":627,"caption":"Free migration"},{"@type":"BreadcrumbList","@id":"https:\/\/thecamels.org\/en\/hosting\/migrate\/#breadcrumb","itemListElement":[{"@type":"ListItem","position":1,"name":"[HOME]","item":"https:\/\/thecamels.org\/en\/"},{"@type":"ListItem","position":2,"name":"Hosting based on SSD NVMe","item":"https:\/\/thecamels.org\/en\/hosting\/"},{"@type":"ListItem","position":3,"name":"Free migration"}]},{"@type":"WebSite","@id":"https:\/\/thecamels.org\/en\/#website","url":"https:\/\/thecamels.org\/en\/","name":"Thecamels.org","description":"Hosting SSD NVMe z certyfikatem SSL i HTTP\/2. Administracja serwerami, skalowanie infrastruktury. Mamy g\u0142ow\u0119 do serwer\u00f3w i zadbamy o Twoj\u0105 stron\u0119 w sieci.","publisher":{"@id":"https:\/\/thecamels.org\/en\/#organization"},"potentialAction":[{"@type":"SearchAction","target":{"@type":"EntryPoint","urlTemplate":"https:\/\/thecamels.org\/en\/?s={search_term_string}"},"query-input":{"@type":"PropertyValueSpecification","valueRequired":true,"valueName":"search_term_string"}}],"inLanguage":"en-US"},{"@type":"Organization","@id":"https:\/\/thecamels.org\/en\/#organization","name":"Thecamels","url":"https:\/\/thecamels.org\/en\/","logo":{"@type":"ImageObject","inLanguage":"en-US","@id":"https:\/\/thecamels.org\/en\/#\/schema\/logo\/image\/","url":"https:\/\/thecamels.org\/wp-content\/uploads\/2018\/09\/TC-logo-nowe.png","contentUrl":"https:\/\/thecamels.org\/wp-content\/uploads\/2018\/09\/TC-logo-nowe.png","width":826,"height":106,"caption":"Thecamels"},"image":{"@id":"https:\/\/thecamels.org\/en\/#\/schema\/logo\/image\/"},"sameAs":["https:\/\/www.facebook.com\/thecamels.org\/","https:\/\/x.com\/thecamelsorg","https:\/\/www.linkedin.com\/company\/the-camels","https:\/\/www.youtube.com\/channel\/UC01xYBZbIAApTuPWuqgGE4Q"]}]}},"_links":{"self":[{"href":"https:\/\/thecamels.org\/en\/wp-json\/wp\/v2\/pages\/7829","targetHints":{"allow":["GET"]}}],"collection":[{"href":"https:\/\/thecamels.org\/en\/wp-json\/wp\/v2\/pages"}],"about":[{"href":"https:\/\/thecamels.org\/en\/wp-json\/wp\/v2\/types\/page"}],"author":[{"embeddable":true,"href":"https:\/\/thecamels.org\/en\/wp-json\/wp\/v2\/users\/1"}],"replies":[{"embeddable":true,"href":"https:\/\/thecamels.org\/en\/wp-json\/wp\/v2\/comments?post=7829"}],"version-history":[{"count":5,"href":"https:\/\/thecamels.org\/en\/wp-json\/wp\/v2\/pages\/7829\/revisions"}],"predecessor-version":[{"id":27062,"href":"https:\/\/thecamels.org\/en\/wp-json\/wp\/v2\/pages\/7829\/revisions\/27062"}],"up":[{"embeddable":true,"href":"https:\/\/thecamels.org\/en\/wp-json\/wp\/v2\/pages\/7783"}],"wp:featuredmedia":[{"embeddable":true,"href":"https:\/\/thecamels.org\/en\/wp-json\/wp\/v2\/media\/16185"}],"wp:attachment":[{"href":"https:\/\/thecamels.org\/en\/wp-json\/wp\/v2\/media?parent=7829"}],"curies":[{"name":"wp","href":"https:\/\/api.w.org\/{rel}","templated":true}]}}