{"id":7835,"date":"2018-03-07T09:25:09","date_gmt":"2018-03-07T08:25:09","guid":{"rendered":"https:\/\/thecamels.org\/?page_id=7835"},"modified":"2022-03-28T09:32:08","modified_gmt":"2022-03-28T07:32:08","slug":"contact","status":"publish","type":"page","link":"https:\/\/thecamels.org\/en\/contact\/","title":{"rendered":"Contact"},"content":{"rendered":"\n<div\n    id=\"block-header-block_5ff1bed16e630\"\n    class=\"block-header block-header-small\">\n\n    <div class=\"block-header-content\">\n        <p id=\"breadcrumbs\">You are here:<span><span><a href=\"https:\/\/thecamels.org\/en\/\"><span>Home page<\/span><\/a><\/span><\/span><\/p>        <h1 class=\"block-header-content-heading heading-largest\">\n            How can we help you?        <\/h1>\n        <p class=\"block-header-content-text\">\n            It all starts with contact. Feel free to ask us about anything, describe your ideas or give us the most ambitious tasks. We will be happy to explain all the details, suggest tailor-made solutions and present a sensible offer.        <\/p>\n                            <a\n                class=\"btn btn-primary-with-arrow\"\n                href=\"https:\/\/panel.thecamels.org\/login?language=english\"\n                target=\"_blank\">\n                Client Area            <\/a>\n                            <a\n                class=\"btn btn-primary-with-arrow btn-dark\"\n                href=\"https:\/\/panel.thecamels.org\/knowledgebase?language=english\"\n                target=\"_blank\">\n                Knowledgebase            <\/a>\n        \n    <\/div>\n    <figure class=\"block-header-image\">\n                    <img fetchpriority=\"high\" decoding=\"async\" width=\"600\" height=\"617\" src=\"https:\/\/thecamels.org\/wp-content\/uploads\/2020\/12\/contact-header.jpg\" class=\"block-header-image-picture\" alt=\"Kontakt\" loading=\"eager\" \/>            <\/figure>\n    <div class=\"panel-info\">\n    <strong class=\"panel-info-title\">\n        Looking for support?    <\/strong>\n    <p class=\"panel-info-text\">\n        Check out our Help section    <\/p>\n<\/div><\/div>\n\n\n\n    <ol\n        id=\"block-offer-basic-block_5fdb3466fd35a\"\n        class=\"block-offer  block-offer-basic\">\n                    <li class=\"block-offer-element\">\n                <div class=\"offer-icon\">\n                    <svg class=\"icon\">\n                        <use xlink:href=\"https:\/\/thecamels.org\/wp-content\/themes\/thecamels\/images\/svg\/svg-map.svg#info\"><\/use>\n                    <\/svg>\n                <\/div>\n                <h3 class=\"block-offer-element-heading heading-medium with-hashtag\">\n                    Important information                <\/h3>\n                <p class=\"block-offer-element-text\">\n                    Contact via customer panel will allow for the most competent information. Our employee will be able to prepare properly, and all the information will be collected in a clear instruction manual, to which you will always be able to return.                <\/p>\n                                    \n                    <a\n                        class=\"btn btn-primary-with-arrow\"\n                        href=\"https:\/\/panel.thecamels.org\/login?language=english\"\n                        target=\"_self\">\n                        Customer panel                    <\/a>\n                            <\/li>\n                    <li class=\"block-offer-element\">\n                <div class=\"offer-icon\">\n                    <svg class=\"icon\">\n                        <use xlink:href=\"https:\/\/thecamels.org\/wp-content\/themes\/thecamels\/images\/svg\/svg-map.svg#comfort\"><\/use>\n                    <\/svg>\n                <\/div>\n                <h3 class=\"block-offer-element-heading heading-medium with-hashtag\">\n                    Knowledge                <\/h3>\n                <p class=\"block-offer-element-text\">\n                    We have prepared a comprehensive knowledge base so that you can solve problems on your own, learn new things and learn how to configure your server.                <\/p>\n                                    \n                    <a\n                        class=\"btn btn-primary-with-arrow\"\n                        href=\"https:\/\/panel.thecamels.org\/knowledgebase?language=english\"\n                        target=\"_self\">\n                        Knowledgebase                    <\/a>\n                            <\/li>\n                    <li class=\"block-offer-element\">\n                <div class=\"offer-icon\">\n                    <svg class=\"icon\">\n                        <use xlink:href=\"https:\/\/thecamels.org\/wp-content\/themes\/thecamels\/images\/svg\/svg-map.svg#time\"><\/use>\n                    <\/svg>\n                <\/div>\n                <h3 class=\"block-offer-element-heading heading-medium with-hashtag\">\n                    Response time                <\/h3>\n                <p class=\"block-offer-element-text\">\n                    We try to react to every problem and inquiry on an ongoing basis. Even if you wait a little longer, it only means that we are working on the right solution for you. We are always nearby. Enjoy!                <\/p>\n                            <\/li>\n            <\/ol>\n\n\n\n    <div\n        id=\"block-cta-block_5fdb39fbb72ca\"\n        class=\"block-cta block-cta-dark\">\n        <h2 class=\"block-cta-heading heading-large with-hashtag-centered\">\n            Service status        <\/h2>\n\n    <div class=\"block-cta-content\">\n        <p class=\"block-cta-content-text\">\n            Do you want to check the status of our infrastructure? Or maybe you need to know about planned maintenance work? You will find all this information on our website:        <\/p>\n\n        <div class=\"block-cta-content-buttons\">\n            \n                                    <a\n                class=\"btn btn-primary-with-arrow\"\n                href=\"https:\/\/status.thecamels.org\/index_en.html\"\n                target=\"_blank\">\n                status.thecamels.org            <\/a>\n        <\/div>\n            <\/div>\n            <figure class=\"block-cta-figure\">\n            <img decoding=\"async\" width=\"265\" height=\"245\" src=\"https:\/\/thecamels.org\/wp-content\/uploads\/2020\/12\/service-status-image.jpg\" class=\"block-cta-figure-image\" alt=\"Status us\u0142ug - ilustracja\" loading=\"lazy\" \/>        <\/figure>\n    \n<\/div>\n\n\n\n<div\n    id=\"contact-us\"\n    class=\"block-contact-tabs tabs\">\n\n    <div class=\"tabs\">\n        <ul class=\"tabs-list\">\n            <li class=\"tabs-list-item is-active\">\n                I am a client of Thecamels            <\/li>\n            <li class=\"tabs-list-item\">\n                I don&#8217;t have an account yet            <\/li>\n        <\/ul>\n        <div class=\"tabs-content\">\n            <div class=\"tabs-content-element\">\n                <div class=\"block-cta block-cta-minimal\">\n                    <div class=\"block-cta-content\">\n                        <p class=\"block-cta-content-text\">\n                        Search for the solution to your problem in our knowledge base or use the customer panel where we will help you solve your problem.                        <\/p>\n                        <div class=\"block-cta-content-buttons\">\n                                                        <a\n                                class=\"btn btn-secondary-with-arrow btn-big\"\n                                href=\"https:\/\/panel.thecamels.org\/login?language=english\"\n                                >\n                                Customer panel                            <\/a>\n                                                        <a\n                                class=\"btn btn-primary-with-arrow btn-dark\"\n                                href=\"https:\/\/panel.thecamels.org\/knowledgebase?language=english\"\n                                target=\"_blank\">\n                                Knowledgebase                            <\/a>\n                        <\/div>\n                        <span class=\"decoration-camel-big-right\"><\/span>\n                    <\/div>\n                <\/div>\n            <\/div>\n            <div class=\"tabs-content-element\">\n                <div class=\"block-contact-form\">\n                    <section class=\"block-contact-form-content\">\n                        <h2 class=\"block-contact-form-content-heading heading-large\">\n                            Not yet a customer, but have a question about our services?                        <\/h2>\n                        <p class=\"block-contact-form-content-text\">\n                            It all starts with contact. Feel free to ask us about anything, describe your ideas or give us the most ambitious tasks. We will be happy to explain all the details, suggest tailor-made solutions and present a sensible offer.<br \/>\r\n<br \/>\r\nThe contact form is not for customer support. If you want help, please log into your account and ask us a question there.                        <\/p>\n                    <\/section>\n                                            \n<div class=\"wpcf7 no-js\" id=\"wpcf7-f8039-o1\" lang=\"pl-PL\" dir=\"ltr\" data-wpcf7-id=\"8039\">\n<div class=\"screen-reader-response\"><p role=\"status\" aria-live=\"polite\" aria-atomic=\"true\"><\/p> <ul><\/ul><\/div>\n<form action=\"\/en\/wp-json\/wp\/v2\/pages\/7835#wpcf7-f8039-o1\" method=\"post\" class=\"wpcf7-form init\" aria-label=\"Formularz kontaktowy\" novalidate=\"novalidate\" data-status=\"init\">\n<fieldset class=\"hidden-fields-container\"><input type=\"hidden\" name=\"_wpcf7\" value=\"8039\" \/><input type=\"hidden\" name=\"_wpcf7_version\" value=\"6.1.5\" \/><input type=\"hidden\" name=\"_wpcf7_locale\" value=\"pl_PL\" \/><input type=\"hidden\" name=\"_wpcf7_unit_tag\" value=\"wpcf7-f8039-o1\" \/><input type=\"hidden\" name=\"_wpcf7_container_post\" value=\"0\" \/><input type=\"hidden\" name=\"_wpcf7_posted_data_hash\" value=\"\" \/><input type=\"hidden\" name=\"_wpcf7cf_hidden_group_fields\" value=\"[]\" \/><input type=\"hidden\" name=\"_wpcf7cf_hidden_groups\" value=\"[]\" \/><input type=\"hidden\" name=\"_wpcf7cf_visible_groups\" value=\"[]\" \/><input type=\"hidden\" name=\"_wpcf7cf_repeaters\" value=\"[]\" \/><input type=\"hidden\" name=\"_wpcf7cf_steps\" value=\"{}\" \/><input type=\"hidden\" name=\"_wpcf7cf_options\" value=\"{&quot;form_id&quot;:8039,&quot;conditions&quot;:[],&quot;settings&quot;:{&quot;animation&quot;:&quot;yes&quot;,&quot;animation_intime&quot;:200,&quot;animation_outtime&quot;:200,&quot;conditions_ui&quot;:&quot;normal&quot;,&quot;notice_dismissed&quot;:true,&quot;notice_dismissed_rollback-cf7-5.5.2&quot;:true,&quot;notice_dismissed_rollback-cf7-5.6&quot;:true}}\" \/>\n<\/fieldset>\n<p><label>First and last name or company name: <em>*<\/em><br \/>\n<span class=\"wpcf7-form-control-wrap\" data-name=\"your-name\"><input size=\"40\" maxlength=\"400\" class=\"wpcf7-form-control wpcf7-text wpcf7-validates-as-required\" aria-required=\"true\" aria-invalid=\"false\" placeholder=\"Here goes your name or company name\" value=\"\" type=\"text\" name=\"your-name\" \/><\/span> <\/label>\n<\/p>\n<p><label>E-mail address: <em>*<\/em><br \/>\n<span class=\"wpcf7-form-control-wrap\" data-name=\"your-email\"><input size=\"40\" maxlength=\"400\" class=\"wpcf7-form-control wpcf7-email wpcf7-validates-as-required wpcf7-text wpcf7-validates-as-email\" aria-required=\"true\" aria-invalid=\"false\" placeholder=\"Here goes your e&#8209;mail address\" value=\"\" type=\"email\" name=\"your-email\" \/><\/span> <\/label>\n<\/p>\n<p><label>Phone: <em>*<\/em><br \/>\n<span class=\"wpcf7-form-control-wrap\" data-name=\"your-phone\"><input size=\"40\" maxlength=\"400\" class=\"wpcf7-form-control wpcf7-tel wpcf7-validates-as-required wpcf7-text wpcf7-validates-as-tel\" aria-required=\"true\" aria-invalid=\"false\" placeholder=\"Here goes your phone number\" value=\"\" type=\"tel\" name=\"your-phone\" \/><\/span> <\/label>\n<\/p>\n<p><label>Message content:<br \/>\n<span class=\"wpcf7-form-control-wrap\" data-name=\"your-message\"><textarea cols=\"40\" rows=\"10\" maxlength=\"2000\" class=\"wpcf7-form-control wpcf7-textarea\" aria-invalid=\"false\" placeholder=\"Here goes content of your message\" name=\"your-message\"><\/textarea><\/span> <\/label>\n<\/p>\n<div class=\"schowanko\">\n\t<p><label for=\"field-topic\">Message subject*<\/label><br \/>\n<input name=\"topic\" type=\"text\" id=\"topic\" tabindex=\"-1\" autocomplete=\"nope\" \/>\n\t<\/p>\n<\/div>\n<p><span class=\"wpcf7-form-control-wrap\" data-name=\"rodo-consent\"><span class=\"wpcf7-form-control wpcf7-acceptance\"><span class=\"wpcf7-list-item\"><label><input type=\"checkbox\" name=\"rodo-consent\" value=\"1\" aria-invalid=\"false\" \/><span class=\"wpcf7-list-item-label\">The personal data provided in the form will be processed for the purpose of handling correspondence and will be administered by Thecamels. For more information, please see <a href=\"https:\/\/thecamels.org\/en\/terms-and-conditions\/privacy-and-cookie-policy\/\"><span>privacy and cookie policy<\/span><\/a>.<\/span><\/label><\/span><\/span><\/span>\n<\/p>\n<p><input class=\"wpcf7-form-control wpcf7-submit has-spinner btn btn-primary btn-big\" id=\"btnLead\" type=\"submit\" value=\"Send\" \/>\n<\/p><div class=\"wpcf7-response-output\" aria-hidden=\"true\"><\/div>\n<\/form>\n<\/div>\n                                    <\/div>\n            <\/div>\n        <\/div>\n    <\/div>\n<\/div>\n","protected":false},"excerpt":{"rendered":"","protected":false},"author":1,"featured_media":16193,"parent":0,"menu_order":30,"comment_status":"closed","ping_status":"closed","template":"template-subpage.php","meta":{"_acf_changed":false,"footnotes":""},"class_list":["post-7835","page","type-page","status-publish","has-post-thumbnail","hentry"],"acf":[],"yoast_head":"<!-- This site is optimized with the Yoast SEO plugin v27.4 - https:\/\/yoast.com\/product\/yoast-seo-wordpress\/ -->\n<title>Contact - Thecamels.org<\/title>\n<meta name=\"description\" content=\"Did you know that our administrators answer your questions within minutes? We have one of the fastest operating support services.\" \/>\n<meta name=\"robots\" content=\"index, follow, max-snippet:-1, max-image-preview:large, max-video-preview:-1\" \/>\n<link rel=\"canonical\" href=\"https:\/\/thecamels.org\/en\/contact\/\" \/>\n<meta property=\"og:locale\" content=\"en_US\" \/>\n<meta property=\"og:type\" content=\"article\" \/>\n<meta property=\"og:title\" content=\"Contact - Thecamels.org\" \/>\n<meta property=\"og:description\" content=\"Did you know that our administrators answer your questions within minutes? We have one of the fastest operating support services.\" \/>\n<meta property=\"og:url\" content=\"https:\/\/thecamels.org\/en\/contact\/?utm_source=dark&amp;utm_medium=social&amp;utm_campaign=open-graph\" \/>\n<meta property=\"og:site_name\" content=\"Thecamels.org\" \/>\n<meta property=\"article:publisher\" content=\"https:\/\/www.facebook.com\/thecamels.org\/\" \/>\n<meta property=\"article:modified_time\" content=\"2022-03-28T07:32:08+00:00\" \/>\n<meta property=\"og:image\" content=\"https:\/\/thecamels.org\/wp-content\/uploads\/2020\/12\/contact.png\" \/>\n\t<meta property=\"og:image:width\" content=\"1200\" \/>\n\t<meta property=\"og:image:height\" content=\"627\" \/>\n\t<meta property=\"og:image:type\" content=\"image\/png\" \/>\n<meta name=\"twitter:card\" content=\"summary_large_image\" \/>\n<meta name=\"twitter:site\" content=\"@thecamelsorg\" \/>\n<script type=\"application\/ld+json\" class=\"yoast-schema-graph\">{\"@context\":\"https:\\\/\\\/schema.org\",\"@graph\":[{\"@type\":\"WebPage\",\"@id\":\"https:\\\/\\\/thecamels.org\\\/en\\\/contact\\\/\",\"url\":\"https:\\\/\\\/thecamels.org\\\/en\\\/contact\\\/\",\"name\":\"Contact - Thecamels.org\",\"isPartOf\":{\"@id\":\"https:\\\/\\\/thecamels.org\\\/en\\\/#website\"},\"primaryImageOfPage\":{\"@id\":\"https:\\\/\\\/thecamels.org\\\/en\\\/contact\\\/#primaryimage\"},\"image\":{\"@id\":\"https:\\\/\\\/thecamels.org\\\/en\\\/contact\\\/#primaryimage\"},\"thumbnailUrl\":\"https:\\\/\\\/thecamels.org\\\/wp-content\\\/uploads\\\/2020\\\/12\\\/contact.png\",\"datePublished\":\"2018-03-07T08:25:09+00:00\",\"dateModified\":\"2022-03-28T07:32:08+00:00\",\"description\":\"Did you know that our administrators answer your questions within minutes? We have one of the fastest operating support services.\",\"breadcrumb\":{\"@id\":\"https:\\\/\\\/thecamels.org\\\/en\\\/contact\\\/#breadcrumb\"},\"inLanguage\":\"en-US\",\"potentialAction\":[{\"@type\":\"ReadAction\",\"target\":[\"https:\\\/\\\/thecamels.org\\\/en\\\/contact\\\/\"]}]},{\"@type\":\"ImageObject\",\"inLanguage\":\"en-US\",\"@id\":\"https:\\\/\\\/thecamels.org\\\/en\\\/contact\\\/#primaryimage\",\"url\":\"https:\\\/\\\/thecamels.org\\\/wp-content\\\/uploads\\\/2020\\\/12\\\/contact.png\",\"contentUrl\":\"https:\\\/\\\/thecamels.org\\\/wp-content\\\/uploads\\\/2020\\\/12\\\/contact.png\",\"width\":1200,\"height\":627,\"caption\":\"Contact\"},{\"@type\":\"BreadcrumbList\",\"@id\":\"https:\\\/\\\/thecamels.org\\\/en\\\/contact\\\/#breadcrumb\",\"itemListElement\":[{\"@type\":\"ListItem\",\"position\":1,\"name\":\"[HOME]\",\"item\":\"https:\\\/\\\/thecamels.org\\\/en\\\/\"},{\"@type\":\"ListItem\",\"position\":2,\"name\":\"Contact\"}]},{\"@type\":\"WebSite\",\"@id\":\"https:\\\/\\\/thecamels.org\\\/en\\\/#website\",\"url\":\"https:\\\/\\\/thecamels.org\\\/en\\\/\",\"name\":\"Thecamels.org\",\"description\":\"Hosting SSD NVMe z certyfikatem SSL i HTTP\\\/2. Administracja serwerami, skalowanie infrastruktury. Mamy g\u0142ow\u0119 do serwer\u00f3w i zadbamy o Twoj\u0105 stron\u0119 w sieci.\",\"publisher\":{\"@id\":\"https:\\\/\\\/thecamels.org\\\/en\\\/#organization\"},\"potentialAction\":[{\"@type\":\"SearchAction\",\"target\":{\"@type\":\"EntryPoint\",\"urlTemplate\":\"https:\\\/\\\/thecamels.org\\\/en\\\/?s={search_term_string}\"},\"query-input\":{\"@type\":\"PropertyValueSpecification\",\"valueRequired\":true,\"valueName\":\"search_term_string\"}}],\"inLanguage\":\"en-US\"},{\"@type\":\"Organization\",\"@id\":\"https:\\\/\\\/thecamels.org\\\/en\\\/#organization\",\"name\":\"Thecamels\",\"url\":\"https:\\\/\\\/thecamels.org\\\/en\\\/\",\"logo\":{\"@type\":\"ImageObject\",\"inLanguage\":\"en-US\",\"@id\":\"https:\\\/\\\/thecamels.org\\\/en\\\/#\\\/schema\\\/logo\\\/image\\\/\",\"url\":\"https:\\\/\\\/thecamels.org\\\/wp-content\\\/uploads\\\/2018\\\/09\\\/TC-logo-nowe.png\",\"contentUrl\":\"https:\\\/\\\/thecamels.org\\\/wp-content\\\/uploads\\\/2018\\\/09\\\/TC-logo-nowe.png\",\"width\":826,\"height\":106,\"caption\":\"Thecamels\"},\"image\":{\"@id\":\"https:\\\/\\\/thecamels.org\\\/en\\\/#\\\/schema\\\/logo\\\/image\\\/\"},\"sameAs\":[\"https:\\\/\\\/www.facebook.com\\\/thecamels.org\\\/\",\"https:\\\/\\\/x.com\\\/thecamelsorg\",\"https:\\\/\\\/www.linkedin.com\\\/company\\\/the-camels\",\"https:\\\/\\\/www.youtube.com\\\/channel\\\/UC01xYBZbIAApTuPWuqgGE4Q\"]}]}<\/script>\n<!-- \/ Yoast SEO plugin. -->","yoast_head_json":{"title":"Contact - Thecamels.org","description":"Did you know that our administrators answer your questions within minutes? We have one of the fastest operating support services.","robots":{"index":"index","follow":"follow","max-snippet":"max-snippet:-1","max-image-preview":"max-image-preview:large","max-video-preview":"max-video-preview:-1"},"canonical":"https:\/\/thecamels.org\/en\/contact\/","og_locale":"en_US","og_type":"article","og_title":"Contact - Thecamels.org","og_description":"Did you know that our administrators answer your questions within minutes? We have one of the fastest operating support services.","og_url":"https:\/\/thecamels.org\/en\/contact\/?utm_source=dark&utm_medium=social&utm_campaign=open-graph","og_site_name":"Thecamels.org","article_publisher":"https:\/\/www.facebook.com\/thecamels.org\/","article_modified_time":"2022-03-28T07:32:08+00:00","og_image":[{"width":1200,"height":627,"url":"https:\/\/thecamels.org\/wp-content\/uploads\/2020\/12\/contact.png","type":"image\/png"}],"twitter_card":"summary_large_image","twitter_site":"@thecamelsorg","schema":{"@context":"https:\/\/schema.org","@graph":[{"@type":"WebPage","@id":"https:\/\/thecamels.org\/en\/contact\/","url":"https:\/\/thecamels.org\/en\/contact\/","name":"Contact - Thecamels.org","isPartOf":{"@id":"https:\/\/thecamels.org\/en\/#website"},"primaryImageOfPage":{"@id":"https:\/\/thecamels.org\/en\/contact\/#primaryimage"},"image":{"@id":"https:\/\/thecamels.org\/en\/contact\/#primaryimage"},"thumbnailUrl":"https:\/\/thecamels.org\/wp-content\/uploads\/2020\/12\/contact.png","datePublished":"2018-03-07T08:25:09+00:00","dateModified":"2022-03-28T07:32:08+00:00","description":"Did you know that our administrators answer your questions within minutes? We have one of the fastest operating support services.","breadcrumb":{"@id":"https:\/\/thecamels.org\/en\/contact\/#breadcrumb"},"inLanguage":"en-US","potentialAction":[{"@type":"ReadAction","target":["https:\/\/thecamels.org\/en\/contact\/"]}]},{"@type":"ImageObject","inLanguage":"en-US","@id":"https:\/\/thecamels.org\/en\/contact\/#primaryimage","url":"https:\/\/thecamels.org\/wp-content\/uploads\/2020\/12\/contact.png","contentUrl":"https:\/\/thecamels.org\/wp-content\/uploads\/2020\/12\/contact.png","width":1200,"height":627,"caption":"Contact"},{"@type":"BreadcrumbList","@id":"https:\/\/thecamels.org\/en\/contact\/#breadcrumb","itemListElement":[{"@type":"ListItem","position":1,"name":"[HOME]","item":"https:\/\/thecamels.org\/en\/"},{"@type":"ListItem","position":2,"name":"Contact"}]},{"@type":"WebSite","@id":"https:\/\/thecamels.org\/en\/#website","url":"https:\/\/thecamels.org\/en\/","name":"Thecamels.org","description":"Hosting SSD NVMe z certyfikatem SSL i HTTP\/2. Administracja serwerami, skalowanie infrastruktury. Mamy g\u0142ow\u0119 do serwer\u00f3w i zadbamy o Twoj\u0105 stron\u0119 w sieci.","publisher":{"@id":"https:\/\/thecamels.org\/en\/#organization"},"potentialAction":[{"@type":"SearchAction","target":{"@type":"EntryPoint","urlTemplate":"https:\/\/thecamels.org\/en\/?s={search_term_string}"},"query-input":{"@type":"PropertyValueSpecification","valueRequired":true,"valueName":"search_term_string"}}],"inLanguage":"en-US"},{"@type":"Organization","@id":"https:\/\/thecamels.org\/en\/#organization","name":"Thecamels","url":"https:\/\/thecamels.org\/en\/","logo":{"@type":"ImageObject","inLanguage":"en-US","@id":"https:\/\/thecamels.org\/en\/#\/schema\/logo\/image\/","url":"https:\/\/thecamels.org\/wp-content\/uploads\/2018\/09\/TC-logo-nowe.png","contentUrl":"https:\/\/thecamels.org\/wp-content\/uploads\/2018\/09\/TC-logo-nowe.png","width":826,"height":106,"caption":"Thecamels"},"image":{"@id":"https:\/\/thecamels.org\/en\/#\/schema\/logo\/image\/"},"sameAs":["https:\/\/www.facebook.com\/thecamels.org\/","https:\/\/x.com\/thecamelsorg","https:\/\/www.linkedin.com\/company\/the-camels","https:\/\/www.youtube.com\/channel\/UC01xYBZbIAApTuPWuqgGE4Q"]}]}},"_links":{"self":[{"href":"https:\/\/thecamels.org\/en\/wp-json\/wp\/v2\/pages\/7835","targetHints":{"allow":["GET"]}}],"collection":[{"href":"https:\/\/thecamels.org\/en\/wp-json\/wp\/v2\/pages"}],"about":[{"href":"https:\/\/thecamels.org\/en\/wp-json\/wp\/v2\/types\/page"}],"author":[{"embeddable":true,"href":"https:\/\/thecamels.org\/en\/wp-json\/wp\/v2\/users\/1"}],"replies":[{"embeddable":true,"href":"https:\/\/thecamels.org\/en\/wp-json\/wp\/v2\/comments?post=7835"}],"version-history":[{"count":5,"href":"https:\/\/thecamels.org\/en\/wp-json\/wp\/v2\/pages\/7835\/revisions"}],"predecessor-version":[{"id":26870,"href":"https:\/\/thecamels.org\/en\/wp-json\/wp\/v2\/pages\/7835\/revisions\/26870"}],"wp:featuredmedia":[{"embeddable":true,"href":"https:\/\/thecamels.org\/en\/wp-json\/wp\/v2\/media\/16193"}],"wp:attachment":[{"href":"https:\/\/thecamels.org\/en\/wp-json\/wp\/v2\/media?parent=7835"}],"curies":[{"name":"wp","href":"https:\/\/api.w.org\/{rel}","templated":true}]}}