{"id":7843,"date":"2018-04-11T22:14:15","date_gmt":"2018-04-11T20:14:15","guid":{"rendered":"https:\/\/thecamels.org\/?page_id=7843"},"modified":"2021-02-11T07:52:02","modified_gmt":"2021-02-11T06:52:02","slug":"career","status":"publish","type":"page","link":"https:\/\/thecamels.org\/en\/about-us\/career\/","title":{"rendered":"Career"},"content":{"rendered":"\n<p><strong>Thecamels is the place for all people who are looking for a stable and secure place for their data on the Internet.<\/strong><\/p>\n\n\n\n<p>We are growing very fast and rapidly, hence we need additional hands on deck. On average, we are growing twice every year. We work in a hybrid model (remotely or from the office at your convenience). We regularly meet on company trips and team building events.<\/p>\n\n\n\n<p>Working or interning with us, <a href=\"https:\/\/thecamels.org\/en\/about-us\/practice-and-internship\/\"><span>you are sure to learn new skills and develop yourself<\/span><\/a> in more than just technology-related fields.<\/p>\n\n\n\n<h2 class=\"wp-block-heading\">Join today<\/h2>\n\n\n\n<p>We&#8217;re growing, and we want to grow more. There are still many nooks and crannies of Open Source to explore, along with a ton of hardware to test. Sometimes there just aren&#8217;t enough people who want to get involved.<\/p>\n\n\n\n<p>For over 10 years we have been providing hosting services, dedicated servers and IT outsourcing for companies, government agencies and individuals. Our solutions are based on dedicated servers, cloud solutions (AWS Amazon, Digital Ocean) and customer&#8217;s infrastucture. Our mission is to provide stable IT solutions.<\/p>\n\n\n\n<p>Do you think you could do it?<\/p>\n\n\n\n<h2 class=\"wp-block-heading\">What do we offer?<\/h2>\n\n\n\n<ul class=\"wp-block-list\"><li>Ability to work flexible hours, work remotely or work from the office,<\/li><li>plenty of in-house training and paid certifications including an <strong>education budget<\/strong> for everyone,<\/li><li>participation in conferences with full cost coverage,<\/li><li>team building trips,<\/li><li>Salary depending on your skills starting from <strong>3000 &#8211; 5000 PLN<\/strong>,<\/li><li>regular salary increase with your greater experience.<\/li><\/ul>\n\n\n\n<h2 class=\"wp-block-heading\">How does our day look like?<\/h2>\n\n\n\n<p>We start work between 6:00 a.m. and 10:00 a.m. We usually finish work between 2:00 p.m. and 6:00 p.m. Monday through Friday. Flexible hours are possible and are subject to various scheduled work.<\/p>\n\n\n\n<p>We start the day with a morning review of tasks to be completed, discussing problems and resolving task-related blockers. We work with the ticket system, sharing tasks.<\/p>\n\n\n\n<h2 class=\"wp-block-heading\">Who are we looking for?<\/h2>\n\n\n\n<p>First and foremost people who are <strong>communicative<\/strong>, especially in writing, speak <strong>English<\/strong> and love solving customers&#8217; problems. If learning, improving your skills and taking the initiative is important to you &#8211; this is the place for you.<\/p>\n\n\n\n<h3 class=\"wp-block-heading\">Customer Happiness Supporter<\/h3>\n\n\n\n<p><strong>Place of work: <\/strong>\u0141\u00f3d\u017a (possibility of remote work)<\/p>\n\n\n\n<p><strong>This person will be responsible for:<\/strong><\/p>\n\n\n\n<ul class=\"wp-block-list\"><li>customer support in the use of our hosting systems,<\/li><li>creation and updating of documentation, knowledge base and guides,<\/li><li>preliminary analysis of problems, reactions to monitoring events,<\/li><li>creation and improvement of procedures for performed tasks.<\/li><\/ul>\n\n\n\n<p><strong>Wymagania na stanowisko:<\/strong><\/p>\n\n\n\n<ul class=\"wp-block-list\"><li>speaks English well enough to be able to use web resources and technical documentation,<\/li><li>Can solve problems using documentation, internal wikis and Google,<\/li><li>Can work in a team and is accurate and timely.<\/li><\/ul>\n\n\n\n<div class=\"wp-block-buttons is-layout-flex wp-block-buttons-is-layout-flex\"><\/div>\n\n\n\n<hr>\n\n\n\n<h3 class=\"wp-block-heading\">SysOps and Devops Engineer<\/h3>\n\n\n\n<p><strong>Place of work: <\/strong>\u0141\u00f3d\u017a (possibility of remote work)<\/p>\n\n\n\n<p><strong>This person will be responsible for:<\/strong><\/p>\n\n\n\n<ul class=\"wp-block-list\"><li>maintenance, management, administration of servers based on Linux operating system (CentOS, Red Hat),<\/li><li>monitoring of IT systems,<\/li><li>initial analysis of problems, reactions to events from monitoring,<\/li><li>automation of administrative processes,<\/li><li>creation and improvement of procedures for performed tasks.<\/li><\/ul>\n\n\n\n<p><strong>Wymagania na stanowisko:<\/strong><\/p>\n\n\n\n<ul class=\"wp-block-list\"><li>basics of Linux system (preferably systems from Red Hat, CentOS family)<\/li><li>basic knowledge of Bash shell,<\/li><li>Knowledge of popular web applications based on PHP, MySQL, MariaDB,<\/li><li>English language sufficient to be able to use network resources and technical documentation,<\/li><li>Can solve problems with the help of documentation, internal wiki and Google,<\/li><li>can work in a team and is accurate and punctual.<\/li><\/ul>\n\n\n\n<h2 class=\"wp-block-heading\">Apply right now<\/h2>\n\n\n\n<div class=\"wpcf7 no-js\" id=\"wpcf7-f8061-o1\" lang=\"pl-PL\" dir=\"ltr\" data-wpcf7-id=\"8061\">\n<div class=\"screen-reader-response\"><p role=\"status\" aria-live=\"polite\" aria-atomic=\"true\"><\/p> <ul><\/ul><\/div>\n<form action=\"\/en\/wp-json\/wp\/v2\/pages\/7843#wpcf7-f8061-o1\" method=\"post\" class=\"wpcf7-form init\" aria-label=\"Formularz kontaktowy\" enctype=\"multipart\/form-data\" novalidate=\"novalidate\" data-status=\"init\">\n<fieldset class=\"hidden-fields-container\"><input type=\"hidden\" name=\"_wpcf7\" value=\"8061\" \/><input type=\"hidden\" name=\"_wpcf7_version\" value=\"6.1.5\" \/><input type=\"hidden\" name=\"_wpcf7_locale\" value=\"pl_PL\" \/><input type=\"hidden\" name=\"_wpcf7_unit_tag\" value=\"wpcf7-f8061-o1\" \/><input type=\"hidden\" name=\"_wpcf7_container_post\" value=\"0\" \/><input type=\"hidden\" name=\"_wpcf7_posted_data_hash\" value=\"\" \/><input type=\"hidden\" name=\"_wpcf7cf_hidden_group_fields\" value=\"[]\" \/><input type=\"hidden\" name=\"_wpcf7cf_hidden_groups\" value=\"[]\" \/><input type=\"hidden\" name=\"_wpcf7cf_visible_groups\" value=\"[]\" \/><input type=\"hidden\" name=\"_wpcf7cf_repeaters\" value=\"[]\" \/><input type=\"hidden\" name=\"_wpcf7cf_steps\" value=\"{}\" \/><input type=\"hidden\" name=\"_wpcf7cf_options\" value=\"{&quot;form_id&quot;:8061,&quot;conditions&quot;:[],&quot;settings&quot;:{&quot;animation&quot;:&quot;yes&quot;,&quot;animation_intime&quot;:200,&quot;animation_outtime&quot;:200,&quot;conditions_ui&quot;:&quot;normal&quot;,&quot;notice_dismissed&quot;:true,&quot;notice_dismissed_rollback-cf7-5.5.2&quot;:true,&quot;notice_dismissed_rollback-cf7-5.6&quot;:true}}\" \/>\n<\/fieldset>\n<p><label>First and last name or company name: <em>*<\/em><br \/>\n<span class=\"wpcf7-form-control-wrap\" data-name=\"your-name\"><input size=\"40\" maxlength=\"400\" class=\"wpcf7-form-control wpcf7-text wpcf7-validates-as-required\" aria-required=\"true\" aria-invalid=\"false\" placeholder=\"Here goes your name or company name\" value=\"\" type=\"text\" name=\"your-name\" \/><\/span> <\/label>\n<\/p>\n<p><label>Email address: <em>*<\/em><br \/>\n<span class=\"wpcf7-form-control-wrap\" data-name=\"your-email\"><input size=\"40\" maxlength=\"400\" class=\"wpcf7-form-control wpcf7-email wpcf7-validates-as-required wpcf7-text wpcf7-validates-as-email\" aria-required=\"true\" aria-invalid=\"false\" placeholder=\"Here goes your e-mail address\" value=\"\" type=\"email\" name=\"your-email\" \/><\/span> <\/label>\n<\/p>\n<p><label>Phone: <em>*<\/em><br \/>\n<span class=\"wpcf7-form-control-wrap\" data-name=\"your-phone\"><input size=\"40\" maxlength=\"400\" class=\"wpcf7-form-control wpcf7-text\" aria-invalid=\"false\" placeholder=\"Here goes your phone number\" value=\"\" type=\"text\" name=\"your-phone\" \/><\/span> <\/label>\n<\/p>\n<p><label>Message content: <em>*<\/em><br \/>\n<span class=\"wpcf7-form-control-wrap\" data-name=\"your-message\"><textarea cols=\"40\" rows=\"10\" maxlength=\"2000\" class=\"wpcf7-form-control wpcf7-textarea\" aria-invalid=\"false\" placeholder=\"Here goes content of your message\" name=\"your-message\"><\/textarea><\/span> <\/label>\n<\/p>\n<p><label>Add CV:<br \/>\n<span class=\"wpcf7-form-control-wrap\" data-name=\"file-976\"><input size=\"40\" class=\"wpcf7-form-control wpcf7-file wpcf7-validates-as-required\" accept=\".pdf,.doc,.docx\" aria-required=\"true\" aria-invalid=\"false\" type=\"file\" name=\"file-976\" \/><\/span> <\/label>\n<\/p>\n<div class=\"schowanko\">\n\t<p><label for=\"field-topic\">Message subject*<\/label><br \/>\n<input name=\"topic\" type=\"text\" id=\"topic\" tabindex=\"-1\" autocomplete=\"nope\" \/>\n\t<\/p>\n<\/div>\n<p><span class=\"wpcf7-form-control-wrap\" data-name=\"acceptance-686\"><span class=\"wpcf7-form-control wpcf7-acceptance\"><span class=\"wpcf7-list-item\"><label><input type=\"checkbox\" name=\"acceptance-686\" value=\"1\" aria-invalid=\"false\" \/><span class=\"wpcf7-list-item-label\">I agree to the processing of my personal data for the purposes of the recruitment process.\nThe personal data provided in the form will be processed for the purpose of handling correspondence and will be administered by Thecamels. For more information, please see <a href=\"https:\/\/thecamels.org\/en\/terms-and-conditions\/privacy-and-cookie-policy\/\">privacy and cookie policy<\/a>.<\/span><\/label><\/span><\/span><\/span>\n<\/p>\n<p><input class=\"wpcf7-form-control wpcf7-submit has-spinner btn btn-primary btn-big\" type=\"submit\" value=\"Send\" \/>\n<\/p><div class=\"wpcf7-response-output\" aria-hidden=\"true\"><\/div>\n<\/form>\n<\/div>\n\n","protected":false},"excerpt":{"rendered":"<p>Thecamels is the place for all people who are looking for a stable and secure place for their data on the Internet. We are growing very fast and rapidly, hence we need additional hands on deck. On average, we are growing twice every year. We work in a hybrid model (remotely or from the office&hellip;<\/p>\n","protected":false},"author":1,"featured_media":16209,"parent":7858,"menu_order":29,"comment_status":"closed","ping_status":"closed","template":"","meta":{"_acf_changed":false,"footnotes":""},"class_list":["post-7843","page","type-page","status-publish","has-post-thumbnail","hentry"],"acf":[],"yoast_head":"<!-- This site is optimized with the Yoast SEO plugin v27.4 - https:\/\/yoast.com\/product\/yoast-seo-wordpress\/ -->\n<title>Career - Thecamels.org<\/title>\n<meta name=\"description\" content=\"Join us and explore the world of servers, scaling and infrastructure as code. I offer the possibility of working remotely or from an office in Lodz.\" \/>\n<meta name=\"robots\" content=\"index, follow, max-snippet:-1, max-image-preview:large, max-video-preview:-1\" \/>\n<link rel=\"canonical\" href=\"https:\/\/thecamels.org\/en\/about-us\/career\/\" \/>\n<meta property=\"og:locale\" content=\"en_US\" \/>\n<meta property=\"og:type\" content=\"article\" \/>\n<meta property=\"og:title\" content=\"Career - Thecamels.org\" \/>\n<meta property=\"og:description\" content=\"Join us and explore the world of servers, scaling and infrastructure as code. I offer the possibility of working remotely or from an office in Lodz.\" \/>\n<meta property=\"og:url\" content=\"https:\/\/thecamels.org\/en\/about-us\/career\/?utm_source=dark&amp;utm_medium=social&amp;utm_campaign=open-graph\" \/>\n<meta property=\"og:site_name\" content=\"Thecamels.org\" \/>\n<meta property=\"article:publisher\" content=\"https:\/\/www.facebook.com\/thecamels.org\/\" \/>\n<meta property=\"article:modified_time\" content=\"2021-02-11T06:52:02+00:00\" \/>\n<meta property=\"og:image\" content=\"https:\/\/thecamels.org\/wp-content\/uploads\/2020\/12\/career.png\" \/>\n\t<meta property=\"og:image:width\" content=\"1200\" \/>\n\t<meta property=\"og:image:height\" content=\"627\" \/>\n\t<meta property=\"og:image:type\" content=\"image\/png\" \/>\n<meta name=\"twitter:card\" content=\"summary_large_image\" \/>\n<meta name=\"twitter:site\" content=\"@thecamelsorg\" \/>\n<meta name=\"twitter:label1\" content=\"Est. reading time\" \/>\n\t<meta name=\"twitter:data1\" content=\"3 minutes\" \/>\n<script type=\"application\/ld+json\" class=\"yoast-schema-graph\">{\"@context\":\"https:\\\/\\\/schema.org\",\"@graph\":[{\"@type\":\"WebPage\",\"@id\":\"https:\\\/\\\/thecamels.org\\\/en\\\/about-us\\\/career\\\/\",\"url\":\"https:\\\/\\\/thecamels.org\\\/en\\\/about-us\\\/career\\\/\",\"name\":\"Career - Thecamels.org\",\"isPartOf\":{\"@id\":\"https:\\\/\\\/thecamels.org\\\/en\\\/#website\"},\"primaryImageOfPage\":{\"@id\":\"https:\\\/\\\/thecamels.org\\\/en\\\/about-us\\\/career\\\/#primaryimage\"},\"image\":{\"@id\":\"https:\\\/\\\/thecamels.org\\\/en\\\/about-us\\\/career\\\/#primaryimage\"},\"thumbnailUrl\":\"https:\\\/\\\/thecamels.org\\\/wp-content\\\/uploads\\\/2020\\\/12\\\/career.png\",\"datePublished\":\"2018-04-11T20:14:15+00:00\",\"dateModified\":\"2021-02-11T06:52:02+00:00\",\"description\":\"Join us and explore the world of servers, scaling and infrastructure as code. I offer the possibility of working remotely or from an office in Lodz.\",\"breadcrumb\":{\"@id\":\"https:\\\/\\\/thecamels.org\\\/en\\\/about-us\\\/career\\\/#breadcrumb\"},\"inLanguage\":\"en-US\",\"potentialAction\":[{\"@type\":\"ReadAction\",\"target\":[\"https:\\\/\\\/thecamels.org\\\/en\\\/about-us\\\/career\\\/\"]}]},{\"@type\":\"ImageObject\",\"inLanguage\":\"en-US\",\"@id\":\"https:\\\/\\\/thecamels.org\\\/en\\\/about-us\\\/career\\\/#primaryimage\",\"url\":\"https:\\\/\\\/thecamels.org\\\/wp-content\\\/uploads\\\/2020\\\/12\\\/career.png\",\"contentUrl\":\"https:\\\/\\\/thecamels.org\\\/wp-content\\\/uploads\\\/2020\\\/12\\\/career.png\",\"width\":1200,\"height\":627,\"caption\":\"Career\"},{\"@type\":\"BreadcrumbList\",\"@id\":\"https:\\\/\\\/thecamels.org\\\/en\\\/about-us\\\/career\\\/#breadcrumb\",\"itemListElement\":[{\"@type\":\"ListItem\",\"position\":1,\"name\":\"[HOME]\",\"item\":\"https:\\\/\\\/thecamels.org\\\/en\\\/\"},{\"@type\":\"ListItem\",\"position\":2,\"name\":\"About us\",\"item\":\"https:\\\/\\\/thecamels.org\\\/en\\\/about-us\\\/\"},{\"@type\":\"ListItem\",\"position\":3,\"name\":\"Career\"}]},{\"@type\":\"WebSite\",\"@id\":\"https:\\\/\\\/thecamels.org\\\/en\\\/#website\",\"url\":\"https:\\\/\\\/thecamels.org\\\/en\\\/\",\"name\":\"Thecamels.org\",\"description\":\"Hosting SSD NVMe z certyfikatem SSL i HTTP\\\/2. Administracja serwerami, skalowanie infrastruktury. Mamy g\u0142ow\u0119 do serwer\u00f3w i zadbamy o Twoj\u0105 stron\u0119 w sieci.\",\"publisher\":{\"@id\":\"https:\\\/\\\/thecamels.org\\\/en\\\/#organization\"},\"potentialAction\":[{\"@type\":\"SearchAction\",\"target\":{\"@type\":\"EntryPoint\",\"urlTemplate\":\"https:\\\/\\\/thecamels.org\\\/en\\\/?s={search_term_string}\"},\"query-input\":{\"@type\":\"PropertyValueSpecification\",\"valueRequired\":true,\"valueName\":\"search_term_string\"}}],\"inLanguage\":\"en-US\"},{\"@type\":\"Organization\",\"@id\":\"https:\\\/\\\/thecamels.org\\\/en\\\/#organization\",\"name\":\"Thecamels\",\"url\":\"https:\\\/\\\/thecamels.org\\\/en\\\/\",\"logo\":{\"@type\":\"ImageObject\",\"inLanguage\":\"en-US\",\"@id\":\"https:\\\/\\\/thecamels.org\\\/en\\\/#\\\/schema\\\/logo\\\/image\\\/\",\"url\":\"https:\\\/\\\/thecamels.org\\\/wp-content\\\/uploads\\\/2018\\\/09\\\/TC-logo-nowe.png\",\"contentUrl\":\"https:\\\/\\\/thecamels.org\\\/wp-content\\\/uploads\\\/2018\\\/09\\\/TC-logo-nowe.png\",\"width\":826,\"height\":106,\"caption\":\"Thecamels\"},\"image\":{\"@id\":\"https:\\\/\\\/thecamels.org\\\/en\\\/#\\\/schema\\\/logo\\\/image\\\/\"},\"sameAs\":[\"https:\\\/\\\/www.facebook.com\\\/thecamels.org\\\/\",\"https:\\\/\\\/x.com\\\/thecamelsorg\",\"https:\\\/\\\/www.linkedin.com\\\/company\\\/the-camels\",\"https:\\\/\\\/www.youtube.com\\\/channel\\\/UC01xYBZbIAApTuPWuqgGE4Q\"]}]}<\/script>\n<!-- \/ Yoast SEO plugin. -->","yoast_head_json":{"title":"Career - Thecamels.org","description":"Join us and explore the world of servers, scaling and infrastructure as code. I offer the possibility of working remotely or from an office in Lodz.","robots":{"index":"index","follow":"follow","max-snippet":"max-snippet:-1","max-image-preview":"max-image-preview:large","max-video-preview":"max-video-preview:-1"},"canonical":"https:\/\/thecamels.org\/en\/about-us\/career\/","og_locale":"en_US","og_type":"article","og_title":"Career - Thecamels.org","og_description":"Join us and explore the world of servers, scaling and infrastructure as code. I offer the possibility of working remotely or from an office in Lodz.","og_url":"https:\/\/thecamels.org\/en\/about-us\/career\/?utm_source=dark&utm_medium=social&utm_campaign=open-graph","og_site_name":"Thecamels.org","article_publisher":"https:\/\/www.facebook.com\/thecamels.org\/","article_modified_time":"2021-02-11T06:52:02+00:00","og_image":[{"width":1200,"height":627,"url":"https:\/\/thecamels.org\/wp-content\/uploads\/2020\/12\/career.png","type":"image\/png"}],"twitter_card":"summary_large_image","twitter_site":"@thecamelsorg","twitter_misc":{"Est. reading time":"3 minutes"},"schema":{"@context":"https:\/\/schema.org","@graph":[{"@type":"WebPage","@id":"https:\/\/thecamels.org\/en\/about-us\/career\/","url":"https:\/\/thecamels.org\/en\/about-us\/career\/","name":"Career - Thecamels.org","isPartOf":{"@id":"https:\/\/thecamels.org\/en\/#website"},"primaryImageOfPage":{"@id":"https:\/\/thecamels.org\/en\/about-us\/career\/#primaryimage"},"image":{"@id":"https:\/\/thecamels.org\/en\/about-us\/career\/#primaryimage"},"thumbnailUrl":"https:\/\/thecamels.org\/wp-content\/uploads\/2020\/12\/career.png","datePublished":"2018-04-11T20:14:15+00:00","dateModified":"2021-02-11T06:52:02+00:00","description":"Join us and explore the world of servers, scaling and infrastructure as code. I offer the possibility of working remotely or from an office in Lodz.","breadcrumb":{"@id":"https:\/\/thecamels.org\/en\/about-us\/career\/#breadcrumb"},"inLanguage":"en-US","potentialAction":[{"@type":"ReadAction","target":["https:\/\/thecamels.org\/en\/about-us\/career\/"]}]},{"@type":"ImageObject","inLanguage":"en-US","@id":"https:\/\/thecamels.org\/en\/about-us\/career\/#primaryimage","url":"https:\/\/thecamels.org\/wp-content\/uploads\/2020\/12\/career.png","contentUrl":"https:\/\/thecamels.org\/wp-content\/uploads\/2020\/12\/career.png","width":1200,"height":627,"caption":"Career"},{"@type":"BreadcrumbList","@id":"https:\/\/thecamels.org\/en\/about-us\/career\/#breadcrumb","itemListElement":[{"@type":"ListItem","position":1,"name":"[HOME]","item":"https:\/\/thecamels.org\/en\/"},{"@type":"ListItem","position":2,"name":"About us","item":"https:\/\/thecamels.org\/en\/about-us\/"},{"@type":"ListItem","position":3,"name":"Career"}]},{"@type":"WebSite","@id":"https:\/\/thecamels.org\/en\/#website","url":"https:\/\/thecamels.org\/en\/","name":"Thecamels.org","description":"Hosting SSD NVMe z certyfikatem SSL i HTTP\/2. Administracja serwerami, skalowanie infrastruktury. Mamy g\u0142ow\u0119 do serwer\u00f3w i zadbamy o Twoj\u0105 stron\u0119 w sieci.","publisher":{"@id":"https:\/\/thecamels.org\/en\/#organization"},"potentialAction":[{"@type":"SearchAction","target":{"@type":"EntryPoint","urlTemplate":"https:\/\/thecamels.org\/en\/?s={search_term_string}"},"query-input":{"@type":"PropertyValueSpecification","valueRequired":true,"valueName":"search_term_string"}}],"inLanguage":"en-US"},{"@type":"Organization","@id":"https:\/\/thecamels.org\/en\/#organization","name":"Thecamels","url":"https:\/\/thecamels.org\/en\/","logo":{"@type":"ImageObject","inLanguage":"en-US","@id":"https:\/\/thecamels.org\/en\/#\/schema\/logo\/image\/","url":"https:\/\/thecamels.org\/wp-content\/uploads\/2018\/09\/TC-logo-nowe.png","contentUrl":"https:\/\/thecamels.org\/wp-content\/uploads\/2018\/09\/TC-logo-nowe.png","width":826,"height":106,"caption":"Thecamels"},"image":{"@id":"https:\/\/thecamels.org\/en\/#\/schema\/logo\/image\/"},"sameAs":["https:\/\/www.facebook.com\/thecamels.org\/","https:\/\/x.com\/thecamelsorg","https:\/\/www.linkedin.com\/company\/the-camels","https:\/\/www.youtube.com\/channel\/UC01xYBZbIAApTuPWuqgGE4Q"]}]}},"_links":{"self":[{"href":"https:\/\/thecamels.org\/en\/wp-json\/wp\/v2\/pages\/7843","targetHints":{"allow":["GET"]}}],"collection":[{"href":"https:\/\/thecamels.org\/en\/wp-json\/wp\/v2\/pages"}],"about":[{"href":"https:\/\/thecamels.org\/en\/wp-json\/wp\/v2\/types\/page"}],"author":[{"embeddable":true,"href":"https:\/\/thecamels.org\/en\/wp-json\/wp\/v2\/users\/1"}],"replies":[{"embeddable":true,"href":"https:\/\/thecamels.org\/en\/wp-json\/wp\/v2\/comments?post=7843"}],"version-history":[{"count":5,"href":"https:\/\/thecamels.org\/en\/wp-json\/wp\/v2\/pages\/7843\/revisions"}],"predecessor-version":[{"id":19112,"href":"https:\/\/thecamels.org\/en\/wp-json\/wp\/v2\/pages\/7843\/revisions\/19112"}],"up":[{"embeddable":true,"href":"https:\/\/thecamels.org\/en\/wp-json\/wp\/v2\/pages\/7858"}],"wp:featuredmedia":[{"embeddable":true,"href":"https:\/\/thecamels.org\/en\/wp-json\/wp\/v2\/media\/16209"}],"wp:attachment":[{"href":"https:\/\/thecamels.org\/en\/wp-json\/wp\/v2\/media?parent=7843"}],"curies":[{"name":"wp","href":"https:\/\/api.w.org\/{rel}","templated":true}]}}