{"id":7846,"date":"2018-04-11T21:48:00","date_gmt":"2018-04-11T19:48:00","guid":{"rendered":"https:\/\/thecamels.org\/?page_id=7846"},"modified":"2021-02-01T23:12:20","modified_gmt":"2021-02-01T22:12:20","slug":"practice-and-internship","status":"publish","type":"page","link":"https:\/\/thecamels.org\/en\/about-us\/practice-and-internship\/","title":{"rendered":"Practice and internship"},"content":{"rendered":"\n<h3 class=\"wp-block-heading\">Practices really practical<\/h3>\n\n\n\n<p><strong>Thecamels<\/strong> have already educated several dozen apprentices and interns. With many of them we still work today, others have used their knowledge in related industries or companies. Their later achievements prove that neither we nor they wasted time..<\/p>\n\n\n\n<blockquote class=\"wp-block-quote is-style-small-text is-layout-flow wp-block-quote-is-layout-flow\"><p>I am glad that I found a company in which work is a pleasure, I was very well received by a group of people. I never thought that you can leave work every day with such a joyful face ;). I recommend to anyone who is interested in the topics of news and interesting facts about information technology, as well as gaining experience in Linux in general.<\/p><cite>Micha\u0142 G\u0119bora<\/cite><\/blockquote>\n\n\n\n<p>You will be confronted with the challenges faced by new customers, not an Excel file from your supervisor. You can count on a lot of new knowledge, real experience and interesting tasks. We are not looking for apprentices; we can make coffee ourselves ;-).<\/p>\n\n\n\n<p>If this approach is close to you &#8211; write to us now!<\/p>\n\n\n\n    <section\n        id=\"block-cta-block_601695ef8c1b4\"\n        class=\"block-cta block-cta-minimal\">\n\n    <div class=\"block-cta-content\">\n        <p class=\"block-cta-content-text\">\n            See who we are currently looking for to join the ranks of our caravan.        <\/p>\n\n        <div class=\"block-cta-content-buttons\">\n            \n                                                                <a\n                class=\"btn btn-primary-with-arrow btn-dark\"\n                href=\"https:\/\/thecamels.org\/en\/about-us\/career\/\"\n                >\n                See what current job openings we have            <\/a>\n        <\/div>\n                    <span class=\"decoration-camel-big-right\"><\/span>\n            <\/div>\n    \n<\/section>\n\n\n\n<h3 class=\"wp-block-heading\">Practices without abrasion. Come and meet Linux!<\/h3>\n\n\n\n<p>Our company is looking for students for an apprenticeship or internship. We are looking for people for various positions, from an administrator to a programmer or a technical service editor. For the position of an intern we are looking for students of IT and IT-related technical faculties.<\/p>\n\n\n\n<blockquote class=\"wp-block-quote is-style-small-text is-layout-flow wp-block-quote-is-layout-flow\"><p>I consider the internship to be a very interesting experience, thanks to which I gained useful knowledge and skills. There is a nice atmosphere in the company and an interesting organization of work makes you come to her with a smile. Trainees never stay without help, if something is incomprehensible you can always count on explaining the issue by patient co-workers. Great emphasis is placed on teamwork, so that you can also train interpersonal skills. The internship has fully met my expectations and I can recommend it with a clear conscience.<\/p><cite>Anna Fa\u0142ek<\/cite><\/blockquote>\n\n\n\n<h3 class=\"wp-block-heading\">Linux system administrator<\/h3>\n\n\n\n<p>During the first two weeks, the trainee shall perform the tasks entrusted to him\/her, closely related to the training. For the rest of the time he learns how to respond to the current challenges that each of The Camels team has to perform. At each stage of the work, he or she shares his or her results with the trainee&#8217;s supervisor in order to verify any shortcomings.<\/p>\n\n\n\n<div style=\"height:60px\" aria-hidden=\"true\" class=\"wp-block-spacer\"><\/div>\n\n\n\n    <ol\n        id=\"block-offer-basic-block_60187877d8438\"\n        class=\"block-offer  block-offer-basic\">\n                    <li class=\"block-offer-element\">\n                <div class=\"offer-icon\">\n                    <svg class=\"icon\">\n                        <use xlink:href=\"https:\/\/thecamels.org\/wp-content\/themes\/thecamels\/images\/svg\/svg-map.svg#admin\"><\/use>\n                    <\/svg>\n                <\/div>\n                <h3 class=\"block-offer-element-heading heading-medium with-hashtag\">\n                    Administration                <\/h3>\n                <p class=\"block-offer-element-text\">\n                    Managing packages, system settings (tuning, security), provisioning and other purely administrative tasks.                <\/p>\n                            <\/li>\n                    <li class=\"block-offer-element\">\n                <div class=\"offer-icon\">\n                    <svg class=\"icon\">\n                        <use xlink:href=\"https:\/\/thecamels.org\/wp-content\/themes\/thecamels\/images\/svg\/svg-map.svg#time\"><\/use>\n                    <\/svg>\n                <\/div>\n                <h3 class=\"block-offer-element-heading heading-medium with-hashtag\">\n                    Monitoring                <\/h3>\n                <p class=\"block-offer-element-text\">\n                    Monitoring of servers and software based on Zabbix opensource solution.                <\/p>\n                            <\/li>\n                    <li class=\"block-offer-element\">\n                <div class=\"offer-icon\">\n                    <svg class=\"icon\">\n                        <use xlink:href=\"https:\/\/thecamels.org\/wp-content\/themes\/thecamels\/images\/svg\/svg-map.svg#security\"><\/use>\n                    <\/svg>\n                <\/div>\n                <h3 class=\"block-offer-element-heading heading-medium with-hashtag\">\n                    Security                <\/h3>\n                <p class=\"block-offer-element-text\">\n                    You will learn how to secure your own servers and design them according to security standards.                <\/p>\n                            <\/li>\n            <\/ol>\n\n\n\n<div style=\"height:60px\" aria-hidden=\"true\" class=\"wp-block-spacer\"><\/div>\n\n\n\n    <ol\n        id=\"block-offer-basic-block_601878e4d8439\"\n        class=\"block-offer  block-offer-basic\">\n                    <li class=\"block-offer-element\">\n                <div class=\"offer-icon\">\n                    <svg class=\"icon\">\n                        <use xlink:href=\"https:\/\/thecamels.org\/wp-content\/themes\/thecamels\/images\/svg\/svg-map.svg#scale-up\"><\/use>\n                    <\/svg>\n                <\/div>\n                <h3 class=\"block-offer-element-heading heading-medium with-hashtag\">\n                    Automation                <\/h3>\n                <p class=\"block-offer-element-text\">\n                    Configure groups of servers with tools that make work easier. You will learn how to automate your work.                <\/p>\n                            <\/li>\n                    <li class=\"block-offer-element\">\n                <div class=\"offer-icon\">\n                    <svg class=\"icon\">\n                        <use xlink:href=\"https:\/\/thecamels.org\/wp-content\/themes\/thecamels\/images\/svg\/svg-map.svg#hosting\"><\/use>\n                    <\/svg>\n                <\/div>\n                <h3 class=\"block-offer-element-heading heading-medium with-hashtag\">\n                    Web servers                <\/h3>\n                <p class=\"block-offer-element-text\">\n                    Webservers based on Linux + Apache + MySQL + PHP. From default configuration to professional shared server.                <\/p>\n                            <\/li>\n                    <li class=\"block-offer-element\">\n                <div class=\"offer-icon\">\n                    <svg class=\"icon\">\n                        <use xlink:href=\"https:\/\/thecamels.org\/wp-content\/themes\/thecamels\/images\/svg\/svg-map.svg#document\"><\/use>\n                    <\/svg>\n                <\/div>\n                <h3 class=\"block-offer-element-heading heading-medium with-hashtag\">\n                    Software                <\/h3>\n                <p class=\"block-offer-element-text\">\n                    It will have contact with many open source applications that we actively use in our company.                <\/p>\n                            <\/li>\n            <\/ol>\n\n\n\n<h3 class=\"wp-block-heading\">Apply for an internship<\/h3>\n\n\n\n<div class=\"wpcf7 no-js\" id=\"wpcf7-f8061-o1\" lang=\"pl-PL\" dir=\"ltr\" data-wpcf7-id=\"8061\">\n<div class=\"screen-reader-response\"><p role=\"status\" aria-live=\"polite\" aria-atomic=\"true\"><\/p> <ul><\/ul><\/div>\n<form action=\"\/en\/wp-json\/wp\/v2\/pages\/7846#wpcf7-f8061-o1\" method=\"post\" class=\"wpcf7-form init\" aria-label=\"Formularz kontaktowy\" enctype=\"multipart\/form-data\" novalidate=\"novalidate\" data-status=\"init\">\n<fieldset class=\"hidden-fields-container\"><input type=\"hidden\" name=\"_wpcf7\" value=\"8061\" \/><input type=\"hidden\" name=\"_wpcf7_version\" value=\"6.1.5\" \/><input type=\"hidden\" name=\"_wpcf7_locale\" value=\"pl_PL\" \/><input type=\"hidden\" name=\"_wpcf7_unit_tag\" value=\"wpcf7-f8061-o1\" \/><input type=\"hidden\" name=\"_wpcf7_container_post\" value=\"0\" \/><input type=\"hidden\" name=\"_wpcf7_posted_data_hash\" value=\"\" \/><input type=\"hidden\" name=\"_wpcf7cf_hidden_group_fields\" value=\"[]\" \/><input type=\"hidden\" name=\"_wpcf7cf_hidden_groups\" value=\"[]\" \/><input type=\"hidden\" name=\"_wpcf7cf_visible_groups\" value=\"[]\" \/><input type=\"hidden\" name=\"_wpcf7cf_repeaters\" value=\"[]\" \/><input type=\"hidden\" name=\"_wpcf7cf_steps\" value=\"{}\" \/><input type=\"hidden\" name=\"_wpcf7cf_options\" value=\"{&quot;form_id&quot;:8061,&quot;conditions&quot;:[],&quot;settings&quot;:{&quot;animation&quot;:&quot;yes&quot;,&quot;animation_intime&quot;:200,&quot;animation_outtime&quot;:200,&quot;conditions_ui&quot;:&quot;normal&quot;,&quot;notice_dismissed&quot;:true,&quot;notice_dismissed_rollback-cf7-5.5.2&quot;:true,&quot;notice_dismissed_rollback-cf7-5.6&quot;:true}}\" \/>\n<\/fieldset>\n<p><label>First and last name or company name: <em>*<\/em><br \/>\n<span class=\"wpcf7-form-control-wrap\" data-name=\"your-name\"><input size=\"40\" maxlength=\"400\" class=\"wpcf7-form-control wpcf7-text wpcf7-validates-as-required\" aria-required=\"true\" aria-invalid=\"false\" placeholder=\"Here goes your name or company name\" value=\"\" type=\"text\" name=\"your-name\" \/><\/span> <\/label>\n<\/p>\n<p><label>Email address: <em>*<\/em><br \/>\n<span class=\"wpcf7-form-control-wrap\" data-name=\"your-email\"><input size=\"40\" maxlength=\"400\" class=\"wpcf7-form-control wpcf7-email wpcf7-validates-as-required wpcf7-text wpcf7-validates-as-email\" aria-required=\"true\" aria-invalid=\"false\" placeholder=\"Here goes your e-mail address\" value=\"\" type=\"email\" name=\"your-email\" \/><\/span> <\/label>\n<\/p>\n<p><label>Phone: <em>*<\/em><br \/>\n<span class=\"wpcf7-form-control-wrap\" data-name=\"your-phone\"><input size=\"40\" maxlength=\"400\" class=\"wpcf7-form-control wpcf7-text\" aria-invalid=\"false\" placeholder=\"Here goes your phone number\" value=\"\" type=\"text\" name=\"your-phone\" \/><\/span> <\/label>\n<\/p>\n<p><label>Message content: <em>*<\/em><br \/>\n<span class=\"wpcf7-form-control-wrap\" data-name=\"your-message\"><textarea cols=\"40\" rows=\"10\" maxlength=\"2000\" class=\"wpcf7-form-control wpcf7-textarea\" aria-invalid=\"false\" placeholder=\"Here goes content of your message\" name=\"your-message\"><\/textarea><\/span> <\/label>\n<\/p>\n<p><label>Add CV:<br \/>\n<span class=\"wpcf7-form-control-wrap\" data-name=\"file-976\"><input size=\"40\" class=\"wpcf7-form-control wpcf7-file wpcf7-validates-as-required\" accept=\".pdf,.doc,.docx\" aria-required=\"true\" aria-invalid=\"false\" type=\"file\" name=\"file-976\" \/><\/span> <\/label>\n<\/p>\n<div class=\"schowanko\">\n\t<p><label for=\"field-topic\">Message subject*<\/label><br \/>\n<input name=\"topic\" type=\"text\" id=\"topic\" tabindex=\"-1\" autocomplete=\"nope\" \/>\n\t<\/p>\n<\/div>\n<p><span class=\"wpcf7-form-control-wrap\" data-name=\"acceptance-686\"><span class=\"wpcf7-form-control wpcf7-acceptance\"><span class=\"wpcf7-list-item\"><label><input type=\"checkbox\" name=\"acceptance-686\" value=\"1\" aria-invalid=\"false\" \/><span class=\"wpcf7-list-item-label\">I agree to the processing of my personal data for the purposes of the recruitment process.\nThe personal data provided in the form will be processed for the purpose of handling correspondence and will be administered by Thecamels. For more information, please see <a href=\"https:\/\/thecamels.org\/en\/terms-and-conditions\/privacy-and-cookie-policy\/\">privacy and cookie policy<\/a>.<\/span><\/label><\/span><\/span><\/span>\n<\/p>\n<p><input class=\"wpcf7-form-control wpcf7-submit has-spinner btn btn-primary btn-big\" type=\"submit\" value=\"Send\" \/>\n<\/p><div class=\"wpcf7-response-output\" aria-hidden=\"true\"><\/div>\n<\/form>\n<\/div>\n\n","protected":false},"excerpt":{"rendered":"<p>Practices really practical Thecamels have already educated several dozen apprentices and interns. With many of them we still work today, others have used their knowledge in related industries or companies. Their later achievements prove that neither we nor they wasted time.. I am glad that I found a company in which work is a pleasure,&hellip;<\/p>\n","protected":false},"author":1,"featured_media":16216,"parent":7858,"menu_order":43,"comment_status":"closed","ping_status":"closed","template":"","meta":{"_acf_changed":false,"footnotes":""},"class_list":["post-7846","page","type-page","status-publish","has-post-thumbnail","hentry"],"acf":[],"yoast_head":"<!-- This site is optimized with the Yoast SEO plugin v27.3 - https:\/\/yoast.com\/product\/yoast-seo-wordpress\/ -->\n<title>Practice and internship - Thecamels.org<\/title>\n<meta name=\"description\" content=\"Practices really practical. You won&#039;t learn how to make coffee with us, but you will get to know the real administration of a large number of servers.\" \/>\n<meta name=\"robots\" content=\"index, follow, max-snippet:-1, max-image-preview:large, max-video-preview:-1\" \/>\n<link rel=\"canonical\" href=\"https:\/\/thecamels.org\/en\/about-us\/practice-and-internship\/\" \/>\n<meta property=\"og:locale\" content=\"en_US\" \/>\n<meta property=\"og:type\" content=\"article\" \/>\n<meta property=\"og:title\" content=\"Practice and internship - Thecamels.org\" \/>\n<meta property=\"og:description\" content=\"Practices really practical. You won&#039;t learn how to make coffee with us, but you will get to know the real administration of a large number of servers.\" \/>\n<meta property=\"og:url\" content=\"https:\/\/thecamels.org\/en\/about-us\/practice-and-internship\/?utm_source=dark&amp;utm_medium=social&amp;utm_campaign=open-graph\" \/>\n<meta property=\"og:site_name\" content=\"Thecamels.org\" \/>\n<meta property=\"article:publisher\" content=\"https:\/\/www.facebook.com\/thecamels.org\/\" \/>\n<meta property=\"article:modified_time\" content=\"2021-02-01T22:12:20+00:00\" \/>\n<meta property=\"og:image\" content=\"https:\/\/thecamels.org\/wp-content\/uploads\/2020\/12\/practice-and-internship.png\" \/>\n\t<meta property=\"og:image:width\" content=\"1200\" \/>\n\t<meta property=\"og:image:height\" content=\"627\" \/>\n\t<meta property=\"og:image:type\" content=\"image\/png\" \/>\n<meta name=\"twitter:card\" content=\"summary_large_image\" \/>\n<meta name=\"twitter:site\" content=\"@thecamelsorg\" \/>\n<meta name=\"twitter:label1\" content=\"Est. reading time\" \/>\n\t<meta name=\"twitter:data1\" content=\"2 minutes\" \/>\n<script type=\"application\/ld+json\" class=\"yoast-schema-graph\">{\"@context\":\"https:\\\/\\\/schema.org\",\"@graph\":[{\"@type\":\"WebPage\",\"@id\":\"https:\\\/\\\/thecamels.org\\\/en\\\/about-us\\\/practice-and-internship\\\/\",\"url\":\"https:\\\/\\\/thecamels.org\\\/en\\\/about-us\\\/practice-and-internship\\\/\",\"name\":\"Practice and internship - Thecamels.org\",\"isPartOf\":{\"@id\":\"https:\\\/\\\/thecamels.org\\\/en\\\/#website\"},\"primaryImageOfPage\":{\"@id\":\"https:\\\/\\\/thecamels.org\\\/en\\\/about-us\\\/practice-and-internship\\\/#primaryimage\"},\"image\":{\"@id\":\"https:\\\/\\\/thecamels.org\\\/en\\\/about-us\\\/practice-and-internship\\\/#primaryimage\"},\"thumbnailUrl\":\"https:\\\/\\\/thecamels.org\\\/wp-content\\\/uploads\\\/2020\\\/12\\\/practice-and-internship.png\",\"datePublished\":\"2018-04-11T19:48:00+00:00\",\"dateModified\":\"2021-02-01T22:12:20+00:00\",\"description\":\"Practices really practical. You won't learn how to make coffee with us, but you will get to know the real administration of a large number of servers.\",\"breadcrumb\":{\"@id\":\"https:\\\/\\\/thecamels.org\\\/en\\\/about-us\\\/practice-and-internship\\\/#breadcrumb\"},\"inLanguage\":\"en-US\",\"potentialAction\":[{\"@type\":\"ReadAction\",\"target\":[\"https:\\\/\\\/thecamels.org\\\/en\\\/about-us\\\/practice-and-internship\\\/\"]}]},{\"@type\":\"ImageObject\",\"inLanguage\":\"en-US\",\"@id\":\"https:\\\/\\\/thecamels.org\\\/en\\\/about-us\\\/practice-and-internship\\\/#primaryimage\",\"url\":\"https:\\\/\\\/thecamels.org\\\/wp-content\\\/uploads\\\/2020\\\/12\\\/practice-and-internship.png\",\"contentUrl\":\"https:\\\/\\\/thecamels.org\\\/wp-content\\\/uploads\\\/2020\\\/12\\\/practice-and-internship.png\",\"width\":1200,\"height\":627,\"caption\":\"Practice and internship\"},{\"@type\":\"BreadcrumbList\",\"@id\":\"https:\\\/\\\/thecamels.org\\\/en\\\/about-us\\\/practice-and-internship\\\/#breadcrumb\",\"itemListElement\":[{\"@type\":\"ListItem\",\"position\":1,\"name\":\"[HOME]\",\"item\":\"https:\\\/\\\/thecamels.org\\\/en\\\/\"},{\"@type\":\"ListItem\",\"position\":2,\"name\":\"About us\",\"item\":\"https:\\\/\\\/thecamels.org\\\/en\\\/about-us\\\/\"},{\"@type\":\"ListItem\",\"position\":3,\"name\":\"Practice and internship\"}]},{\"@type\":\"WebSite\",\"@id\":\"https:\\\/\\\/thecamels.org\\\/en\\\/#website\",\"url\":\"https:\\\/\\\/thecamels.org\\\/en\\\/\",\"name\":\"Thecamels.org\",\"description\":\"Hosting SSD NVMe z certyfikatem SSL i HTTP\\\/2. Administracja serwerami, skalowanie infrastruktury. Mamy g\u0142ow\u0119 do serwer\u00f3w i zadbamy o Twoj\u0105 stron\u0119 w sieci.\",\"publisher\":{\"@id\":\"https:\\\/\\\/thecamels.org\\\/en\\\/#organization\"},\"potentialAction\":[{\"@type\":\"SearchAction\",\"target\":{\"@type\":\"EntryPoint\",\"urlTemplate\":\"https:\\\/\\\/thecamels.org\\\/en\\\/?s={search_term_string}\"},\"query-input\":{\"@type\":\"PropertyValueSpecification\",\"valueRequired\":true,\"valueName\":\"search_term_string\"}}],\"inLanguage\":\"en-US\"},{\"@type\":\"Organization\",\"@id\":\"https:\\\/\\\/thecamels.org\\\/en\\\/#organization\",\"name\":\"Thecamels\",\"url\":\"https:\\\/\\\/thecamels.org\\\/en\\\/\",\"logo\":{\"@type\":\"ImageObject\",\"inLanguage\":\"en-US\",\"@id\":\"https:\\\/\\\/thecamels.org\\\/en\\\/#\\\/schema\\\/logo\\\/image\\\/\",\"url\":\"https:\\\/\\\/thecamels.org\\\/wp-content\\\/uploads\\\/2018\\\/09\\\/TC-logo-nowe.png\",\"contentUrl\":\"https:\\\/\\\/thecamels.org\\\/wp-content\\\/uploads\\\/2018\\\/09\\\/TC-logo-nowe.png\",\"width\":826,\"height\":106,\"caption\":\"Thecamels\"},\"image\":{\"@id\":\"https:\\\/\\\/thecamels.org\\\/en\\\/#\\\/schema\\\/logo\\\/image\\\/\"},\"sameAs\":[\"https:\\\/\\\/www.facebook.com\\\/thecamels.org\\\/\",\"https:\\\/\\\/x.com\\\/thecamelsorg\",\"https:\\\/\\\/www.linkedin.com\\\/company\\\/the-camels\",\"https:\\\/\\\/www.youtube.com\\\/channel\\\/UC01xYBZbIAApTuPWuqgGE4Q\"]}]}<\/script>\n<!-- \/ Yoast SEO plugin. -->","yoast_head_json":{"title":"Practice and internship - Thecamels.org","description":"Practices really practical. You won't learn how to make coffee with us, but you will get to know the real administration of a large number of servers.","robots":{"index":"index","follow":"follow","max-snippet":"max-snippet:-1","max-image-preview":"max-image-preview:large","max-video-preview":"max-video-preview:-1"},"canonical":"https:\/\/thecamels.org\/en\/about-us\/practice-and-internship\/","og_locale":"en_US","og_type":"article","og_title":"Practice and internship - Thecamels.org","og_description":"Practices really practical. You won't learn how to make coffee with us, but you will get to know the real administration of a large number of servers.","og_url":"https:\/\/thecamels.org\/en\/about-us\/practice-and-internship\/?utm_source=dark&utm_medium=social&utm_campaign=open-graph","og_site_name":"Thecamels.org","article_publisher":"https:\/\/www.facebook.com\/thecamels.org\/","article_modified_time":"2021-02-01T22:12:20+00:00","og_image":[{"width":1200,"height":627,"url":"https:\/\/thecamels.org\/wp-content\/uploads\/2020\/12\/practice-and-internship.png","type":"image\/png"}],"twitter_card":"summary_large_image","twitter_site":"@thecamelsorg","twitter_misc":{"Est. reading time":"2 minutes"},"schema":{"@context":"https:\/\/schema.org","@graph":[{"@type":"WebPage","@id":"https:\/\/thecamels.org\/en\/about-us\/practice-and-internship\/","url":"https:\/\/thecamels.org\/en\/about-us\/practice-and-internship\/","name":"Practice and internship - Thecamels.org","isPartOf":{"@id":"https:\/\/thecamels.org\/en\/#website"},"primaryImageOfPage":{"@id":"https:\/\/thecamels.org\/en\/about-us\/practice-and-internship\/#primaryimage"},"image":{"@id":"https:\/\/thecamels.org\/en\/about-us\/practice-and-internship\/#primaryimage"},"thumbnailUrl":"https:\/\/thecamels.org\/wp-content\/uploads\/2020\/12\/practice-and-internship.png","datePublished":"2018-04-11T19:48:00+00:00","dateModified":"2021-02-01T22:12:20+00:00","description":"Practices really practical. You won't learn how to make coffee with us, but you will get to know the real administration of a large number of servers.","breadcrumb":{"@id":"https:\/\/thecamels.org\/en\/about-us\/practice-and-internship\/#breadcrumb"},"inLanguage":"en-US","potentialAction":[{"@type":"ReadAction","target":["https:\/\/thecamels.org\/en\/about-us\/practice-and-internship\/"]}]},{"@type":"ImageObject","inLanguage":"en-US","@id":"https:\/\/thecamels.org\/en\/about-us\/practice-and-internship\/#primaryimage","url":"https:\/\/thecamels.org\/wp-content\/uploads\/2020\/12\/practice-and-internship.png","contentUrl":"https:\/\/thecamels.org\/wp-content\/uploads\/2020\/12\/practice-and-internship.png","width":1200,"height":627,"caption":"Practice and internship"},{"@type":"BreadcrumbList","@id":"https:\/\/thecamels.org\/en\/about-us\/practice-and-internship\/#breadcrumb","itemListElement":[{"@type":"ListItem","position":1,"name":"[HOME]","item":"https:\/\/thecamels.org\/en\/"},{"@type":"ListItem","position":2,"name":"About us","item":"https:\/\/thecamels.org\/en\/about-us\/"},{"@type":"ListItem","position":3,"name":"Practice and internship"}]},{"@type":"WebSite","@id":"https:\/\/thecamels.org\/en\/#website","url":"https:\/\/thecamels.org\/en\/","name":"Thecamels.org","description":"Hosting SSD NVMe z certyfikatem SSL i HTTP\/2. Administracja serwerami, skalowanie infrastruktury. Mamy g\u0142ow\u0119 do serwer\u00f3w i zadbamy o Twoj\u0105 stron\u0119 w sieci.","publisher":{"@id":"https:\/\/thecamels.org\/en\/#organization"},"potentialAction":[{"@type":"SearchAction","target":{"@type":"EntryPoint","urlTemplate":"https:\/\/thecamels.org\/en\/?s={search_term_string}"},"query-input":{"@type":"PropertyValueSpecification","valueRequired":true,"valueName":"search_term_string"}}],"inLanguage":"en-US"},{"@type":"Organization","@id":"https:\/\/thecamels.org\/en\/#organization","name":"Thecamels","url":"https:\/\/thecamels.org\/en\/","logo":{"@type":"ImageObject","inLanguage":"en-US","@id":"https:\/\/thecamels.org\/en\/#\/schema\/logo\/image\/","url":"https:\/\/thecamels.org\/wp-content\/uploads\/2018\/09\/TC-logo-nowe.png","contentUrl":"https:\/\/thecamels.org\/wp-content\/uploads\/2018\/09\/TC-logo-nowe.png","width":826,"height":106,"caption":"Thecamels"},"image":{"@id":"https:\/\/thecamels.org\/en\/#\/schema\/logo\/image\/"},"sameAs":["https:\/\/www.facebook.com\/thecamels.org\/","https:\/\/x.com\/thecamelsorg","https:\/\/www.linkedin.com\/company\/the-camels","https:\/\/www.youtube.com\/channel\/UC01xYBZbIAApTuPWuqgGE4Q"]}]}},"_links":{"self":[{"href":"https:\/\/thecamels.org\/en\/wp-json\/wp\/v2\/pages\/7846","targetHints":{"allow":["GET"]}}],"collection":[{"href":"https:\/\/thecamels.org\/en\/wp-json\/wp\/v2\/pages"}],"about":[{"href":"https:\/\/thecamels.org\/en\/wp-json\/wp\/v2\/types\/page"}],"author":[{"embeddable":true,"href":"https:\/\/thecamels.org\/en\/wp-json\/wp\/v2\/users\/1"}],"replies":[{"embeddable":true,"href":"https:\/\/thecamels.org\/en\/wp-json\/wp\/v2\/comments?post=7846"}],"version-history":[{"count":6,"href":"https:\/\/thecamels.org\/en\/wp-json\/wp\/v2\/pages\/7846\/revisions"}],"predecessor-version":[{"id":18171,"href":"https:\/\/thecamels.org\/en\/wp-json\/wp\/v2\/pages\/7846\/revisions\/18171"}],"up":[{"embeddable":true,"href":"https:\/\/thecamels.org\/en\/wp-json\/wp\/v2\/pages\/7858"}],"wp:featuredmedia":[{"embeddable":true,"href":"https:\/\/thecamels.org\/en\/wp-json\/wp\/v2\/media\/16216"}],"wp:attachment":[{"href":"https:\/\/thecamels.org\/en\/wp-json\/wp\/v2\/media?parent=7846"}],"curies":[{"name":"wp","href":"https:\/\/api.w.org\/{rel}","templated":true}]}}