{"id":7849,"date":"2018-04-07T15:24:28","date_gmt":"2018-04-07T13:24:28","guid":{"rendered":"https:\/\/thecamels.org\/?page_id=7849"},"modified":"2024-06-17T10:19:19","modified_gmt":"2024-06-17T08:19:19","slug":"terms-and-conditions","status":"publish","type":"page","link":"https:\/\/thecamels.org\/en\/terms-and-conditions\/","title":{"rendered":"Terms and conditions"},"content":{"rendered":"\n<h3 class=\"wp-block-heading\">Rules of Procedure and applications<\/h3>\n\n\n\n<ul class=\"wp-block-list\">\n<li><a href=\"https:\/\/thecamels.org\/wp-content\/uploads\/2020\/05\/regulamin-uslug.pdf\"><span>Terms of service<\/span><\/a><\/li>\n\n\n\n<li><a href=\"https:\/\/thecamels.org\/en\/terms-and-conditions\/privacy-and-cookie-policy\/\"><span>Privacy and cookie policy<\/span><\/a><\/li>\n\n\n\n<li><a href=\"https:\/\/thecamels.org\/wp-content\/uploads\/2020\/04\/podmioty-wspolpracujace.pdf\"><span>Cooperating entities<\/span><\/a><\/li>\n\n\n\n<li><a href=\"https:\/\/thecamels.org\/wp-content\/uploads\/2018\/08\/wniosek_zmiany_autoryzowanego_adresu_mail.pdf\"><span>Request for change of main authorised e&#8209;mail address<\/span><\/a><\/li>\n\n\n\n<li><a href=\"https:\/\/thecamels.org\/wp-content\/uploads\/2020\/03\/wniosek_pl_registry_lock.pdf\"><span>Request for activation \/ deactivation of .pl Registry Lock<\/span><\/a><\/li>\n\n\n\n<li><a href=\"https:\/\/thecamels.org\/wp-content\/uploads\/2022\/04\/regulamin-promocji-50-nowy-hosting.pdf\"><span>Rules of promotion \u201cNowe pakiety 50% taniej\u201d<\/span><\/a><\/li>\n<\/ul>\n\n\n\n<ul class=\"wp-block-list\">\n<li><a target=\"_blank\" rel=\"noopener noreferrer\" href=\"https:\/\/www.dns.pl\/en\/pl_domain_name_regulations\"><span>Regulations for .pl domain names (NASK)<\/span><\/a><\/li>\n<\/ul>\n\n\n\n<h3 class=\"wp-block-heading\">What is data entrustment?<\/h3>\n\n\n\n<p>Entrusting data is a situation in which you transfer personal data to another company so that it can provide services related to this data on your behalf. According to the law, a hosting service provider, dedicated server or virtual server is a processor of personal data.<\/p>\n\n\n\n<p>An agreement <strong>entrusting the processing of personal data<\/strong> should be concluded by almost every entrepreneur. Practically in every company personal data is entrusted. The recipient is still the administrator of personal data and is responsible for creating a security policy.<\/p>\n\n\n\n<blockquote class=\"wp-block-quote is-layout-flow wp-block-quote-is-layout-flow\">\n<p><strong>Art. 28.<\/strong>&nbsp;Where processing is to be carried out on behalf of a controller, the controller shall use only processors providing sufficient guarantees to implement appropriate technical and organisational measures in such a manner that processing will meet the requirements of this Regulation and ensure the protection of the rights of the data subject.<\/p>\n<cite>Article 28 EU GDPR &#8220;Processor&#8221;<\/cite><\/blockquote>\n\n\n\n<p>The agreement of entrusting personal data should be printed in two copies, signed (parcel on each page) and sent to our mailing address available on the contact page. After receiving the letter, we return one copy to you signed by us.<\/p>\n\n\n\n<h3 class=\"wp-block-heading\">How do I get the Authinfo code?<\/h3>\n\n\n\n<p>To transfer a domain to Thecamels, it is required to have an AuthInfo code for the domain. You can get it from your current registrar.<\/p>\n\n\n\n<p>If you want to obtain an AuthInfo code for a domain purchased from us, please contact us via the <strong>Customer Panel<\/strong>. After filling in the code application, send us a scan of the code. On one application, you can enter several domains.<\/p>\n\n\n\n<p>In case of doubt during the analysis of the application, you may be asked to provide a photocopy or electronic version of the registration document (depending on the type of business, e.g. KRS, EDG, company status) or other documents proving your identity.<\/p>\n\n\n\n<h3 class=\"wp-block-heading\">Rules of Procedure and applications<\/h3>\n\n\n\n<ul class=\"wp-block-list\">\n<li><a target=\"_blank\" rel=\"noopener noreferrer\" href=\"http:\/\/support.microsoft.com\/kb\/196955\" target=\"_blank\" rel=\"noreferrer noopener nofollow\"><span>Internet Explorer<\/span><\/a><\/li>\n\n\n\n<li><a target=\"_blank\" rel=\"noopener noreferrer\" href=\"https:\/\/support.google.com\/chrome\/answer\/95647?hl=pl\" target=\"_blank\" rel=\"noreferrer noopener nofollow\"><span>Chrome<\/span><\/a><\/li>\n\n\n\n<li><a target=\"_blank\" rel=\"noopener noreferrer\" href=\"http:\/\/support.apple.com\/kb\/PH5042\" target=\"_blank\" rel=\"noreferrer noopener nofollow\"><span>Safari<\/span><\/a><\/li>\n\n\n\n<li><a target=\"_blank\" rel=\"noopener noreferrer\" href=\"https:\/\/support.mozilla.org\/pl\/kb\/W\u0142\u0105czanie%20i%20wy\u0142\u0105czanie%20obs\u0142ugi%20ciasteczek\" target=\"_blank\" rel=\"noreferrer noopener nofollow\"><span>Firefox<\/span><\/a><\/li>\n\n\n\n<li><a target=\"_blank\" rel=\"noopener noreferrer\" href=\"http:\/\/help.opera.com\/Windows\/12.10\/pl\/cookies.html\" target=\"_blank\" rel=\"noreferrer noopener nofollow\"><span>Opera<\/span><\/a><\/li>\n\n\n\n<li><a target=\"_blank\" rel=\"noopener noreferrer\" href=\"https:\/\/support.google.com\/chrome\/answer\/95647?hl=pl\" target=\"_blank\" rel=\"noreferrer noopener nofollow\"><span>Android<\/span><\/a><\/li>\n\n\n\n<li><a target=\"_blank\" rel=\"noopener noreferrer\" href=\"http:\/\/support.apple.com\/kb\/HT1677?viewlocale=pl_PL\" target=\"_blank\" rel=\"noreferrer noopener nofollow\"><span>Safari (iOS)<\/span><\/a><\/li>\n\n\n\n<li><a target=\"_blank\" rel=\"noopener noreferrer\" href=\"http:\/\/www.windowsphone.com\/pl-pl\/how-to\/wp7\/web\/changing-privacy-and-other-browser-settings\" target=\"_blank\" rel=\"noreferrer noopener nofollow\"><span>Windows Phone<\/span><\/a><\/li>\n\n\n\n<li><a target=\"_blank\" rel=\"noopener noreferrer\" href=\"http:\/\/docs.blackberry.com\/en\/smartphone_users\/deliverables\/32004\/Turn_off_cookies_in_the_browser_60_1072866_11.jsp\" target=\"_blank\" rel=\"noreferrer noopener nofollow\"><span>Blackberry<\/span><\/a><\/li>\n<\/ul>\n\n\n\n<h4 class=\"wp-block-heading\">Do you have any questions about our terms and conditions?<\/h4>\n\n\n\n<div class=\"wpcf7 no-js\" id=\"wpcf7-f8039-o1\" lang=\"pl-PL\" dir=\"ltr\" data-wpcf7-id=\"8039\">\n<div class=\"screen-reader-response\"><p role=\"status\" aria-live=\"polite\" aria-atomic=\"true\"><\/p> <ul><\/ul><\/div>\n<form action=\"\/en\/wp-json\/wp\/v2\/pages\/7849#wpcf7-f8039-o1\" method=\"post\" class=\"wpcf7-form init\" aria-label=\"Formularz kontaktowy\" novalidate=\"novalidate\" data-status=\"init\">\n<fieldset class=\"hidden-fields-container\"><input type=\"hidden\" name=\"_wpcf7\" value=\"8039\" \/><input type=\"hidden\" name=\"_wpcf7_version\" value=\"6.1.5\" \/><input type=\"hidden\" name=\"_wpcf7_locale\" value=\"pl_PL\" \/><input type=\"hidden\" name=\"_wpcf7_unit_tag\" value=\"wpcf7-f8039-o1\" \/><input type=\"hidden\" name=\"_wpcf7_container_post\" value=\"0\" \/><input type=\"hidden\" name=\"_wpcf7_posted_data_hash\" value=\"\" \/><input type=\"hidden\" name=\"_wpcf7cf_hidden_group_fields\" value=\"[]\" \/><input type=\"hidden\" name=\"_wpcf7cf_hidden_groups\" value=\"[]\" \/><input type=\"hidden\" name=\"_wpcf7cf_visible_groups\" value=\"[]\" \/><input type=\"hidden\" name=\"_wpcf7cf_repeaters\" value=\"[]\" \/><input type=\"hidden\" name=\"_wpcf7cf_steps\" value=\"{}\" \/><input type=\"hidden\" name=\"_wpcf7cf_options\" value=\"{&quot;form_id&quot;:8039,&quot;conditions&quot;:[],&quot;settings&quot;:{&quot;animation&quot;:&quot;yes&quot;,&quot;animation_intime&quot;:200,&quot;animation_outtime&quot;:200,&quot;conditions_ui&quot;:&quot;normal&quot;,&quot;notice_dismissed&quot;:true,&quot;notice_dismissed_rollback-cf7-5.5.2&quot;:true,&quot;notice_dismissed_rollback-cf7-5.6&quot;:true}}\" \/>\n<\/fieldset>\n<p><label>First and last name or company name: <em>*<\/em><br \/>\n<span class=\"wpcf7-form-control-wrap\" data-name=\"your-name\"><input size=\"40\" maxlength=\"400\" class=\"wpcf7-form-control wpcf7-text wpcf7-validates-as-required\" aria-required=\"true\" aria-invalid=\"false\" placeholder=\"Here goes your name or company name\" value=\"\" type=\"text\" name=\"your-name\" \/><\/span> <\/label>\n<\/p>\n<p><label>E-mail address: <em>*<\/em><br \/>\n<span class=\"wpcf7-form-control-wrap\" data-name=\"your-email\"><input size=\"40\" maxlength=\"400\" class=\"wpcf7-form-control wpcf7-email wpcf7-validates-as-required wpcf7-text wpcf7-validates-as-email\" aria-required=\"true\" aria-invalid=\"false\" placeholder=\"Here goes your e-mail address\" value=\"\" type=\"email\" name=\"your-email\" \/><\/span> <\/label>\n<\/p>\n<p><label>Phone: <em>*<\/em><br \/>\n<span class=\"wpcf7-form-control-wrap\" data-name=\"your-phone\"><input size=\"40\" maxlength=\"400\" class=\"wpcf7-form-control wpcf7-tel wpcf7-validates-as-required wpcf7-text wpcf7-validates-as-tel\" aria-required=\"true\" aria-invalid=\"false\" placeholder=\"Here goes your phone number\" value=\"\" type=\"tel\" name=\"your-phone\" \/><\/span> <\/label>\n<\/p>\n<p><label>Message content:<br \/>\n<span class=\"wpcf7-form-control-wrap\" data-name=\"your-message\"><textarea cols=\"40\" rows=\"10\" maxlength=\"2000\" class=\"wpcf7-form-control wpcf7-textarea\" aria-invalid=\"false\" placeholder=\"Here goes content of your message\" name=\"your-message\"><\/textarea><\/span> <\/label>\n<\/p>\n<div class=\"schowanko\">\n\t<p><label for=\"field-topic\">Message subject*<\/label><br \/>\n<input name=\"topic\" type=\"text\" id=\"topic\" tabindex=\"-1\" autocomplete=\"nope\" \/>\n\t<\/p>\n<\/div>\n<p><span class=\"wpcf7-form-control-wrap\" data-name=\"rodo-consent\"><span class=\"wpcf7-form-control wpcf7-acceptance\"><span class=\"wpcf7-list-item\"><label><input type=\"checkbox\" name=\"rodo-consent\" value=\"1\" aria-invalid=\"false\" \/><span class=\"wpcf7-list-item-label\">The personal data provided in the form will be processed for the purpose of handling correspondence and will be administered by Thecamels. For more information, please see <a href=\"https:\/\/thecamels.org\/en\/terms-and-conditions\/privacy-and-cookie-policy\/\">privacy and cookie policy<\/a>.<\/span><\/label><\/span><\/span><\/span>\n<\/p>\n<p><input class=\"wpcf7-form-control wpcf7-submit has-spinner btn btn-primary btn-big\" id=\"btnLead\" type=\"submit\" value=\"Send\" \/>\n<\/p><div class=\"wpcf7-response-output\" aria-hidden=\"true\"><\/div>\n<\/form>\n<\/div>\n\n","protected":false},"excerpt":{"rendered":"<p>Rules of Procedure and applications What is data entrustment? Entrusting data is a situation in which you transfer personal data to another company so that it can provide services related to this data on your behalf. According to the law, a hosting service provider, dedicated server or virtual server is a processor of personal data.&hellip;<\/p>\n","protected":false},"author":1,"featured_media":16234,"parent":0,"menu_order":49,"comment_status":"closed","ping_status":"closed","template":"","meta":{"_acf_changed":false,"footnotes":""},"class_list":["post-7849","page","type-page","status-publish","has-post-thumbnail","hentry"],"acf":[],"yoast_head":"<!-- This site is optimized with the Yoast SEO plugin v27.3 - https:\/\/yoast.com\/product\/yoast-seo-wordpress\/ -->\n<title>Terms and conditions - Thecamels.org<\/title>\n<meta name=\"description\" content=\"Rules of Procedure. Privacy policy and documents related to the FAMILY. Here you will also find the agreement on the entrustment of personal data.\" \/>\n<meta name=\"robots\" content=\"index, follow, max-snippet:-1, max-image-preview:large, max-video-preview:-1\" \/>\n<link rel=\"canonical\" href=\"https:\/\/thecamels.org\/en\/terms-and-conditions\/\" \/>\n<meta property=\"og:locale\" content=\"en_US\" \/>\n<meta property=\"og:type\" content=\"article\" \/>\n<meta property=\"og:title\" content=\"Terms and conditions - Thecamels.org\" \/>\n<meta property=\"og:description\" content=\"Regulaminy oraz wnioski. Polityka prywatno\u015bci oraz dokumenty zwi\u0105zane z RODO. Znajdziesz tutaj r\u00f3wnie\u017c umow\u0119 powierzenia danych osobowych.\" \/>\n<meta property=\"og:url\" content=\"https:\/\/thecamels.org\/en\/terms-and-conditions\/?utm_source=dark&amp;utm_medium=social&amp;utm_campaign=open-graph\" \/>\n<meta property=\"og:site_name\" content=\"Thecamels.org\" \/>\n<meta property=\"article:publisher\" content=\"https:\/\/www.facebook.com\/thecamels.org\/\" \/>\n<meta property=\"article:modified_time\" content=\"2024-06-17T08:19:19+00:00\" \/>\n<meta property=\"og:image\" content=\"https:\/\/thecamels.org\/wp-content\/uploads\/2020\/12\/terms-and-conditions.png\" \/>\n\t<meta property=\"og:image:width\" content=\"1200\" \/>\n\t<meta property=\"og:image:height\" content=\"627\" \/>\n\t<meta property=\"og:image:type\" content=\"image\/png\" \/>\n<meta name=\"twitter:card\" content=\"summary_large_image\" \/>\n<meta name=\"twitter:site\" content=\"@thecamelsorg\" \/>\n<meta name=\"twitter:label1\" content=\"Est. reading time\" \/>\n\t<meta name=\"twitter:data1\" content=\"3 minutes\" \/>\n<script type=\"application\/ld+json\" class=\"yoast-schema-graph\">{\"@context\":\"https:\\\/\\\/schema.org\",\"@graph\":[{\"@type\":\"WebPage\",\"@id\":\"https:\\\/\\\/thecamels.org\\\/en\\\/terms-and-conditions\\\/\",\"url\":\"https:\\\/\\\/thecamels.org\\\/en\\\/terms-and-conditions\\\/\",\"name\":\"Terms and conditions - Thecamels.org\",\"isPartOf\":{\"@id\":\"https:\\\/\\\/thecamels.org\\\/en\\\/#website\"},\"primaryImageOfPage\":{\"@id\":\"https:\\\/\\\/thecamels.org\\\/en\\\/terms-and-conditions\\\/#primaryimage\"},\"image\":{\"@id\":\"https:\\\/\\\/thecamels.org\\\/en\\\/terms-and-conditions\\\/#primaryimage\"},\"thumbnailUrl\":\"https:\\\/\\\/thecamels.org\\\/wp-content\\\/uploads\\\/2020\\\/12\\\/terms-and-conditions.png\",\"datePublished\":\"2018-04-07T13:24:28+00:00\",\"dateModified\":\"2024-06-17T08:19:19+00:00\",\"description\":\"Rules of Procedure. Privacy policy and documents related to the FAMILY. Here you will also find the agreement on the entrustment of personal data.\",\"breadcrumb\":{\"@id\":\"https:\\\/\\\/thecamels.org\\\/en\\\/terms-and-conditions\\\/#breadcrumb\"},\"inLanguage\":\"en-US\",\"potentialAction\":[{\"@type\":\"ReadAction\",\"target\":[\"https:\\\/\\\/thecamels.org\\\/en\\\/terms-and-conditions\\\/\"]}]},{\"@type\":\"ImageObject\",\"inLanguage\":\"en-US\",\"@id\":\"https:\\\/\\\/thecamels.org\\\/en\\\/terms-and-conditions\\\/#primaryimage\",\"url\":\"https:\\\/\\\/thecamels.org\\\/wp-content\\\/uploads\\\/2020\\\/12\\\/terms-and-conditions.png\",\"contentUrl\":\"https:\\\/\\\/thecamels.org\\\/wp-content\\\/uploads\\\/2020\\\/12\\\/terms-and-conditions.png\",\"width\":1200,\"height\":627,\"caption\":\"Terms and conditions\"},{\"@type\":\"BreadcrumbList\",\"@id\":\"https:\\\/\\\/thecamels.org\\\/en\\\/terms-and-conditions\\\/#breadcrumb\",\"itemListElement\":[{\"@type\":\"ListItem\",\"position\":1,\"name\":\"[HOME]\",\"item\":\"https:\\\/\\\/thecamels.org\\\/en\\\/\"},{\"@type\":\"ListItem\",\"position\":2,\"name\":\"Terms and conditions\"}]},{\"@type\":\"WebSite\",\"@id\":\"https:\\\/\\\/thecamels.org\\\/en\\\/#website\",\"url\":\"https:\\\/\\\/thecamels.org\\\/en\\\/\",\"name\":\"Thecamels.org\",\"description\":\"Hosting SSD NVMe z certyfikatem SSL i HTTP\\\/2. Administracja serwerami, skalowanie infrastruktury. Mamy g\u0142ow\u0119 do serwer\u00f3w i zadbamy o Twoj\u0105 stron\u0119 w sieci.\",\"publisher\":{\"@id\":\"https:\\\/\\\/thecamels.org\\\/en\\\/#organization\"},\"potentialAction\":[{\"@type\":\"SearchAction\",\"target\":{\"@type\":\"EntryPoint\",\"urlTemplate\":\"https:\\\/\\\/thecamels.org\\\/en\\\/?s={search_term_string}\"},\"query-input\":{\"@type\":\"PropertyValueSpecification\",\"valueRequired\":true,\"valueName\":\"search_term_string\"}}],\"inLanguage\":\"en-US\"},{\"@type\":\"Organization\",\"@id\":\"https:\\\/\\\/thecamels.org\\\/en\\\/#organization\",\"name\":\"Thecamels\",\"url\":\"https:\\\/\\\/thecamels.org\\\/en\\\/\",\"logo\":{\"@type\":\"ImageObject\",\"inLanguage\":\"en-US\",\"@id\":\"https:\\\/\\\/thecamels.org\\\/en\\\/#\\\/schema\\\/logo\\\/image\\\/\",\"url\":\"https:\\\/\\\/thecamels.org\\\/wp-content\\\/uploads\\\/2018\\\/09\\\/TC-logo-nowe.png\",\"contentUrl\":\"https:\\\/\\\/thecamels.org\\\/wp-content\\\/uploads\\\/2018\\\/09\\\/TC-logo-nowe.png\",\"width\":826,\"height\":106,\"caption\":\"Thecamels\"},\"image\":{\"@id\":\"https:\\\/\\\/thecamels.org\\\/en\\\/#\\\/schema\\\/logo\\\/image\\\/\"},\"sameAs\":[\"https:\\\/\\\/www.facebook.com\\\/thecamels.org\\\/\",\"https:\\\/\\\/x.com\\\/thecamelsorg\",\"https:\\\/\\\/www.linkedin.com\\\/company\\\/the-camels\",\"https:\\\/\\\/www.youtube.com\\\/channel\\\/UC01xYBZbIAApTuPWuqgGE4Q\"]}]}<\/script>\n<!-- \/ Yoast SEO plugin. -->","yoast_head_json":{"title":"Terms and conditions - Thecamels.org","description":"Rules of Procedure. Privacy policy and documents related to the FAMILY. Here you will also find the agreement on the entrustment of personal data.","robots":{"index":"index","follow":"follow","max-snippet":"max-snippet:-1","max-image-preview":"max-image-preview:large","max-video-preview":"max-video-preview:-1"},"canonical":"https:\/\/thecamels.org\/en\/terms-and-conditions\/","og_locale":"en_US","og_type":"article","og_title":"Terms and conditions - Thecamels.org","og_description":"Regulaminy oraz wnioski. Polityka prywatno\u015bci oraz dokumenty zwi\u0105zane z RODO. Znajdziesz tutaj r\u00f3wnie\u017c umow\u0119 powierzenia danych osobowych.","og_url":"https:\/\/thecamels.org\/en\/terms-and-conditions\/?utm_source=dark&utm_medium=social&utm_campaign=open-graph","og_site_name":"Thecamels.org","article_publisher":"https:\/\/www.facebook.com\/thecamels.org\/","article_modified_time":"2024-06-17T08:19:19+00:00","og_image":[{"width":1200,"height":627,"url":"https:\/\/thecamels.org\/wp-content\/uploads\/2020\/12\/terms-and-conditions.png","type":"image\/png"}],"twitter_card":"summary_large_image","twitter_site":"@thecamelsorg","twitter_misc":{"Est. reading time":"3 minutes"},"schema":{"@context":"https:\/\/schema.org","@graph":[{"@type":"WebPage","@id":"https:\/\/thecamels.org\/en\/terms-and-conditions\/","url":"https:\/\/thecamels.org\/en\/terms-and-conditions\/","name":"Terms and conditions - Thecamels.org","isPartOf":{"@id":"https:\/\/thecamels.org\/en\/#website"},"primaryImageOfPage":{"@id":"https:\/\/thecamels.org\/en\/terms-and-conditions\/#primaryimage"},"image":{"@id":"https:\/\/thecamels.org\/en\/terms-and-conditions\/#primaryimage"},"thumbnailUrl":"https:\/\/thecamels.org\/wp-content\/uploads\/2020\/12\/terms-and-conditions.png","datePublished":"2018-04-07T13:24:28+00:00","dateModified":"2024-06-17T08:19:19+00:00","description":"Rules of Procedure. Privacy policy and documents related to the FAMILY. Here you will also find the agreement on the entrustment of personal data.","breadcrumb":{"@id":"https:\/\/thecamels.org\/en\/terms-and-conditions\/#breadcrumb"},"inLanguage":"en-US","potentialAction":[{"@type":"ReadAction","target":["https:\/\/thecamels.org\/en\/terms-and-conditions\/"]}]},{"@type":"ImageObject","inLanguage":"en-US","@id":"https:\/\/thecamels.org\/en\/terms-and-conditions\/#primaryimage","url":"https:\/\/thecamels.org\/wp-content\/uploads\/2020\/12\/terms-and-conditions.png","contentUrl":"https:\/\/thecamels.org\/wp-content\/uploads\/2020\/12\/terms-and-conditions.png","width":1200,"height":627,"caption":"Terms and conditions"},{"@type":"BreadcrumbList","@id":"https:\/\/thecamels.org\/en\/terms-and-conditions\/#breadcrumb","itemListElement":[{"@type":"ListItem","position":1,"name":"[HOME]","item":"https:\/\/thecamels.org\/en\/"},{"@type":"ListItem","position":2,"name":"Terms and conditions"}]},{"@type":"WebSite","@id":"https:\/\/thecamels.org\/en\/#website","url":"https:\/\/thecamels.org\/en\/","name":"Thecamels.org","description":"Hosting SSD NVMe z certyfikatem SSL i HTTP\/2. Administracja serwerami, skalowanie infrastruktury. Mamy g\u0142ow\u0119 do serwer\u00f3w i zadbamy o Twoj\u0105 stron\u0119 w sieci.","publisher":{"@id":"https:\/\/thecamels.org\/en\/#organization"},"potentialAction":[{"@type":"SearchAction","target":{"@type":"EntryPoint","urlTemplate":"https:\/\/thecamels.org\/en\/?s={search_term_string}"},"query-input":{"@type":"PropertyValueSpecification","valueRequired":true,"valueName":"search_term_string"}}],"inLanguage":"en-US"},{"@type":"Organization","@id":"https:\/\/thecamels.org\/en\/#organization","name":"Thecamels","url":"https:\/\/thecamels.org\/en\/","logo":{"@type":"ImageObject","inLanguage":"en-US","@id":"https:\/\/thecamels.org\/en\/#\/schema\/logo\/image\/","url":"https:\/\/thecamels.org\/wp-content\/uploads\/2018\/09\/TC-logo-nowe.png","contentUrl":"https:\/\/thecamels.org\/wp-content\/uploads\/2018\/09\/TC-logo-nowe.png","width":826,"height":106,"caption":"Thecamels"},"image":{"@id":"https:\/\/thecamels.org\/en\/#\/schema\/logo\/image\/"},"sameAs":["https:\/\/www.facebook.com\/thecamels.org\/","https:\/\/x.com\/thecamelsorg","https:\/\/www.linkedin.com\/company\/the-camels","https:\/\/www.youtube.com\/channel\/UC01xYBZbIAApTuPWuqgGE4Q"]}]}},"_links":{"self":[{"href":"https:\/\/thecamels.org\/en\/wp-json\/wp\/v2\/pages\/7849","targetHints":{"allow":["GET"]}}],"collection":[{"href":"https:\/\/thecamels.org\/en\/wp-json\/wp\/v2\/pages"}],"about":[{"href":"https:\/\/thecamels.org\/en\/wp-json\/wp\/v2\/types\/page"}],"author":[{"embeddable":true,"href":"https:\/\/thecamels.org\/en\/wp-json\/wp\/v2\/users\/1"}],"replies":[{"embeddable":true,"href":"https:\/\/thecamels.org\/en\/wp-json\/wp\/v2\/comments?post=7849"}],"version-history":[{"count":4,"href":"https:\/\/thecamels.org\/en\/wp-json\/wp\/v2\/pages\/7849\/revisions"}],"predecessor-version":[{"id":27403,"href":"https:\/\/thecamels.org\/en\/wp-json\/wp\/v2\/pages\/7849\/revisions\/27403"}],"wp:featuredmedia":[{"embeddable":true,"href":"https:\/\/thecamels.org\/en\/wp-json\/wp\/v2\/media\/16234"}],"wp:attachment":[{"href":"https:\/\/thecamels.org\/en\/wp-json\/wp\/v2\/media?parent=7849"}],"curies":[{"name":"wp","href":"https:\/\/api.w.org\/{rel}","templated":true}]}}