{"id":8973,"date":"2019-02-08T13:17:10","date_gmt":"2019-02-08T12:17:10","guid":{"rendered":"https:\/\/thecamels.org\/?page_id=8973"},"modified":"2021-08-30T08:21:04","modified_gmt":"2021-08-30T06:21:04","slug":"bonuses","status":"publish","type":"page","link":"https:\/\/thecamels.org\/en\/bonuses\/","title":{"rendered":"Bonuses"},"content":{"rendered":"\n<p>For each of our clients we have prepared, together with our partners, numerous bonuses for additional services, which will make your business more attractive.<\/p>\n\n\n\n<div class=\"wp-block-media-text alignwide is-stacked-on-mobile\"><figure class=\"wp-block-media-text__media\"><img loading=\"lazy\" decoding=\"async\" width=\"336\" height=\"168\" src=\"https:\/\/thecamels.org\/wp-content\/uploads\/2019\/02\/brand24.jpg\" alt=\"Brand24\" class=\"wp-image-8982 size-full\" srcset=\"https:\/\/thecamels.org\/wp-content\/uploads\/2019\/02\/brand24.jpg 336w, https:\/\/thecamels.org\/wp-content\/uploads\/2019\/02\/brand24-300x150.jpg 300w, https:\/\/thecamels.org\/wp-content\/uploads\/2019\/02\/brand24-130x65.jpg 130w\" sizes=\"auto, (max-width: 336px) 100vw, 336px\" \/><\/figure><div class=\"wp-block-media-text__content\">\n<h2 class=\"wp-block-heading\">Brand 24<\/h2>\n\n\n\n<p>Discover what people are saying online about your brand &#8211; as it unfolds in real time. Brand24 gives you instant access to mentions about your brand across the web, from social networks to influential publishers.<\/p>\n\n\n\n<h3 class=\"wp-block-heading\">Bonus: 45 days of free tests and 15% discount<\/h3>\n\n\n\n<h4 class=\"wp-block-heading\">How do I get a bonus?<\/h4>\n\n\n\n<ol class=\"wp-block-list\"><li>Create an account in our <a target=\"_blank\" rel=\"noopener noreferrer\" href=\"https:\/\/panel.thecamels.org\/?language=english\"><span>Customer Panel<\/span><\/a>.<\/li><li>Create an account on <a target=\"_blank\" rel=\"noopener noreferrer\" href=\"https:\/\/brand24.pl\/promo\/thecamels\" target=\"_blank\" rel=\"noreferrer noopener nofollow\"><span>Brand24<\/span><\/a> and start monitoring your brand.<\/li><\/ol>\n<\/div><\/div>\n\n\n\n<div class=\"wp-block-media-text alignwide has-media-on-the-right is-stacked-on-mobile\"><figure class=\"wp-block-media-text__media\"><img loading=\"lazy\" decoding=\"async\" width=\"551\" height=\"256\" src=\"https:\/\/thecamels.org\/wp-content\/uploads\/2021\/08\/Kuz\u0301nia-Tres\u0301ci-Logo_1.png\" alt=\"Kuz\u0301nia Tres\u0301ci Logo\" class=\"wp-image-26688 size-full\"\/><\/figure><div class=\"wp-block-media-text__content\">\n<h2 class=\"wp-block-heading\">Kurs S\u0142owem Sprzedawaj<\/h2>\n\n\n\n<p>During the course you will gain comprehensive knowledge of copywriting and learn how to create effective sales texts and content optimized for search engines. You will be able to position yourself online with content and wisely delegate content to copywriters!<\/p>\n\n\n\n<h3 class=\"wp-block-heading\" id=\"mce_6\"><strong>Bonus: 15% discount on the course<\/strong><\/h3>\n\n\n\n<h4 class=\"wp-block-heading\" id=\"mce_8\">How do I get a bonus?<\/h4>\n\n\n\n<ol class=\"wp-block-list\"><li>Create an account in our <a target=\"_blank\" rel=\"noopener noreferrer\" href=\"https:\/\/panel.thecamels.org\/?language=english\"><span>Customer Panel<\/span><\/a>.<\/li><li>Buy course <a target=\"_blank\" rel=\"noopener noreferrer\" href=\"https:\/\/www.kuzniatresci.pl\/kursy-online\/slowem-sprzedawaj\/\" target=\"_blank\" rel=\"noreferrer noopener nofollow\"><span>S\u0142owem Sprzedawaj<\/span><\/a> and enter code <strong>THECAMELS<\/strong>.<\/li><\/ol>\n<\/div><\/div>\n\n\n\n<div class=\"wp-block-media-text alignwide is-stacked-on-mobile\"><figure class=\"wp-block-media-text__media\"><img loading=\"lazy\" decoding=\"async\" width=\"502\" height=\"223\" src=\"https:\/\/thecamels.org\/wp-content\/uploads\/2019\/02\/buddy-works.png\" alt=\"Buddy.Works\" class=\"wp-image-9346 size-full\" srcset=\"https:\/\/thecamels.org\/wp-content\/uploads\/2019\/02\/buddy-works.png 502w, https:\/\/thecamels.org\/wp-content\/uploads\/2019\/02\/buddy-works-300x133.png 300w, https:\/\/thecamels.org\/wp-content\/uploads\/2019\/02\/buddy-works-130x58.png 130w\" sizes=\"auto, (max-width: 502px) 100vw, 502px\" \/><\/figure><div class=\"wp-block-media-text__content\">\n<h2 class=\"wp-block-heading\">Buddy<\/h2>\n\n\n\n<p>Buddy puts application development on autopilot and makes building apps scalable, creating a decentralized DevOps Marketplace and Automation Grid that challenges how today\u2019s developers build, test &amp; deploy their apps. Our vision is to become the backbone on which talented people can build world-altering apps &amp; services. Our goal is to take the load off millions of developers by offloading everything that can be automated \u2013 giving them back the time for being creative.<\/p>\n\n\n\n<h3 class=\"wp-block-heading\" id=\"mce_6\">Bonus: 30 days of free tests<\/h3>\n\n\n\n<h4 class=\"wp-block-heading\" id=\"mce_10\">How do I get a bonus?<\/h4>\n\n\n\n<ol class=\"wp-block-list\"><li>Create an account in our <a target=\"_blank\" rel=\"noopener noreferrer\" href=\"https:\/\/panel.thecamels.org\/?language=english\"><span>Customer Panel<\/span><\/a>.<\/li><li>Create an account on <a target=\"_blank\" rel=\"noopener noreferrer\" href=\"https:\/\/buddy.works\/?fp_ref=thecamels_buddy\" target=\"_blank\" rel=\"noreferrer noopener nofollow\"><span>Buddy.Works<\/span><\/a> and start your first deployment.<\/li><\/ol>\n<\/div><\/div>\n\n\n\n<div class=\"wp-block-media-text alignwide has-media-on-the-right is-stacked-on-mobile\"><figure class=\"wp-block-media-text__media\"><img loading=\"lazy\" decoding=\"async\" width=\"1024\" height=\"309\" src=\"https:\/\/thecamels.org\/wp-content\/uploads\/2019\/02\/slr-logo-color-1024x309.png\" alt=\"Sellizer\" class=\"wp-image-9420 size-full\" srcset=\"https:\/\/thecamels.org\/wp-content\/uploads\/2019\/02\/slr-logo-color-1024x309.png 1024w, https:\/\/thecamels.org\/wp-content\/uploads\/2019\/02\/slr-logo-color-600x181.png 600w, https:\/\/thecamels.org\/wp-content\/uploads\/2019\/02\/slr-logo-color-768x232.png 768w, https:\/\/thecamels.org\/wp-content\/uploads\/2019\/02\/slr-logo-color-960x290.png 960w, https:\/\/thecamels.org\/wp-content\/uploads\/2019\/02\/slr-logo-color-300x91.png 300w, https:\/\/thecamels.org\/wp-content\/uploads\/2019\/02\/slr-logo-color-900x272.png 900w, https:\/\/thecamels.org\/wp-content\/uploads\/2019\/02\/slr-logo-color-130x39.png 130w, https:\/\/thecamels.org\/wp-content\/uploads\/2019\/02\/slr-logo-color.png 1380w\" sizes=\"auto, (max-width: 1024px) 100vw, 1024px\" \/><\/figure><div class=\"wp-block-media-text__content\">\n<h2 class=\"wp-block-heading\">Sellizer<\/h2>\n\n\n\n<p>Sellizer is prepared for ambitious salesmen who want to improve the sales process. Thanks to Sellizer, you know who and when opened the pdf file with the proposal and what interested him. Thanks to this, your sales activities are more effective and you have more time to search for new customers.<\/p>\n\n\n\n<h3 class=\"wp-block-heading\" id=\"mce_5\">Bonus: 21 days of free tests<\/h3>\n\n\n\n<h4 class=\"wp-block-heading\" id=\"mce_9\">How do I get a bonus?<\/h4>\n\n\n\n<ol class=\"wp-block-list\"><li>Create an account in our <a target=\"_blank\" rel=\"noopener noreferrer\" href=\"https:\/\/panel.thecamels.org\/?language=english\"><span>Customer Panel<\/span><\/a>.<\/li><li>Create a <a target=\"_blank\" rel=\"noopener noreferrer\" href=\"https:\/\/app.sellizer.pl\/partner\/thecamels\" target=\"_blank\" rel=\"noreferrer noopener nofollow\"><span>test account<\/span><\/a> or enter a discount code: <strong>thecamels<\/strong> in the payment tab to extend the test period to 21 days.<\/li><\/ol>\n<\/div><\/div>\n\n\n\n<div class=\"wp-block-media-text alignwide is-stacked-on-mobile\"><figure class=\"wp-block-media-text__media\"><img loading=\"lazy\" decoding=\"async\" width=\"336\" height=\"82\" src=\"https:\/\/thecamels.org\/wp-content\/uploads\/2020\/02\/logo-500-sekund.png\" alt=\"500sekund\" class=\"wp-image-13056 size-full\" srcset=\"https:\/\/thecamels.org\/wp-content\/uploads\/2020\/02\/logo-500-sekund.png 336w, https:\/\/thecamels.org\/wp-content\/uploads\/2020\/02\/logo-500-sekund-300x73.png 300w, https:\/\/thecamels.org\/wp-content\/uploads\/2020\/02\/logo-500-sekund-130x32.png 130w\" sizes=\"auto, (max-width: 336px) 100vw, 336px\" \/><\/figure><div class=\"wp-block-media-text__content\">\n<h2 class=\"wp-block-heading\">Course &#8220;WordPress dla Ciebie&#8221;<\/h2>\n\n\n\n<p>Do you manage the WP website privately or professionally? Want to learn the basics of website management? I have prepared a course that will systematize your knowledge and help you to navigate the cockpit of WordPress fluently.<\/p>\n\n\n\n<h3 class=\"wp-block-heading\">Bonus: 10% off<\/h3>\n\n\n\n<h4 class=\"wp-block-heading\">How do I get a bonus?<\/h4>\n\n\n\n<ol class=\"wp-block-list\"><li>Create an account in our <a target=\"_blank\" rel=\"noopener noreferrer\" href=\"https:\/\/panel.thecamels.org\/?language=english\"><span>Customer Panel<\/span><\/a>.<\/li><li>Buy <a target=\"_blank\" rel=\"noopener noreferrer\" href=\"https:\/\/500sekund.pl\/wordpress-dla-ciebie\/\" target=\"_blank\" rel=\"noreferrer noopener nofollow\"><span>course at this page<\/span><\/a> and use <strong>THECAMELS<\/strong> code.<\/li><\/ol>\n<\/div><\/div>\n\n\n\n<div class=\"wp-block-media-text alignwide has-media-on-the-right is-stacked-on-mobile\"><figure class=\"wp-block-media-text__media\"><img loading=\"lazy\" decoding=\"async\" width=\"384\" height=\"47\" src=\"https:\/\/thecamels.org\/wp-content\/uploads\/2020\/05\/more-content.png\" alt=\"Agencja Copywriterska - More-Content.pl\" class=\"wp-image-13762 size-full\" srcset=\"https:\/\/thecamels.org\/wp-content\/uploads\/2020\/05\/more-content.png 384w, https:\/\/thecamels.org\/wp-content\/uploads\/2020\/05\/more-content-300x37.png 300w, https:\/\/thecamels.org\/wp-content\/uploads\/2020\/05\/more-content-130x16.png 130w\" sizes=\"auto, (max-width: 384px) 100vw, 384px\" \/><\/figure><div class=\"wp-block-media-text__content\">\n<h2 class=\"wp-block-heading\">More Content<\/h2>\n\n\n\n<p>Start building your personal brand using the potential of content marketing. More-Content.pl Copywriters&#8217; Agency will complete your order in a short time. It will produce any type of text &#8211; from short descriptions of services or products to complex specialist content. Don&#8217;t you know what kind of texts to choose? It is no problem, you can count on professional help and advice from the agency.<\/p>\n\n\n\n<h3 class=\"wp-block-heading\">Bonus: 7% discount on first order<\/h3>\n\n\n\n<h4 class=\"wp-block-heading\">How do I get a bonus?<\/h4>\n\n\n\n<ol class=\"wp-block-list\"><li>Create an account in our <a target=\"_blank\" rel=\"noopener noreferrer\" href=\"https:\/\/panel.thecamels.org\/clientarea.php?language=english\"><span>Customer Panel<\/span><\/a>.<\/li><li>Go to <a target=\"_blank\" rel=\"noopener noreferrer\" href=\"https:\/\/more-content.pl\/\" target=\"_blank\" rel=\"noreferrer noopener nofollow\"><span>More-Content.pl<\/span><\/a> page fill in the contact form, in the message content please enter the discount code <strong>THECAMELS<\/strong>.<\/li><\/ol>\n<\/div><\/div>\n","protected":false},"excerpt":{"rendered":"<p>For each of our clients we have prepared, together with our partners, numerous bonuses for additional services, which will make your business more attractive. Brand 24 Discover what people are saying online about your brand &#8211; as it unfolds in real time. Brand24 gives you instant access to mentions about your brand across the web,&hellip;<\/p>\n","protected":false},"author":1,"featured_media":16133,"parent":0,"menu_order":7,"comment_status":"closed","ping_status":"closed","template":"","meta":{"_acf_changed":false,"footnotes":""},"class_list":["post-8973","page","type-page","status-publish","has-post-thumbnail","hentry"],"acf":[],"yoast_head":"<!-- This site is optimized with the Yoast SEO plugin v27.3 - https:\/\/yoast.com\/product\/yoast-seo-wordpress\/ -->\n<title>Bonuses - Thecamels.org<\/title>\n<meta name=\"description\" content=\"For each of our clients we have prepared, together with our partners, numerous bonuses for additional services, which will make your business more attractive.\" \/>\n<meta name=\"robots\" content=\"index, follow, max-snippet:-1, max-image-preview:large, max-video-preview:-1\" \/>\n<link rel=\"canonical\" href=\"https:\/\/thecamels.org\/en\/bonuses\/\" \/>\n<meta property=\"og:locale\" content=\"en_US\" \/>\n<meta property=\"og:type\" content=\"article\" \/>\n<meta property=\"og:title\" content=\"Bonuses - Thecamels.org\" \/>\n<meta property=\"og:description\" content=\"For each of our clients we have prepared, together with our partners, numerous bonuses for additional services, which will make your business more attractive.\" \/>\n<meta property=\"og:url\" content=\"https:\/\/thecamels.org\/en\/bonuses\/?utm_source=dark&amp;utm_medium=social&amp;utm_campaign=open-graph\" \/>\n<meta property=\"og:site_name\" content=\"Thecamels.org\" \/>\n<meta property=\"article:publisher\" content=\"https:\/\/www.facebook.com\/thecamels.org\/\" \/>\n<meta property=\"article:modified_time\" content=\"2021-08-30T06:21:04+00:00\" \/>\n<meta property=\"og:image\" content=\"https:\/\/thecamels.org\/wp-content\/uploads\/2020\/12\/bonuses.png\" \/>\n\t<meta property=\"og:image:width\" content=\"1200\" \/>\n\t<meta property=\"og:image:height\" content=\"627\" \/>\n\t<meta property=\"og:image:type\" content=\"image\/png\" \/>\n<meta name=\"twitter:card\" content=\"summary_large_image\" \/>\n<meta name=\"twitter:site\" content=\"@thecamelsorg\" \/>\n<meta name=\"twitter:label1\" content=\"Est. reading time\" \/>\n\t<meta name=\"twitter:data1\" content=\"4 minutes\" \/>\n<script type=\"application\/ld+json\" class=\"yoast-schema-graph\">{\"@context\":\"https:\\\/\\\/schema.org\",\"@graph\":[{\"@type\":\"WebPage\",\"@id\":\"https:\\\/\\\/thecamels.org\\\/en\\\/bonuses\\\/\",\"url\":\"https:\\\/\\\/thecamels.org\\\/en\\\/bonuses\\\/\",\"name\":\"Bonuses - Thecamels.org\",\"isPartOf\":{\"@id\":\"https:\\\/\\\/thecamels.org\\\/en\\\/#website\"},\"primaryImageOfPage\":{\"@id\":\"https:\\\/\\\/thecamels.org\\\/en\\\/bonuses\\\/#primaryimage\"},\"image\":{\"@id\":\"https:\\\/\\\/thecamels.org\\\/en\\\/bonuses\\\/#primaryimage\"},\"thumbnailUrl\":\"https:\\\/\\\/thecamels.org\\\/wp-content\\\/uploads\\\/2020\\\/12\\\/bonuses.png\",\"datePublished\":\"2019-02-08T12:17:10+00:00\",\"dateModified\":\"2021-08-30T06:21:04+00:00\",\"description\":\"For each of our clients we have prepared, together with our partners, numerous bonuses for additional services, which will make your business more attractive.\",\"breadcrumb\":{\"@id\":\"https:\\\/\\\/thecamels.org\\\/en\\\/bonuses\\\/#breadcrumb\"},\"inLanguage\":\"en-US\",\"potentialAction\":[{\"@type\":\"ReadAction\",\"target\":[\"https:\\\/\\\/thecamels.org\\\/en\\\/bonuses\\\/\"]}]},{\"@type\":\"ImageObject\",\"inLanguage\":\"en-US\",\"@id\":\"https:\\\/\\\/thecamels.org\\\/en\\\/bonuses\\\/#primaryimage\",\"url\":\"https:\\\/\\\/thecamels.org\\\/wp-content\\\/uploads\\\/2020\\\/12\\\/bonuses.png\",\"contentUrl\":\"https:\\\/\\\/thecamels.org\\\/wp-content\\\/uploads\\\/2020\\\/12\\\/bonuses.png\",\"width\":1200,\"height\":627,\"caption\":\"Bonuses\"},{\"@type\":\"BreadcrumbList\",\"@id\":\"https:\\\/\\\/thecamels.org\\\/en\\\/bonuses\\\/#breadcrumb\",\"itemListElement\":[{\"@type\":\"ListItem\",\"position\":1,\"name\":\"[HOME]\",\"item\":\"https:\\\/\\\/thecamels.org\\\/en\\\/\"},{\"@type\":\"ListItem\",\"position\":2,\"name\":\"Bonuses\"}]},{\"@type\":\"WebSite\",\"@id\":\"https:\\\/\\\/thecamels.org\\\/en\\\/#website\",\"url\":\"https:\\\/\\\/thecamels.org\\\/en\\\/\",\"name\":\"Thecamels.org\",\"description\":\"Hosting SSD NVMe z certyfikatem SSL i HTTP\\\/2. Administracja serwerami, skalowanie infrastruktury. Mamy g\u0142ow\u0119 do serwer\u00f3w i zadbamy o Twoj\u0105 stron\u0119 w sieci.\",\"publisher\":{\"@id\":\"https:\\\/\\\/thecamels.org\\\/en\\\/#organization\"},\"potentialAction\":[{\"@type\":\"SearchAction\",\"target\":{\"@type\":\"EntryPoint\",\"urlTemplate\":\"https:\\\/\\\/thecamels.org\\\/en\\\/?s={search_term_string}\"},\"query-input\":{\"@type\":\"PropertyValueSpecification\",\"valueRequired\":true,\"valueName\":\"search_term_string\"}}],\"inLanguage\":\"en-US\"},{\"@type\":\"Organization\",\"@id\":\"https:\\\/\\\/thecamels.org\\\/en\\\/#organization\",\"name\":\"Thecamels\",\"url\":\"https:\\\/\\\/thecamels.org\\\/en\\\/\",\"logo\":{\"@type\":\"ImageObject\",\"inLanguage\":\"en-US\",\"@id\":\"https:\\\/\\\/thecamels.org\\\/en\\\/#\\\/schema\\\/logo\\\/image\\\/\",\"url\":\"https:\\\/\\\/thecamels.org\\\/wp-content\\\/uploads\\\/2018\\\/09\\\/TC-logo-nowe.png\",\"contentUrl\":\"https:\\\/\\\/thecamels.org\\\/wp-content\\\/uploads\\\/2018\\\/09\\\/TC-logo-nowe.png\",\"width\":826,\"height\":106,\"caption\":\"Thecamels\"},\"image\":{\"@id\":\"https:\\\/\\\/thecamels.org\\\/en\\\/#\\\/schema\\\/logo\\\/image\\\/\"},\"sameAs\":[\"https:\\\/\\\/www.facebook.com\\\/thecamels.org\\\/\",\"https:\\\/\\\/x.com\\\/thecamelsorg\",\"https:\\\/\\\/www.linkedin.com\\\/company\\\/the-camels\",\"https:\\\/\\\/www.youtube.com\\\/channel\\\/UC01xYBZbIAApTuPWuqgGE4Q\"]}]}<\/script>\n<!-- \/ Yoast SEO plugin. -->","yoast_head_json":{"title":"Bonuses - Thecamels.org","description":"For each of our clients we have prepared, together with our partners, numerous bonuses for additional services, which will make your business more attractive.","robots":{"index":"index","follow":"follow","max-snippet":"max-snippet:-1","max-image-preview":"max-image-preview:large","max-video-preview":"max-video-preview:-1"},"canonical":"https:\/\/thecamels.org\/en\/bonuses\/","og_locale":"en_US","og_type":"article","og_title":"Bonuses - Thecamels.org","og_description":"For each of our clients we have prepared, together with our partners, numerous bonuses for additional services, which will make your business more attractive.","og_url":"https:\/\/thecamels.org\/en\/bonuses\/?utm_source=dark&utm_medium=social&utm_campaign=open-graph","og_site_name":"Thecamels.org","article_publisher":"https:\/\/www.facebook.com\/thecamels.org\/","article_modified_time":"2021-08-30T06:21:04+00:00","og_image":[{"width":1200,"height":627,"url":"https:\/\/thecamels.org\/wp-content\/uploads\/2020\/12\/bonuses.png","type":"image\/png"}],"twitter_card":"summary_large_image","twitter_site":"@thecamelsorg","twitter_misc":{"Est. reading time":"4 minutes"},"schema":{"@context":"https:\/\/schema.org","@graph":[{"@type":"WebPage","@id":"https:\/\/thecamels.org\/en\/bonuses\/","url":"https:\/\/thecamels.org\/en\/bonuses\/","name":"Bonuses - Thecamels.org","isPartOf":{"@id":"https:\/\/thecamels.org\/en\/#website"},"primaryImageOfPage":{"@id":"https:\/\/thecamels.org\/en\/bonuses\/#primaryimage"},"image":{"@id":"https:\/\/thecamels.org\/en\/bonuses\/#primaryimage"},"thumbnailUrl":"https:\/\/thecamels.org\/wp-content\/uploads\/2020\/12\/bonuses.png","datePublished":"2019-02-08T12:17:10+00:00","dateModified":"2021-08-30T06:21:04+00:00","description":"For each of our clients we have prepared, together with our partners, numerous bonuses for additional services, which will make your business more attractive.","breadcrumb":{"@id":"https:\/\/thecamels.org\/en\/bonuses\/#breadcrumb"},"inLanguage":"en-US","potentialAction":[{"@type":"ReadAction","target":["https:\/\/thecamels.org\/en\/bonuses\/"]}]},{"@type":"ImageObject","inLanguage":"en-US","@id":"https:\/\/thecamels.org\/en\/bonuses\/#primaryimage","url":"https:\/\/thecamels.org\/wp-content\/uploads\/2020\/12\/bonuses.png","contentUrl":"https:\/\/thecamels.org\/wp-content\/uploads\/2020\/12\/bonuses.png","width":1200,"height":627,"caption":"Bonuses"},{"@type":"BreadcrumbList","@id":"https:\/\/thecamels.org\/en\/bonuses\/#breadcrumb","itemListElement":[{"@type":"ListItem","position":1,"name":"[HOME]","item":"https:\/\/thecamels.org\/en\/"},{"@type":"ListItem","position":2,"name":"Bonuses"}]},{"@type":"WebSite","@id":"https:\/\/thecamels.org\/en\/#website","url":"https:\/\/thecamels.org\/en\/","name":"Thecamels.org","description":"Hosting SSD NVMe z certyfikatem SSL i HTTP\/2. Administracja serwerami, skalowanie infrastruktury. Mamy g\u0142ow\u0119 do serwer\u00f3w i zadbamy o Twoj\u0105 stron\u0119 w sieci.","publisher":{"@id":"https:\/\/thecamels.org\/en\/#organization"},"potentialAction":[{"@type":"SearchAction","target":{"@type":"EntryPoint","urlTemplate":"https:\/\/thecamels.org\/en\/?s={search_term_string}"},"query-input":{"@type":"PropertyValueSpecification","valueRequired":true,"valueName":"search_term_string"}}],"inLanguage":"en-US"},{"@type":"Organization","@id":"https:\/\/thecamels.org\/en\/#organization","name":"Thecamels","url":"https:\/\/thecamels.org\/en\/","logo":{"@type":"ImageObject","inLanguage":"en-US","@id":"https:\/\/thecamels.org\/en\/#\/schema\/logo\/image\/","url":"https:\/\/thecamels.org\/wp-content\/uploads\/2018\/09\/TC-logo-nowe.png","contentUrl":"https:\/\/thecamels.org\/wp-content\/uploads\/2018\/09\/TC-logo-nowe.png","width":826,"height":106,"caption":"Thecamels"},"image":{"@id":"https:\/\/thecamels.org\/en\/#\/schema\/logo\/image\/"},"sameAs":["https:\/\/www.facebook.com\/thecamels.org\/","https:\/\/x.com\/thecamelsorg","https:\/\/www.linkedin.com\/company\/the-camels","https:\/\/www.youtube.com\/channel\/UC01xYBZbIAApTuPWuqgGE4Q"]}]}},"_links":{"self":[{"href":"https:\/\/thecamels.org\/en\/wp-json\/wp\/v2\/pages\/8973","targetHints":{"allow":["GET"]}}],"collection":[{"href":"https:\/\/thecamels.org\/en\/wp-json\/wp\/v2\/pages"}],"about":[{"href":"https:\/\/thecamels.org\/en\/wp-json\/wp\/v2\/types\/page"}],"author":[{"embeddable":true,"href":"https:\/\/thecamels.org\/en\/wp-json\/wp\/v2\/users\/1"}],"replies":[{"embeddable":true,"href":"https:\/\/thecamels.org\/en\/wp-json\/wp\/v2\/comments?post=8973"}],"version-history":[{"count":4,"href":"https:\/\/thecamels.org\/en\/wp-json\/wp\/v2\/pages\/8973\/revisions"}],"predecessor-version":[{"id":26692,"href":"https:\/\/thecamels.org\/en\/wp-json\/wp\/v2\/pages\/8973\/revisions\/26692"}],"wp:featuredmedia":[{"embeddable":true,"href":"https:\/\/thecamels.org\/en\/wp-json\/wp\/v2\/media\/16133"}],"wp:attachment":[{"href":"https:\/\/thecamels.org\/en\/wp-json\/wp\/v2\/media?parent=8973"}],"curies":[{"name":"wp","href":"https:\/\/api.w.org\/{rel}","templated":true}]}}